{"id":3815,"date":"2013-07-03T10:28:35","date_gmt":"2013-07-03T08:28:35","guid":{"rendered":"http:\/\/metalco-mobiliar.cz\/news\/?post_type=product&#038;p=3815"},"modified":"2023-03-22T21:15:28","modified_gmt":"2023-03-22T20:15:28","slug":"perla-c-q","status":"publish","type":"product","link":"https:\/\/metalco-mobiliar.cz\/en\/prodotti-en\/perla-c-q\/","title":{"rendered":"PERLA C, Q TREE-GRILLES"},"content":{"rendered":"<p style=\"text-align: justify\">Tree-grilles made from decorated and shaped steel sheet with reinforcements. They are available in three circular versions and three square versions, in different sizes. For each version, you can request the corresponding counter-frame in steel.<\/p>\n<p>POWDER COATED STEEL OR CORTEN STEEL OR STAINLESS STEEL<\/p>\n<p>FIXINGS: BELOW GROUND INSTALLATION + FREE STANDING<\/p>\n<p>Dimensions:<br \/>\n<strong>PERLA C<\/strong><br \/>\n\u00d8 500 mm \u00d8 990 mm H 35 mm<br \/>\n\u00d8 500 mm \u00d8 1190 mm H 35 mm<br \/>\n\u00d8 800 mm \u00d8 1440 mm H 35 mm<\/p>\n<p><strong>PERLA Q<\/strong><br \/>\n\u00d8 500 mm L 990 mm H 35 mm<br \/>\n\u00d8 500 mm L 1190 mm H 35 mm<br \/>\n\u00d8 800 mm L 1440 mm H 35 mm<br \/>\n\u00d8 800 mm L 1990 mm H 35 mm<\/p>\n","protected":false},"excerpt":{"rendered":"<p>Tree-grilles made from decorated and shaped steel sheet with reinforcements. They are available in three circular versions and three square versions, in different sizes. For each version, you can request the corresponding counter-frame in steel. POWDER COATED STEEL OR CORTEN STEEL OR STAINLESS STEEL FIXINGS: BELOW GROUND INSTALLATION + FREE STANDING Dimensions: PERLA C \u00d8 [&hellip;]<\/p>\n","protected":false},"featured_media":2241,"comment_status":"open","ping_status":"closed","template":"","meta":{"_acf_changed":false},"product_cat":[347],"product_tag":[],"class_list":{"0":"post-3815","1":"product","2":"type-product","3":"status-publish","4":"has-post-thumbnail","6":"product_cat-planters-waterfountains-tree-grilles","7":"pa_designers-raffaele-lazzari-en","8":"pa_material-corten-steel","9":"pa_material-powder-coated-steel","10":"pa_material-stainless-steel","11":"collezioni-stile-en","12":"catalogo-catalogue-stile-2025","14":"first","15":"instock","16":"shipping-taxable","17":"product-type-simple"},"acf":[],"yoast_head":"<!-- This site is optimized with the Yoast SEO plugin v23.2 - https:\/\/yoast.com\/wordpress\/plugins\/seo\/ -->\n<title>PERLA C, Q TREE-GRILLES - Metalco Mobiliar<\/title>\n<meta name=\"robots\" content=\"index, follow, max-snippet:-1, max-image-preview:large, max-video-preview:-1\" \/>\n<link rel=\"canonical\" href=\"https:\/\/metalco-mobiliar.cz\/en\/prodotti-en\/perla-c-q\/\" \/>\n<meta property=\"og:locale\" content=\"en_US\" \/>\n<meta property=\"og:type\" content=\"article\" \/>\n<meta property=\"og:title\" content=\"PERLA C, Q TREE-GRILLES - Metalco Mobiliar\" \/>\n<meta property=\"og:description\" content=\"Tree-grilles made from decorated and shaped steel sheet with reinforcements. They are available in three circular versions and three square versions, in different sizes. For each version, you can request the corresponding counter-frame in steel. POWDER COATED STEEL OR CORTEN STEEL OR STAINLESS STEEL FIXINGS: BELOW GROUND INSTALLATION + FREE STANDING Dimensions: PERLA C \u00d8 [&hellip;]\" \/>\n<meta property=\"og:url\" content=\"https:\/\/metalco-mobiliar.cz\/en\/prodotti-en\/perla-c-q\/\" \/>\n<meta property=\"og:site_name\" content=\"Metalco Mobiliar\" \/>\n<meta property=\"article:modified_time\" content=\"2023-03-22T20:15:28+00:00\" \/>\n<meta property=\"og:image\" content=\"https:\/\/metalco-mobiliar.cz\/news\/wp-content\/uploads\/2013\/07\/PERLA-C.jpg\" \/>\n\t<meta property=\"og:image:width\" content=\"200\" \/>\n\t<meta property=\"og:image:height\" content=\"200\" \/>\n\t<meta property=\"og:image:type\" content=\"image\/jpeg\" \/>\n<script type=\"application\/ld+json\" class=\"yoast-schema-graph\">{\"@context\":\"https:\/\/schema.org\",\"@graph\":[{\"@type\":\"WebPage\",\"@id\":\"https:\/\/metalco-mobiliar.cz\/en\/prodotti-en\/perla-c-q\/\",\"url\":\"https:\/\/metalco-mobiliar.cz\/en\/prodotti-en\/perla-c-q\/\",\"name\":\"PERLA C, Q TREE-GRILLES - Metalco Mobiliar\",\"isPartOf\":{\"@id\":\"https:\/\/metalco-mobiliar.cz\/#website\"},\"primaryImageOfPage\":{\"@id\":\"https:\/\/metalco-mobiliar.cz\/en\/prodotti-en\/perla-c-q\/#primaryimage\"},\"image\":{\"@id\":\"https:\/\/metalco-mobiliar.cz\/en\/prodotti-en\/perla-c-q\/#primaryimage\"},\"thumbnailUrl\":\"https:\/\/metalco-mobiliar.cz\/news\/wp-content\/uploads\/2013\/07\/PERLA-C.jpg\",\"datePublished\":\"2013-07-03T08:28:35+00:00\",\"dateModified\":\"2023-03-22T20:15:28+00:00\",\"breadcrumb\":{\"@id\":\"https:\/\/metalco-mobiliar.cz\/en\/prodotti-en\/perla-c-q\/#breadcrumb\"},\"inLanguage\":\"en-US\",\"potentialAction\":[{\"@type\":\"ReadAction\",\"target\":[\"https:\/\/metalco-mobiliar.cz\/en\/prodotti-en\/perla-c-q\/\"]}]},{\"@type\":\"ImageObject\",\"inLanguage\":\"en-US\",\"@id\":\"https:\/\/metalco-mobiliar.cz\/en\/prodotti-en\/perla-c-q\/#primaryimage\",\"url\":\"https:\/\/metalco-mobiliar.cz\/news\/wp-content\/uploads\/2013\/07\/PERLA-C.jpg\",\"contentUrl\":\"https:\/\/metalco-mobiliar.cz\/news\/wp-content\/uploads\/2013\/07\/PERLA-C.jpg\",\"width\":200,\"height\":200},{\"@type\":\"BreadcrumbList\",\"@id\":\"https:\/\/metalco-mobiliar.cz\/en\/prodotti-en\/perla-c-q\/#breadcrumb\",\"itemListElement\":[{\"@type\":\"ListItem\",\"position\":1,\"name\":\"Home\",\"item\":\"https:\/\/metalco-mobiliar.cz\/en\/\"},{\"@type\":\"ListItem\",\"position\":2,\"name\":\"PERLA C, Q TREE-GRILLES\"}]},{\"@type\":\"WebSite\",\"@id\":\"https:\/\/metalco-mobiliar.cz\/#website\",\"url\":\"https:\/\/metalco-mobiliar.cz\/\",\"name\":\"Metalco \u2013 m\u011bstsk\u00fd mobili\u00e1\u0159\",\"description\":\"M\u011bstsk\u00fd mobili\u00e1\u0159 Metalco\",\"potentialAction\":[{\"@type\":\"SearchAction\",\"target\":{\"@type\":\"EntryPoint\",\"urlTemplate\":\"https:\/\/metalco-mobiliar.cz\/?s={search_term_string}\"},\"query-input\":\"required name=search_term_string\"}],\"inLanguage\":\"en-US\"}]}<\/script>\n<!-- \/ Yoast SEO plugin. -->","yoast_head_json":{"title":"PERLA C, Q TREE-GRILLES - Metalco Mobiliar","robots":{"index":"index","follow":"follow","max-snippet":"max-snippet:-1","max-image-preview":"max-image-preview:large","max-video-preview":"max-video-preview:-1"},"canonical":"https:\/\/metalco-mobiliar.cz\/en\/prodotti-en\/perla-c-q\/","og_locale":"en_US","og_type":"article","og_title":"PERLA C, Q TREE-GRILLES - Metalco Mobiliar","og_description":"Tree-grilles made from decorated and shaped steel sheet with reinforcements. They are available in three circular versions and three square versions, in different sizes. For each version, you can request the corresponding counter-frame in steel. POWDER COATED STEEL OR CORTEN STEEL OR STAINLESS STEEL FIXINGS: BELOW GROUND INSTALLATION + FREE STANDING Dimensions: PERLA C \u00d8 [&hellip;]","og_url":"https:\/\/metalco-mobiliar.cz\/en\/prodotti-en\/perla-c-q\/","og_site_name":"Metalco Mobiliar","article_modified_time":"2023-03-22T20:15:28+00:00","og_image":[{"width":200,"height":200,"url":"https:\/\/metalco-mobiliar.cz\/news\/wp-content\/uploads\/2013\/07\/PERLA-C.jpg","type":"image\/jpeg"}],"schema":{"@context":"https:\/\/schema.org","@graph":[{"@type":"WebPage","@id":"https:\/\/metalco-mobiliar.cz\/en\/prodotti-en\/perla-c-q\/","url":"https:\/\/metalco-mobiliar.cz\/en\/prodotti-en\/perla-c-q\/","name":"PERLA C, Q TREE-GRILLES - Metalco Mobiliar","isPartOf":{"@id":"https:\/\/metalco-mobiliar.cz\/#website"},"primaryImageOfPage":{"@id":"https:\/\/metalco-mobiliar.cz\/en\/prodotti-en\/perla-c-q\/#primaryimage"},"image":{"@id":"https:\/\/metalco-mobiliar.cz\/en\/prodotti-en\/perla-c-q\/#primaryimage"},"thumbnailUrl":"https:\/\/metalco-mobiliar.cz\/news\/wp-content\/uploads\/2013\/07\/PERLA-C.jpg","datePublished":"2013-07-03T08:28:35+00:00","dateModified":"2023-03-22T20:15:28+00:00","breadcrumb":{"@id":"https:\/\/metalco-mobiliar.cz\/en\/prodotti-en\/perla-c-q\/#breadcrumb"},"inLanguage":"en-US","potentialAction":[{"@type":"ReadAction","target":["https:\/\/metalco-mobiliar.cz\/en\/prodotti-en\/perla-c-q\/"]}]},{"@type":"ImageObject","inLanguage":"en-US","@id":"https:\/\/metalco-mobiliar.cz\/en\/prodotti-en\/perla-c-q\/#primaryimage","url":"https:\/\/metalco-mobiliar.cz\/news\/wp-content\/uploads\/2013\/07\/PERLA-C.jpg","contentUrl":"https:\/\/metalco-mobiliar.cz\/news\/wp-content\/uploads\/2013\/07\/PERLA-C.jpg","width":200,"height":200},{"@type":"BreadcrumbList","@id":"https:\/\/metalco-mobiliar.cz\/en\/prodotti-en\/perla-c-q\/#breadcrumb","itemListElement":[{"@type":"ListItem","position":1,"name":"Home","item":"https:\/\/metalco-mobiliar.cz\/en\/"},{"@type":"ListItem","position":2,"name":"PERLA C, Q TREE-GRILLES"}]},{"@type":"WebSite","@id":"https:\/\/metalco-mobiliar.cz\/#website","url":"https:\/\/metalco-mobiliar.cz\/","name":"Metalco \u2013 m\u011bstsk\u00fd mobili\u00e1\u0159","description":"M\u011bstsk\u00fd mobili\u00e1\u0159 Metalco","potentialAction":[{"@type":"SearchAction","target":{"@type":"EntryPoint","urlTemplate":"https:\/\/metalco-mobiliar.cz\/?s={search_term_string}"},"query-input":"required name=search_term_string"}],"inLanguage":"en-US"}]}},"_links":{"self":[{"href":"https:\/\/metalco-mobiliar.cz\/en\/wp-json\/wp\/v2\/product\/3815"}],"collection":[{"href":"https:\/\/metalco-mobiliar.cz\/en\/wp-json\/wp\/v2\/product"}],"about":[{"href":"https:\/\/metalco-mobiliar.cz\/en\/wp-json\/wp\/v2\/types\/product"}],"replies":[{"embeddable":true,"href":"https:\/\/metalco-mobiliar.cz\/en\/wp-json\/wp\/v2\/comments?post=3815"}],"wp:featuredmedia":[{"embeddable":true,"href":"https:\/\/metalco-mobiliar.cz\/en\/wp-json\/wp\/v2\/media\/2241"}],"wp:attachment":[{"href":"https:\/\/metalco-mobiliar.cz\/en\/wp-json\/wp\/v2\/media?parent=3815"}],"wp:term":[{"taxonomy":"product_cat","embeddable":true,"href":"https:\/\/metalco-mobiliar.cz\/en\/wp-json\/wp\/v2\/product_cat?post=3815"},{"taxonomy":"product_tag","embeddable":true,"href":"https:\/\/metalco-mobiliar.cz\/en\/wp-json\/wp\/v2\/product_tag?post=3815"}],"curies":[{"name":"wp","href":"https:\/\/api.w.org\/{rel}","templated":true}]}}