{"id":3817,"date":"2013-07-08T17:00:56","date_gmt":"2013-07-08T15:00:56","guid":{"rendered":"http:\/\/metalco-mobiliar.cz\/news\/?post_type=product&#038;p=3817"},"modified":"2023-03-25T21:15:23","modified_gmt":"2023-03-25T20:15:23","slug":"anastasio-makatite-realgar-benches","status":"publish","type":"product","link":"https:\/\/metalco-mobiliar.cz\/en\/prodotti-en\/anastasio-makatite-realgar-benches\/","title":{"rendered":"ANASTASIO, MAKATITE, REALGAR BENCHES"},"content":{"rendered":"<p>technical development executive:<br \/>\nStefano Alonzi, Gaetano De Napoli, Adriano Venudo, Valter Tronchin<\/p>\n<p>Collection of modular benches in PDM (Reconstituted Stones), available in three versions. Anastasio is a monolithic seat with inclined sides. Makatite is a monolithic seat, equipped with a backrest. Realgar is a monolithic seat, equipped with a platform.<br \/>\nThe benches can be installed individually or in composition.<\/p>\n<p>Fixing: Freestanding<\/p>\n<p>ANASTASIO ACCESSORIES<\/p>\n<p>Backrest made of laser cut steel sheet with geometric patterns, available in linear or inclined version, depending on the side of its position on the monolith, or in wood with steel tube support brackets.<\/p>\n<p>Fixing: Pre-drilled for anchors<\/p>\n<p>Dimensions and weight:<br \/>\n<strong>ANASTASIO<\/strong><br \/>\n2000&#215;556 mm H 450 mm 1020&nbsp;kg<br \/>\n<strong>MAKATITE<\/strong><br \/>\n2000&#215;771 mm H 974 mm h 450 mm 1500&nbsp;kg<br \/>\n<strong>REALGAR<\/strong><br \/>\n2000&#215;1097 mm H 550 mm h 450 mm 1500&nbsp;kg<\/p>\n","protected":false},"excerpt":{"rendered":"<p>technical development executive: Stefano Alonzi, Gaetano De Napoli, Adriano Venudo, Valter Tronchin Collection of modular benches in PDM (Reconstituted Stones), available in three versions. Anastasio is a monolithic seat with inclined sides. Makatite is a monolithic seat, equipped with a backrest. Realgar is a monolithic seat, equipped with a platform. The benches can be installed [&hellip;]<\/p>\n","protected":false},"featured_media":1347,"comment_status":"open","ping_status":"closed","template":"","meta":{"_acf_changed":false},"product_cat":[882,345],"product_tag":[],"class_list":{"0":"post-3817","1":"product","2":"type-product","3":"status-publish","4":"has-post-thumbnail","6":"product_cat-molecular-concrete-en","7":"product_cat-seats-benches","8":"pa_designers-adriano-venudo-en","9":"pa_designers-valter-tronchin-en","10":"pa_material-reconstituted-stones","11":"collezioni-stile-en","12":"catalogo-catalogue-stile-2025","14":"first","15":"instock","16":"shipping-taxable","17":"product-type-simple"},"acf":[],"yoast_head":"<!-- This site is optimized with the Yoast SEO plugin v23.2 - https:\/\/yoast.com\/wordpress\/plugins\/seo\/ -->\n<title>Anastasio, Makatite, Realgar panchine spazi pubblici - Metalco<\/title>\n<meta name=\"robots\" content=\"index, follow, max-snippet:-1, max-image-preview:large, max-video-preview:-1\" \/>\n<link rel=\"canonical\" href=\"https:\/\/metalco-mobiliar.cz\/en\/prodotti-en\/anastasio-makatite-realgar-benches\/\" \/>\n<meta property=\"og:locale\" content=\"en_US\" \/>\n<meta property=\"og:type\" content=\"article\" \/>\n<meta property=\"og:title\" content=\"Anastasio, Makatite, Realgar panchine spazi pubblici - Metalco\" \/>\n<meta property=\"og:description\" content=\"technical development executive: Stefano Alonzi, Gaetano De Napoli, Adriano Venudo, Valter Tronchin Collection of modular benches in PDM (Reconstituted Stones), available in three versions. Anastasio is a monolithic seat with inclined sides. Makatite is a monolithic seat, equipped with a backrest. Realgar is a monolithic seat, equipped with a platform. The benches can be installed [&hellip;]\" \/>\n<meta property=\"og:url\" content=\"https:\/\/metalco-mobiliar.cz\/en\/prodotti-en\/anastasio-makatite-realgar-benches\/\" \/>\n<meta property=\"og:site_name\" content=\"Metalco Mobiliar\" \/>\n<meta property=\"article:modified_time\" content=\"2023-03-25T20:15:23+00:00\" \/>\n<meta property=\"og:image\" content=\"https:\/\/metalco-mobiliar.cz\/news\/wp-content\/uploads\/2013\/07\/panchina-anastasio.jpg\" \/>\n\t<meta property=\"og:image:width\" content=\"200\" \/>\n\t<meta property=\"og:image:height\" content=\"200\" \/>\n\t<meta property=\"og:image:type\" content=\"image\/jpeg\" \/>\n<meta name=\"twitter:label1\" content=\"Est. reading time\" \/>\n\t<meta name=\"twitter:data1\" content=\"1 minute\" \/>\n<script type=\"application\/ld+json\" class=\"yoast-schema-graph\">{\"@context\":\"https:\/\/schema.org\",\"@graph\":[{\"@type\":\"WebPage\",\"@id\":\"https:\/\/metalco-mobiliar.cz\/en\/prodotti-en\/anastasio-makatite-realgar-benches\/\",\"url\":\"https:\/\/metalco-mobiliar.cz\/en\/prodotti-en\/anastasio-makatite-realgar-benches\/\",\"name\":\"Anastasio, Makatite, Realgar panchine spazi pubblici - Metalco\",\"isPartOf\":{\"@id\":\"https:\/\/metalco-mobiliar.cz\/#website\"},\"primaryImageOfPage\":{\"@id\":\"https:\/\/metalco-mobiliar.cz\/en\/prodotti-en\/anastasio-makatite-realgar-benches\/#primaryimage\"},\"image\":{\"@id\":\"https:\/\/metalco-mobiliar.cz\/en\/prodotti-en\/anastasio-makatite-realgar-benches\/#primaryimage\"},\"thumbnailUrl\":\"https:\/\/metalco-mobiliar.cz\/news\/wp-content\/uploads\/2013\/07\/panchina-anastasio.jpg\",\"datePublished\":\"2013-07-08T15:00:56+00:00\",\"dateModified\":\"2023-03-25T20:15:23+00:00\",\"breadcrumb\":{\"@id\":\"https:\/\/metalco-mobiliar.cz\/en\/prodotti-en\/anastasio-makatite-realgar-benches\/#breadcrumb\"},\"inLanguage\":\"en-US\",\"potentialAction\":[{\"@type\":\"ReadAction\",\"target\":[\"https:\/\/metalco-mobiliar.cz\/en\/prodotti-en\/anastasio-makatite-realgar-benches\/\"]}]},{\"@type\":\"ImageObject\",\"inLanguage\":\"en-US\",\"@id\":\"https:\/\/metalco-mobiliar.cz\/en\/prodotti-en\/anastasio-makatite-realgar-benches\/#primaryimage\",\"url\":\"https:\/\/metalco-mobiliar.cz\/news\/wp-content\/uploads\/2013\/07\/panchina-anastasio.jpg\",\"contentUrl\":\"https:\/\/metalco-mobiliar.cz\/news\/wp-content\/uploads\/2013\/07\/panchina-anastasio.jpg\",\"width\":200,\"height\":200},{\"@type\":\"BreadcrumbList\",\"@id\":\"https:\/\/metalco-mobiliar.cz\/en\/prodotti-en\/anastasio-makatite-realgar-benches\/#breadcrumb\",\"itemListElement\":[{\"@type\":\"ListItem\",\"position\":1,\"name\":\"Home\",\"item\":\"https:\/\/metalco-mobiliar.cz\/en\/\"},{\"@type\":\"ListItem\",\"position\":2,\"name\":\"ANASTASIO, MAKATITE, REALGAR BENCHES\"}]},{\"@type\":\"WebSite\",\"@id\":\"https:\/\/metalco-mobiliar.cz\/#website\",\"url\":\"https:\/\/metalco-mobiliar.cz\/\",\"name\":\"Metalco \u2013 m\u011bstsk\u00fd mobili\u00e1\u0159\",\"description\":\"M\u011bstsk\u00fd mobili\u00e1\u0159 Metalco\",\"potentialAction\":[{\"@type\":\"SearchAction\",\"target\":{\"@type\":\"EntryPoint\",\"urlTemplate\":\"https:\/\/metalco-mobiliar.cz\/?s={search_term_string}\"},\"query-input\":\"required name=search_term_string\"}],\"inLanguage\":\"en-US\"}]}<\/script>\n<!-- \/ Yoast SEO plugin. -->","yoast_head_json":{"title":"Anastasio, Makatite, Realgar panchine spazi pubblici - Metalco","robots":{"index":"index","follow":"follow","max-snippet":"max-snippet:-1","max-image-preview":"max-image-preview:large","max-video-preview":"max-video-preview:-1"},"canonical":"https:\/\/metalco-mobiliar.cz\/en\/prodotti-en\/anastasio-makatite-realgar-benches\/","og_locale":"en_US","og_type":"article","og_title":"Anastasio, Makatite, Realgar panchine spazi pubblici - Metalco","og_description":"technical development executive: Stefano Alonzi, Gaetano De Napoli, Adriano Venudo, Valter Tronchin Collection of modular benches in PDM (Reconstituted Stones), available in three versions. Anastasio is a monolithic seat with inclined sides. Makatite is a monolithic seat, equipped with a backrest. Realgar is a monolithic seat, equipped with a platform. The benches can be installed [&hellip;]","og_url":"https:\/\/metalco-mobiliar.cz\/en\/prodotti-en\/anastasio-makatite-realgar-benches\/","og_site_name":"Metalco Mobiliar","article_modified_time":"2023-03-25T20:15:23+00:00","og_image":[{"width":200,"height":200,"url":"https:\/\/metalco-mobiliar.cz\/news\/wp-content\/uploads\/2013\/07\/panchina-anastasio.jpg","type":"image\/jpeg"}],"twitter_misc":{"Est. reading time":"1 minute"},"schema":{"@context":"https:\/\/schema.org","@graph":[{"@type":"WebPage","@id":"https:\/\/metalco-mobiliar.cz\/en\/prodotti-en\/anastasio-makatite-realgar-benches\/","url":"https:\/\/metalco-mobiliar.cz\/en\/prodotti-en\/anastasio-makatite-realgar-benches\/","name":"Anastasio, Makatite, Realgar panchine spazi pubblici - Metalco","isPartOf":{"@id":"https:\/\/metalco-mobiliar.cz\/#website"},"primaryImageOfPage":{"@id":"https:\/\/metalco-mobiliar.cz\/en\/prodotti-en\/anastasio-makatite-realgar-benches\/#primaryimage"},"image":{"@id":"https:\/\/metalco-mobiliar.cz\/en\/prodotti-en\/anastasio-makatite-realgar-benches\/#primaryimage"},"thumbnailUrl":"https:\/\/metalco-mobiliar.cz\/news\/wp-content\/uploads\/2013\/07\/panchina-anastasio.jpg","datePublished":"2013-07-08T15:00:56+00:00","dateModified":"2023-03-25T20:15:23+00:00","breadcrumb":{"@id":"https:\/\/metalco-mobiliar.cz\/en\/prodotti-en\/anastasio-makatite-realgar-benches\/#breadcrumb"},"inLanguage":"en-US","potentialAction":[{"@type":"ReadAction","target":["https:\/\/metalco-mobiliar.cz\/en\/prodotti-en\/anastasio-makatite-realgar-benches\/"]}]},{"@type":"ImageObject","inLanguage":"en-US","@id":"https:\/\/metalco-mobiliar.cz\/en\/prodotti-en\/anastasio-makatite-realgar-benches\/#primaryimage","url":"https:\/\/metalco-mobiliar.cz\/news\/wp-content\/uploads\/2013\/07\/panchina-anastasio.jpg","contentUrl":"https:\/\/metalco-mobiliar.cz\/news\/wp-content\/uploads\/2013\/07\/panchina-anastasio.jpg","width":200,"height":200},{"@type":"BreadcrumbList","@id":"https:\/\/metalco-mobiliar.cz\/en\/prodotti-en\/anastasio-makatite-realgar-benches\/#breadcrumb","itemListElement":[{"@type":"ListItem","position":1,"name":"Home","item":"https:\/\/metalco-mobiliar.cz\/en\/"},{"@type":"ListItem","position":2,"name":"ANASTASIO, MAKATITE, REALGAR BENCHES"}]},{"@type":"WebSite","@id":"https:\/\/metalco-mobiliar.cz\/#website","url":"https:\/\/metalco-mobiliar.cz\/","name":"Metalco \u2013 m\u011bstsk\u00fd mobili\u00e1\u0159","description":"M\u011bstsk\u00fd mobili\u00e1\u0159 Metalco","potentialAction":[{"@type":"SearchAction","target":{"@type":"EntryPoint","urlTemplate":"https:\/\/metalco-mobiliar.cz\/?s={search_term_string}"},"query-input":"required name=search_term_string"}],"inLanguage":"en-US"}]}},"_links":{"self":[{"href":"https:\/\/metalco-mobiliar.cz\/en\/wp-json\/wp\/v2\/product\/3817"}],"collection":[{"href":"https:\/\/metalco-mobiliar.cz\/en\/wp-json\/wp\/v2\/product"}],"about":[{"href":"https:\/\/metalco-mobiliar.cz\/en\/wp-json\/wp\/v2\/types\/product"}],"replies":[{"embeddable":true,"href":"https:\/\/metalco-mobiliar.cz\/en\/wp-json\/wp\/v2\/comments?post=3817"}],"wp:featuredmedia":[{"embeddable":true,"href":"https:\/\/metalco-mobiliar.cz\/en\/wp-json\/wp\/v2\/media\/1347"}],"wp:attachment":[{"href":"https:\/\/metalco-mobiliar.cz\/en\/wp-json\/wp\/v2\/media?parent=3817"}],"wp:term":[{"taxonomy":"product_cat","embeddable":true,"href":"https:\/\/metalco-mobiliar.cz\/en\/wp-json\/wp\/v2\/product_cat?post=3817"},{"taxonomy":"product_tag","embeddable":true,"href":"https:\/\/metalco-mobiliar.cz\/en\/wp-json\/wp\/v2\/product_tag?post=3817"}],"curies":[{"name":"wp","href":"https:\/\/api.w.org\/{rel}","templated":true}]}}