{"id":3820,"date":"2013-07-02T17:22:53","date_gmt":"2013-07-02T15:22:53","guid":{"rendered":"http:\/\/metalco-mobiliar.cz\/news\/?post_type=product&#038;p=3820"},"modified":"2024-01-11T13:55:31","modified_gmt":"2024-01-11T12:55:31","slug":"i-box-seats","status":"publish","type":"product","link":"https:\/\/metalco-mobiliar.cz\/en\/prodotti-en\/i-box-seats\/","title":{"rendered":"I-BOX SEATS"},"content":{"rendered":"<div class=\"product_description\">\n<p>Collection of modular monolithic seats, without backrest, made of HPC (High Performance Concrete), partially emptied inside, with recess at the base. The following modules are available:<br \/>\n<strong>1D<\/strong>: cubic single module.<br \/>\n<strong>R1<\/strong> and <strong>R2<\/strong>: curved modules, that differ for the angle width.<br \/>\n<strong>4V<\/strong> and <strong>4VL<\/strong>: linear modules, that differ for the length.<br \/>\n<strong>4Y<\/strong>: Y-shaped module.<br \/>\nThe seats can be installed individually or in composition.<\/p>\n<p><strong>Dimensions and weight:<\/strong><br \/>\n<strong>R1<\/strong><br \/>\n1680&#215;768 mm Ri 600 mm H 440 mm 590&nbsp;kg<br \/>\n<strong>R2<\/strong><br \/>\n2050&#215;775 Ri 2100 mm H 440 mm 760&nbsp;kg<br \/>\n<strong>1D<\/strong><br \/>\n600&#215;600 mm H 440 mm 310&nbsp;kg<br \/>\n<strong>4V<\/strong><br \/>\n2300&#215;600 mm H 440 mm 970&nbsp;kg<br \/>\n<strong>4VL<\/strong><br \/>\n3000&#215;600 mm H 440 mm 1245&nbsp;kg<br \/>\n<strong>Y<\/strong><br \/>\n1969&#215;1689 mm H 440 mm 1050&nbsp;kg<\/p>\n<p><strong>Fixing:<\/strong> Freestanding<\/p>\n<p><strong>Accessories:<\/strong> LED lighting<\/p>\n<\/div>\n<p>&nbsp;<\/p>\n","protected":false},"excerpt":{"rendered":"<p>Collection of modular monolithic seats, without backrest, made of HPC (High Performance Concrete), partially emptied inside, with recess at the base. The following modules are available: 1D: cubic single module. R1 and R2: curved modules, that differ for the angle width. 4V and 4VL: linear modules, that differ for the length. 4Y: Y-shaped module. The [&hellip;]<\/p>\n","protected":false},"featured_media":4285,"comment_status":"open","ping_status":"closed","template":"","meta":{"_acf_changed":false},"product_cat":[882,345],"product_tag":[],"class_list":{"0":"post-3820","1":"product","2":"type-product","3":"status-publish","4":"has-post-thumbnail","6":"product_cat-molecular-concrete-en","7":"product_cat-seats-benches","8":"pa_designers-pio-tito-toso-2","9":"pa_material-hpc","10":"collezioni-stile-en","11":"catalogo-catalogue-stile-2025","13":"first","14":"instock","15":"shipping-taxable","16":"product-type-simple"},"acf":[],"yoast_head":"<!-- This site is optimized with the Yoast SEO plugin v23.2 - https:\/\/yoast.com\/wordpress\/plugins\/seo\/ -->\n<title>iBox Sedute moderne Collection of modular elements made entirely out in HPC - Metalco<\/title>\n<meta name=\"description\" content=\"Sedute moderne, componibili Metalco, interamente in granito o pietra di marmo ricostituiti. Scopri i nostri prodotti per outdoor!\" \/>\n<meta name=\"robots\" content=\"index, follow, max-snippet:-1, max-image-preview:large, max-video-preview:-1\" \/>\n<link rel=\"canonical\" href=\"https:\/\/metalco-mobiliar.cz\/en\/prodotti-en\/i-box-seats\/\" \/>\n<meta property=\"og:locale\" content=\"en_US\" \/>\n<meta property=\"og:type\" content=\"article\" \/>\n<meta property=\"og:title\" content=\"iBox Sedute moderne Collection of modular elements made entirely out in HPC - Metalco\" \/>\n<meta property=\"og:description\" content=\"Sedute moderne, componibili Metalco, interamente in granito o pietra di marmo ricostituiti. Scopri i nostri prodotti per outdoor!\" \/>\n<meta property=\"og:url\" content=\"https:\/\/metalco-mobiliar.cz\/en\/prodotti-en\/i-box-seats\/\" \/>\n<meta property=\"og:site_name\" content=\"Metalco Mobiliar\" \/>\n<meta property=\"article:modified_time\" content=\"2024-01-11T12:55:31+00:00\" \/>\n<meta property=\"og:image\" content=\"https:\/\/metalco-mobiliar.cz\/news\/wp-content\/uploads\/2013\/07\/iBOX1.jpg\" \/>\n\t<meta property=\"og:image:width\" content=\"200\" \/>\n\t<meta property=\"og:image:height\" content=\"200\" \/>\n\t<meta property=\"og:image:type\" content=\"image\/jpeg\" \/>\n<meta name=\"twitter:label1\" content=\"Est. reading time\" \/>\n\t<meta name=\"twitter:data1\" content=\"1 minute\" \/>\n<script type=\"application\/ld+json\" class=\"yoast-schema-graph\">{\"@context\":\"https:\/\/schema.org\",\"@graph\":[{\"@type\":\"WebPage\",\"@id\":\"https:\/\/metalco-mobiliar.cz\/en\/prodotti-en\/i-box-seats\/\",\"url\":\"https:\/\/metalco-mobiliar.cz\/en\/prodotti-en\/i-box-seats\/\",\"name\":\"iBox Sedute moderne Collection of modular elements made entirely out in HPC - Metalco\",\"isPartOf\":{\"@id\":\"https:\/\/metalco-mobiliar.cz\/#website\"},\"primaryImageOfPage\":{\"@id\":\"https:\/\/metalco-mobiliar.cz\/en\/prodotti-en\/i-box-seats\/#primaryimage\"},\"image\":{\"@id\":\"https:\/\/metalco-mobiliar.cz\/en\/prodotti-en\/i-box-seats\/#primaryimage\"},\"thumbnailUrl\":\"https:\/\/metalco-mobiliar.cz\/news\/wp-content\/uploads\/2013\/07\/iBOX1.jpg\",\"datePublished\":\"2013-07-02T15:22:53+00:00\",\"dateModified\":\"2024-01-11T12:55:31+00:00\",\"description\":\"Sedute moderne, componibili Metalco, interamente in granito o pietra di marmo ricostituiti. Scopri i nostri prodotti per outdoor!\",\"breadcrumb\":{\"@id\":\"https:\/\/metalco-mobiliar.cz\/en\/prodotti-en\/i-box-seats\/#breadcrumb\"},\"inLanguage\":\"en-US\",\"potentialAction\":[{\"@type\":\"ReadAction\",\"target\":[\"https:\/\/metalco-mobiliar.cz\/en\/prodotti-en\/i-box-seats\/\"]}]},{\"@type\":\"ImageObject\",\"inLanguage\":\"en-US\",\"@id\":\"https:\/\/metalco-mobiliar.cz\/en\/prodotti-en\/i-box-seats\/#primaryimage\",\"url\":\"https:\/\/metalco-mobiliar.cz\/news\/wp-content\/uploads\/2013\/07\/iBOX1.jpg\",\"contentUrl\":\"https:\/\/metalco-mobiliar.cz\/news\/wp-content\/uploads\/2013\/07\/iBOX1.jpg\",\"width\":200,\"height\":200},{\"@type\":\"BreadcrumbList\",\"@id\":\"https:\/\/metalco-mobiliar.cz\/en\/prodotti-en\/i-box-seats\/#breadcrumb\",\"itemListElement\":[{\"@type\":\"ListItem\",\"position\":1,\"name\":\"Home\",\"item\":\"https:\/\/metalco-mobiliar.cz\/en\/\"},{\"@type\":\"ListItem\",\"position\":2,\"name\":\"I-BOX SEATS\"}]},{\"@type\":\"WebSite\",\"@id\":\"https:\/\/metalco-mobiliar.cz\/#website\",\"url\":\"https:\/\/metalco-mobiliar.cz\/\",\"name\":\"Metalco \u2013 m\u011bstsk\u00fd mobili\u00e1\u0159\",\"description\":\"M\u011bstsk\u00fd mobili\u00e1\u0159 Metalco\",\"potentialAction\":[{\"@type\":\"SearchAction\",\"target\":{\"@type\":\"EntryPoint\",\"urlTemplate\":\"https:\/\/metalco-mobiliar.cz\/?s={search_term_string}\"},\"query-input\":\"required name=search_term_string\"}],\"inLanguage\":\"en-US\"}]}<\/script>\n<!-- \/ Yoast SEO plugin. -->","yoast_head_json":{"title":"iBox Sedute moderne Collection of modular elements made entirely out in HPC - Metalco","description":"Sedute moderne, componibili Metalco, interamente in granito o pietra di marmo ricostituiti. Scopri i nostri prodotti per outdoor!","robots":{"index":"index","follow":"follow","max-snippet":"max-snippet:-1","max-image-preview":"max-image-preview:large","max-video-preview":"max-video-preview:-1"},"canonical":"https:\/\/metalco-mobiliar.cz\/en\/prodotti-en\/i-box-seats\/","og_locale":"en_US","og_type":"article","og_title":"iBox Sedute moderne Collection of modular elements made entirely out in HPC - Metalco","og_description":"Sedute moderne, componibili Metalco, interamente in granito o pietra di marmo ricostituiti. Scopri i nostri prodotti per outdoor!","og_url":"https:\/\/metalco-mobiliar.cz\/en\/prodotti-en\/i-box-seats\/","og_site_name":"Metalco Mobiliar","article_modified_time":"2024-01-11T12:55:31+00:00","og_image":[{"width":200,"height":200,"url":"https:\/\/metalco-mobiliar.cz\/news\/wp-content\/uploads\/2013\/07\/iBOX1.jpg","type":"image\/jpeg"}],"twitter_misc":{"Est. reading time":"1 minute"},"schema":{"@context":"https:\/\/schema.org","@graph":[{"@type":"WebPage","@id":"https:\/\/metalco-mobiliar.cz\/en\/prodotti-en\/i-box-seats\/","url":"https:\/\/metalco-mobiliar.cz\/en\/prodotti-en\/i-box-seats\/","name":"iBox Sedute moderne Collection of modular elements made entirely out in HPC - Metalco","isPartOf":{"@id":"https:\/\/metalco-mobiliar.cz\/#website"},"primaryImageOfPage":{"@id":"https:\/\/metalco-mobiliar.cz\/en\/prodotti-en\/i-box-seats\/#primaryimage"},"image":{"@id":"https:\/\/metalco-mobiliar.cz\/en\/prodotti-en\/i-box-seats\/#primaryimage"},"thumbnailUrl":"https:\/\/metalco-mobiliar.cz\/news\/wp-content\/uploads\/2013\/07\/iBOX1.jpg","datePublished":"2013-07-02T15:22:53+00:00","dateModified":"2024-01-11T12:55:31+00:00","description":"Sedute moderne, componibili Metalco, interamente in granito o pietra di marmo ricostituiti. Scopri i nostri prodotti per outdoor!","breadcrumb":{"@id":"https:\/\/metalco-mobiliar.cz\/en\/prodotti-en\/i-box-seats\/#breadcrumb"},"inLanguage":"en-US","potentialAction":[{"@type":"ReadAction","target":["https:\/\/metalco-mobiliar.cz\/en\/prodotti-en\/i-box-seats\/"]}]},{"@type":"ImageObject","inLanguage":"en-US","@id":"https:\/\/metalco-mobiliar.cz\/en\/prodotti-en\/i-box-seats\/#primaryimage","url":"https:\/\/metalco-mobiliar.cz\/news\/wp-content\/uploads\/2013\/07\/iBOX1.jpg","contentUrl":"https:\/\/metalco-mobiliar.cz\/news\/wp-content\/uploads\/2013\/07\/iBOX1.jpg","width":200,"height":200},{"@type":"BreadcrumbList","@id":"https:\/\/metalco-mobiliar.cz\/en\/prodotti-en\/i-box-seats\/#breadcrumb","itemListElement":[{"@type":"ListItem","position":1,"name":"Home","item":"https:\/\/metalco-mobiliar.cz\/en\/"},{"@type":"ListItem","position":2,"name":"I-BOX SEATS"}]},{"@type":"WebSite","@id":"https:\/\/metalco-mobiliar.cz\/#website","url":"https:\/\/metalco-mobiliar.cz\/","name":"Metalco \u2013 m\u011bstsk\u00fd mobili\u00e1\u0159","description":"M\u011bstsk\u00fd mobili\u00e1\u0159 Metalco","potentialAction":[{"@type":"SearchAction","target":{"@type":"EntryPoint","urlTemplate":"https:\/\/metalco-mobiliar.cz\/?s={search_term_string}"},"query-input":"required name=search_term_string"}],"inLanguage":"en-US"}]}},"_links":{"self":[{"href":"https:\/\/metalco-mobiliar.cz\/en\/wp-json\/wp\/v2\/product\/3820"}],"collection":[{"href":"https:\/\/metalco-mobiliar.cz\/en\/wp-json\/wp\/v2\/product"}],"about":[{"href":"https:\/\/metalco-mobiliar.cz\/en\/wp-json\/wp\/v2\/types\/product"}],"replies":[{"embeddable":true,"href":"https:\/\/metalco-mobiliar.cz\/en\/wp-json\/wp\/v2\/comments?post=3820"}],"wp:featuredmedia":[{"embeddable":true,"href":"https:\/\/metalco-mobiliar.cz\/en\/wp-json\/wp\/v2\/media\/4285"}],"wp:attachment":[{"href":"https:\/\/metalco-mobiliar.cz\/en\/wp-json\/wp\/v2\/media?parent=3820"}],"wp:term":[{"taxonomy":"product_cat","embeddable":true,"href":"https:\/\/metalco-mobiliar.cz\/en\/wp-json\/wp\/v2\/product_cat?post=3820"},{"taxonomy":"product_tag","embeddable":true,"href":"https:\/\/metalco-mobiliar.cz\/en\/wp-json\/wp\/v2\/product_tag?post=3820"}],"curies":[{"name":"wp","href":"https:\/\/api.w.org\/{rel}","templated":true}]}}