{"id":3828,"date":"2013-07-01T16:40:48","date_gmt":"2013-07-01T14:40:48","guid":{"rendered":"http:\/\/metalco-mobiliar.cz\/news\/?post_type=product&#038;p=3828"},"modified":"2023-08-21T09:04:46","modified_gmt":"2023-08-21T07:04:46","slug":"big-harris-panchine-spazi-pubblici","status":"publish","type":"product","link":"https:\/\/metalco-mobiliar.cz\/en\/prodotti-en\/big-harris-panchine-spazi-pubblici\/","title":{"rendered":"BIG HARRIS COLLECTION OF BENCHES"},"content":{"rendered":"<div class=\"product_description\">\n<p>Collection of benches, without backrest, composed of steel supports, a double perimeter frame in wood, a seat, made of full lenght wooden slats (version B) or staggered joints (version A). Four different lengths are available.<\/p>\n<p>Fixing: Pre-drilled for anchors<\/p>\n<p>See also projects:<\/p>\n<p><a href=\"https:\/\/www.metalco.it\/progetti\/bath-spa-university\/?lang=en\">\u2013 Universit\u00e0 Bath Spa \u2013 Regno Unito<\/a><\/p>\n<p><a href=\"https:\/\/www.metalco.it\/?post_type=progetti&amp;p=13515&amp;lang=en\">\u2013 Shoppinn Outlet Brugnato 5 Terre \u2013 Italia<\/a><\/p>\n<p><a href=\"https:\/\/www.metalco.it\/?post_type=progetti&amp;p=11072&amp;lang=en\">\u2013 FMZ L\u00f6wenpark Melk \u2013 Austria<\/a><\/p>\n<p>\u2013\u00a0<a href=\"https:\/\/www.metalco.it\/progetti\/big-harris-bench-musiktheater-linz\/?lang=en\">Musiktheater Linz \u2013 Austria<\/a><\/p>\n<p><a href=\"https:\/\/www.metalco.it\/?post_type=progetti&amp;p=9567&amp;lang=en\">\u2013 Comune di Firenze \u2013 Italia<\/a><\/p>\n<p><a href=\"https:\/\/www.metalco.it\/progetti\/luino\/?lang=en\">\u2013 Luino Lago Maggiore \u2013 Italia<\/a><\/p>\n<\/div>\n<div class=\"more_description\">\n<p>The whole collection (HARRIS, BIG HARRIS, HARRIS ISOLA) can be chosen:<br \/>\n<strong>wooden boards with staggered joints (version A<\/strong>) o\u00a0<strong>full length wooden boards<\/strong><strong>\u00a0(version B)<\/strong><\/p>\n<p><a href=\"http:\/\/www.metalco.it\/site2016\/wp-content\/uploads\/2013\/07\/HARRIS-WOOD.png\"><img loading=\"lazy\" decoding=\"async\" class=\"alignnone wp-image-29032\" src=\"http:\/\/www.metalco.it\/site2016\/wp-content\/uploads\/2013\/07\/HARRIS-WOOD.png\" alt=\"HARRIS WOOD\" width=\"429\" height=\"355\" \/><\/a><\/p>\n<\/div>\n<p style=\"text-align: justify;\"><strong>Dimensions and weight:<\/strong><br \/>\nBH 1076<br \/>\n1076&#215;794 mm H 420 mm 96&nbsp;kg<br \/>\nBH 2076<br \/>\n2076&#215;794 mm H 420 mm 145&nbsp;kg<br \/>\nBH 3076<br \/>\n3076&#215;794 mm H 420 mm 197&nbsp;kg<br \/>\nBH 4076<br \/>\n4076&#215;794 mm H 420 mm 253&nbsp;kg<\/p>\n","protected":false},"excerpt":{"rendered":"<p>Collection of benches, without backrest, composed of steel supports, a double perimeter frame in wood, a seat, made of full lenght wooden slats (version B) or staggered joints (version A). Four different lengths are available. Fixing: Pre-drilled for anchors See also projects: \u2013 Universit\u00e0 Bath Spa \u2013 Regno Unito \u2013 Shoppinn Outlet Brugnato 5 Terre [&hellip;]<\/p>\n","protected":false},"featured_media":24301,"comment_status":"open","ping_status":"closed","template":"","meta":{"_acf_changed":false},"product_cat":[345],"product_tag":[567,566,565],"class_list":{"0":"post-3828","1":"product","2":"type-product","3":"status-publish","4":"has-post-thumbnail","6":"product_cat-seats-benches","7":"product_tag-bench-without-backrest","8":"product_tag-modular-seating","9":"product_tag-seats-with-backrest","10":"pa_designers-sjit-en","11":"pa_material-corten-steel","12":"pa_material-powder-coated-steel","13":"pa_material-wood","14":"collezioni-stile-en","15":"catalogo-catalogue-stile-2025","17":"first","18":"instock","19":"shipping-taxable","20":"product-type-simple"},"acf":[],"yoast_head":"<!-- This site is optimized with the Yoast SEO plugin v23.2 - https:\/\/yoast.com\/wordpress\/plugins\/seo\/ -->\n<title>Panchine spazi pubblici Big Harris - Metalco<\/title>\n<meta name=\"robots\" content=\"index, follow, max-snippet:-1, max-image-preview:large, max-video-preview:-1\" \/>\n<link rel=\"canonical\" href=\"https:\/\/metalco-mobiliar.cz\/en\/prodotti-en\/big-harris-panchine-spazi-pubblici\/\" \/>\n<meta property=\"og:locale\" content=\"en_US\" \/>\n<meta property=\"og:type\" content=\"article\" \/>\n<meta property=\"og:title\" content=\"Panchine spazi pubblici Big Harris - Metalco\" \/>\n<meta property=\"og:description\" content=\"Collection of benches, without backrest, composed of steel supports, a double perimeter frame in wood, a seat, made of full lenght wooden slats (version B) or staggered joints (version A). Four different lengths are available. Fixing: Pre-drilled for anchors See also projects: \u2013 Universit\u00e0 Bath Spa \u2013 Regno Unito \u2013 Shoppinn Outlet Brugnato 5 Terre [&hellip;]\" \/>\n<meta property=\"og:url\" content=\"https:\/\/metalco-mobiliar.cz\/en\/prodotti-en\/big-harris-panchine-spazi-pubblici\/\" \/>\n<meta property=\"og:site_name\" content=\"Metalco Mobiliar\" \/>\n<meta property=\"article:modified_time\" content=\"2023-08-21T07:04:46+00:00\" \/>\n<meta property=\"og:image\" content=\"https:\/\/metalco-mobiliar.cz\/news\/wp-content\/uploads\/2013\/07\/panchina-big-harris1.jpg\" \/>\n\t<meta property=\"og:image:width\" content=\"200\" \/>\n\t<meta property=\"og:image:height\" content=\"200\" \/>\n\t<meta property=\"og:image:type\" content=\"image\/jpeg\" \/>\n<meta name=\"twitter:label1\" content=\"Est. reading time\" \/>\n\t<meta name=\"twitter:data1\" content=\"1 minute\" \/>\n<script type=\"application\/ld+json\" class=\"yoast-schema-graph\">{\"@context\":\"https:\/\/schema.org\",\"@graph\":[{\"@type\":\"WebPage\",\"@id\":\"https:\/\/metalco-mobiliar.cz\/en\/prodotti-en\/big-harris-panchine-spazi-pubblici\/\",\"url\":\"https:\/\/metalco-mobiliar.cz\/en\/prodotti-en\/big-harris-panchine-spazi-pubblici\/\",\"name\":\"Panchine spazi pubblici Big Harris - Metalco\",\"isPartOf\":{\"@id\":\"https:\/\/metalco-mobiliar.cz\/#website\"},\"primaryImageOfPage\":{\"@id\":\"https:\/\/metalco-mobiliar.cz\/en\/prodotti-en\/big-harris-panchine-spazi-pubblici\/#primaryimage\"},\"image\":{\"@id\":\"https:\/\/metalco-mobiliar.cz\/en\/prodotti-en\/big-harris-panchine-spazi-pubblici\/#primaryimage\"},\"thumbnailUrl\":\"https:\/\/metalco-mobiliar.cz\/news\/wp-content\/uploads\/2013\/07\/panchina-big-harris1.jpg\",\"datePublished\":\"2013-07-01T14:40:48+00:00\",\"dateModified\":\"2023-08-21T07:04:46+00:00\",\"breadcrumb\":{\"@id\":\"https:\/\/metalco-mobiliar.cz\/en\/prodotti-en\/big-harris-panchine-spazi-pubblici\/#breadcrumb\"},\"inLanguage\":\"en-US\",\"potentialAction\":[{\"@type\":\"ReadAction\",\"target\":[\"https:\/\/metalco-mobiliar.cz\/en\/prodotti-en\/big-harris-panchine-spazi-pubblici\/\"]}]},{\"@type\":\"ImageObject\",\"inLanguage\":\"en-US\",\"@id\":\"https:\/\/metalco-mobiliar.cz\/en\/prodotti-en\/big-harris-panchine-spazi-pubblici\/#primaryimage\",\"url\":\"https:\/\/metalco-mobiliar.cz\/news\/wp-content\/uploads\/2013\/07\/panchina-big-harris1.jpg\",\"contentUrl\":\"https:\/\/metalco-mobiliar.cz\/news\/wp-content\/uploads\/2013\/07\/panchina-big-harris1.jpg\",\"width\":200,\"height\":200},{\"@type\":\"BreadcrumbList\",\"@id\":\"https:\/\/metalco-mobiliar.cz\/en\/prodotti-en\/big-harris-panchine-spazi-pubblici\/#breadcrumb\",\"itemListElement\":[{\"@type\":\"ListItem\",\"position\":1,\"name\":\"Home\",\"item\":\"https:\/\/metalco-mobiliar.cz\/en\/\"},{\"@type\":\"ListItem\",\"position\":2,\"name\":\"BIG HARRIS COLLECTION OF BENCHES\"}]},{\"@type\":\"WebSite\",\"@id\":\"https:\/\/metalco-mobiliar.cz\/#website\",\"url\":\"https:\/\/metalco-mobiliar.cz\/\",\"name\":\"Metalco \u2013 m\u011bstsk\u00fd mobili\u00e1\u0159\",\"description\":\"M\u011bstsk\u00fd mobili\u00e1\u0159 Metalco\",\"potentialAction\":[{\"@type\":\"SearchAction\",\"target\":{\"@type\":\"EntryPoint\",\"urlTemplate\":\"https:\/\/metalco-mobiliar.cz\/?s={search_term_string}\"},\"query-input\":\"required name=search_term_string\"}],\"inLanguage\":\"en-US\"}]}<\/script>\n<!-- \/ Yoast SEO plugin. -->","yoast_head_json":{"title":"Panchine spazi pubblici Big Harris - Metalco","robots":{"index":"index","follow":"follow","max-snippet":"max-snippet:-1","max-image-preview":"max-image-preview:large","max-video-preview":"max-video-preview:-1"},"canonical":"https:\/\/metalco-mobiliar.cz\/en\/prodotti-en\/big-harris-panchine-spazi-pubblici\/","og_locale":"en_US","og_type":"article","og_title":"Panchine spazi pubblici Big Harris - Metalco","og_description":"Collection of benches, without backrest, composed of steel supports, a double perimeter frame in wood, a seat, made of full lenght wooden slats (version B) or staggered joints (version A). Four different lengths are available. Fixing: Pre-drilled for anchors See also projects: \u2013 Universit\u00e0 Bath Spa \u2013 Regno Unito \u2013 Shoppinn Outlet Brugnato 5 Terre [&hellip;]","og_url":"https:\/\/metalco-mobiliar.cz\/en\/prodotti-en\/big-harris-panchine-spazi-pubblici\/","og_site_name":"Metalco Mobiliar","article_modified_time":"2023-08-21T07:04:46+00:00","og_image":[{"width":200,"height":200,"url":"https:\/\/metalco-mobiliar.cz\/news\/wp-content\/uploads\/2013\/07\/panchina-big-harris1.jpg","type":"image\/jpeg"}],"twitter_misc":{"Est. reading time":"1 minute"},"schema":{"@context":"https:\/\/schema.org","@graph":[{"@type":"WebPage","@id":"https:\/\/metalco-mobiliar.cz\/en\/prodotti-en\/big-harris-panchine-spazi-pubblici\/","url":"https:\/\/metalco-mobiliar.cz\/en\/prodotti-en\/big-harris-panchine-spazi-pubblici\/","name":"Panchine spazi pubblici Big Harris - Metalco","isPartOf":{"@id":"https:\/\/metalco-mobiliar.cz\/#website"},"primaryImageOfPage":{"@id":"https:\/\/metalco-mobiliar.cz\/en\/prodotti-en\/big-harris-panchine-spazi-pubblici\/#primaryimage"},"image":{"@id":"https:\/\/metalco-mobiliar.cz\/en\/prodotti-en\/big-harris-panchine-spazi-pubblici\/#primaryimage"},"thumbnailUrl":"https:\/\/metalco-mobiliar.cz\/news\/wp-content\/uploads\/2013\/07\/panchina-big-harris1.jpg","datePublished":"2013-07-01T14:40:48+00:00","dateModified":"2023-08-21T07:04:46+00:00","breadcrumb":{"@id":"https:\/\/metalco-mobiliar.cz\/en\/prodotti-en\/big-harris-panchine-spazi-pubblici\/#breadcrumb"},"inLanguage":"en-US","potentialAction":[{"@type":"ReadAction","target":["https:\/\/metalco-mobiliar.cz\/en\/prodotti-en\/big-harris-panchine-spazi-pubblici\/"]}]},{"@type":"ImageObject","inLanguage":"en-US","@id":"https:\/\/metalco-mobiliar.cz\/en\/prodotti-en\/big-harris-panchine-spazi-pubblici\/#primaryimage","url":"https:\/\/metalco-mobiliar.cz\/news\/wp-content\/uploads\/2013\/07\/panchina-big-harris1.jpg","contentUrl":"https:\/\/metalco-mobiliar.cz\/news\/wp-content\/uploads\/2013\/07\/panchina-big-harris1.jpg","width":200,"height":200},{"@type":"BreadcrumbList","@id":"https:\/\/metalco-mobiliar.cz\/en\/prodotti-en\/big-harris-panchine-spazi-pubblici\/#breadcrumb","itemListElement":[{"@type":"ListItem","position":1,"name":"Home","item":"https:\/\/metalco-mobiliar.cz\/en\/"},{"@type":"ListItem","position":2,"name":"BIG HARRIS COLLECTION OF BENCHES"}]},{"@type":"WebSite","@id":"https:\/\/metalco-mobiliar.cz\/#website","url":"https:\/\/metalco-mobiliar.cz\/","name":"Metalco \u2013 m\u011bstsk\u00fd mobili\u00e1\u0159","description":"M\u011bstsk\u00fd mobili\u00e1\u0159 Metalco","potentialAction":[{"@type":"SearchAction","target":{"@type":"EntryPoint","urlTemplate":"https:\/\/metalco-mobiliar.cz\/?s={search_term_string}"},"query-input":"required name=search_term_string"}],"inLanguage":"en-US"}]}},"_links":{"self":[{"href":"https:\/\/metalco-mobiliar.cz\/en\/wp-json\/wp\/v2\/product\/3828"}],"collection":[{"href":"https:\/\/metalco-mobiliar.cz\/en\/wp-json\/wp\/v2\/product"}],"about":[{"href":"https:\/\/metalco-mobiliar.cz\/en\/wp-json\/wp\/v2\/types\/product"}],"replies":[{"embeddable":true,"href":"https:\/\/metalco-mobiliar.cz\/en\/wp-json\/wp\/v2\/comments?post=3828"}],"wp:featuredmedia":[{"embeddable":true,"href":"https:\/\/metalco-mobiliar.cz\/en\/wp-json\/wp\/v2\/media\/24301"}],"wp:attachment":[{"href":"https:\/\/metalco-mobiliar.cz\/en\/wp-json\/wp\/v2\/media?parent=3828"}],"wp:term":[{"taxonomy":"product_cat","embeddable":true,"href":"https:\/\/metalco-mobiliar.cz\/en\/wp-json\/wp\/v2\/product_cat?post=3828"},{"taxonomy":"product_tag","embeddable":true,"href":"https:\/\/metalco-mobiliar.cz\/en\/wp-json\/wp\/v2\/product_tag?post=3828"}],"curies":[{"name":"wp","href":"https:\/\/api.w.org\/{rel}","templated":true}]}}