{"id":3839,"date":"2013-07-02T10:59:35","date_gmt":"2013-07-02T08:59:35","guid":{"rendered":"http:\/\/metalco-mobiliar.cz\/news\/?post_type=product&#038;p=3839"},"modified":"2023-06-20T12:43:25","modified_gmt":"2023-06-20T10:43:25","slug":"spencer-q-e-r-t-cestini-metallo","status":"publish","type":"product","link":"https:\/\/metalco-mobiliar.cz\/en\/prodotti-en\/spencer-q-e-r-t-cestini-metallo\/","title":{"rendered":"SPENCER COLLECTION LITTER BINS"},"content":{"rendered":"<p><strong>Spencer: C \u2013 Q \u2013 E \u2013 R \u2013 T \u2013 TC \u2013 W<\/strong><\/p>\n<p>Litter bin in steel sheet with a cover with central hole for rubbish. The litter bin can be supplied with an ashtray. The cover can be opened and is equipped with Metalco\u2019s patented slam-lock. Available in various shapes: circular, truncatedpyramid, square, rectangular and elliptical.<\/p>\n<p><strong>Capacity:<\/strong><br \/>\nC 80 \/ 120 lt<br \/>\nQ 100 lt<br \/>\nE 75 lt<br \/>\nR 65 lt<br \/>\nT 90 lt<br \/>\nTC 80 lt<br \/>\nW 48 lt<\/p>\n<p>FIXINGS: PRE DRILLED FOR ANCHORS<\/p>\n","protected":false},"excerpt":{"rendered":"<p>Spencer: C \u2013 Q \u2013 E \u2013 R \u2013 T \u2013 TC \u2013 W Litter bin in steel sheet with a cover with central hole for rubbish. The litter bin can be supplied with an ashtray. The cover can be opened and is equipped with Metalco\u2019s patented slam-lock. Available in various shapes: circular, truncatedpyramid, square, [&hellip;]<\/p>\n","protected":false},"featured_media":1551,"comment_status":"open","ping_status":"closed","template":"","meta":{"_acf_changed":false},"product_cat":[698,388],"product_tag":[558,557],"class_list":{"0":"post-3839","1":"product","2":"type-product","3":"status-publish","4":"has-post-thumbnail","6":"product_cat-cestini-en","7":"product_cat-litter-bins","8":"product_tag-litter-bin-with-ashtray","9":"product_tag-litter-bin-with-hood","10":"pa_designers-alfredo-tasca-en","11":"pa_material-corten-steel","12":"pa_material-powder-coated-steel","13":"pa_material-stainless-steel","14":"pa_material-wood","15":"collezioni-stile-en","16":"catalogo-catalogue-stile-2025","18":"first","19":"instock","20":"shipping-taxable","21":"product-type-simple"},"acf":[],"yoast_head":"<!-- This site is optimized with the Yoast SEO plugin v23.2 - https:\/\/yoast.com\/wordpress\/plugins\/seo\/ -->\n<title>Spencer Q E R T cestini in metallo - Metalco<\/title>\n<meta name=\"description\" content=\"Cestin in metallo con coperchio in lamiera ribordata con foro centrale per l\u2019introduzione dei rifiuti. Guarda i nostri prodotti per la raccolta dei rifiuti.\" \/>\n<meta name=\"robots\" content=\"index, follow, max-snippet:-1, max-image-preview:large, max-video-preview:-1\" \/>\n<link rel=\"canonical\" href=\"https:\/\/metalco-mobiliar.cz\/en\/prodotti-en\/spencer-q-e-r-t-cestini-metallo\/\" \/>\n<meta property=\"og:locale\" content=\"en_US\" \/>\n<meta property=\"og:type\" content=\"article\" \/>\n<meta property=\"og:title\" content=\"Spencer Q E R T cestini in metallo - Metalco\" \/>\n<meta property=\"og:description\" content=\"Cestin in metallo con coperchio in lamiera ribordata con foro centrale per l\u2019introduzione dei rifiuti. Guarda i nostri prodotti per la raccolta dei rifiuti.\" \/>\n<meta property=\"og:url\" content=\"https:\/\/metalco-mobiliar.cz\/en\/prodotti-en\/spencer-q-e-r-t-cestini-metallo\/\" \/>\n<meta property=\"og:site_name\" content=\"Metalco Mobiliar\" \/>\n<meta property=\"article:modified_time\" content=\"2023-06-20T10:43:25+00:00\" \/>\n<meta property=\"og:image\" content=\"https:\/\/metalco-mobiliar.cz\/news\/wp-content\/uploads\/2013\/07\/Spencer.jpg\" \/>\n\t<meta property=\"og:image:width\" content=\"200\" \/>\n\t<meta property=\"og:image:height\" content=\"200\" \/>\n\t<meta property=\"og:image:type\" content=\"image\/jpeg\" \/>\n<script type=\"application\/ld+json\" class=\"yoast-schema-graph\">{\"@context\":\"https:\/\/schema.org\",\"@graph\":[{\"@type\":\"WebPage\",\"@id\":\"https:\/\/metalco-mobiliar.cz\/en\/prodotti-en\/spencer-q-e-r-t-cestini-metallo\/\",\"url\":\"https:\/\/metalco-mobiliar.cz\/en\/prodotti-en\/spencer-q-e-r-t-cestini-metallo\/\",\"name\":\"Spencer Q E R T cestini in metallo - Metalco\",\"isPartOf\":{\"@id\":\"https:\/\/metalco-mobiliar.cz\/#website\"},\"primaryImageOfPage\":{\"@id\":\"https:\/\/metalco-mobiliar.cz\/en\/prodotti-en\/spencer-q-e-r-t-cestini-metallo\/#primaryimage\"},\"image\":{\"@id\":\"https:\/\/metalco-mobiliar.cz\/en\/prodotti-en\/spencer-q-e-r-t-cestini-metallo\/#primaryimage\"},\"thumbnailUrl\":\"https:\/\/metalco-mobiliar.cz\/news\/wp-content\/uploads\/2013\/07\/Spencer.jpg\",\"datePublished\":\"2013-07-02T08:59:35+00:00\",\"dateModified\":\"2023-06-20T10:43:25+00:00\",\"description\":\"Cestin in metallo con coperchio in lamiera ribordata con foro centrale per l\u2019introduzione dei rifiuti. Guarda i nostri prodotti per la raccolta dei rifiuti.\",\"breadcrumb\":{\"@id\":\"https:\/\/metalco-mobiliar.cz\/en\/prodotti-en\/spencer-q-e-r-t-cestini-metallo\/#breadcrumb\"},\"inLanguage\":\"en-US\",\"potentialAction\":[{\"@type\":\"ReadAction\",\"target\":[\"https:\/\/metalco-mobiliar.cz\/en\/prodotti-en\/spencer-q-e-r-t-cestini-metallo\/\"]}]},{\"@type\":\"ImageObject\",\"inLanguage\":\"en-US\",\"@id\":\"https:\/\/metalco-mobiliar.cz\/en\/prodotti-en\/spencer-q-e-r-t-cestini-metallo\/#primaryimage\",\"url\":\"https:\/\/metalco-mobiliar.cz\/news\/wp-content\/uploads\/2013\/07\/Spencer.jpg\",\"contentUrl\":\"https:\/\/metalco-mobiliar.cz\/news\/wp-content\/uploads\/2013\/07\/Spencer.jpg\",\"width\":200,\"height\":200},{\"@type\":\"BreadcrumbList\",\"@id\":\"https:\/\/metalco-mobiliar.cz\/en\/prodotti-en\/spencer-q-e-r-t-cestini-metallo\/#breadcrumb\",\"itemListElement\":[{\"@type\":\"ListItem\",\"position\":1,\"name\":\"Home\",\"item\":\"https:\/\/metalco-mobiliar.cz\/en\/\"},{\"@type\":\"ListItem\",\"position\":2,\"name\":\"SPENCER COLLECTION LITTER BINS\"}]},{\"@type\":\"WebSite\",\"@id\":\"https:\/\/metalco-mobiliar.cz\/#website\",\"url\":\"https:\/\/metalco-mobiliar.cz\/\",\"name\":\"Metalco \u2013 m\u011bstsk\u00fd mobili\u00e1\u0159\",\"description\":\"M\u011bstsk\u00fd mobili\u00e1\u0159 Metalco\",\"potentialAction\":[{\"@type\":\"SearchAction\",\"target\":{\"@type\":\"EntryPoint\",\"urlTemplate\":\"https:\/\/metalco-mobiliar.cz\/?s={search_term_string}\"},\"query-input\":\"required name=search_term_string\"}],\"inLanguage\":\"en-US\"}]}<\/script>\n<!-- \/ Yoast SEO plugin. -->","yoast_head_json":{"title":"Spencer Q E R T cestini in metallo - Metalco","description":"Cestin in metallo con coperchio in lamiera ribordata con foro centrale per l\u2019introduzione dei rifiuti. Guarda i nostri prodotti per la raccolta dei rifiuti.","robots":{"index":"index","follow":"follow","max-snippet":"max-snippet:-1","max-image-preview":"max-image-preview:large","max-video-preview":"max-video-preview:-1"},"canonical":"https:\/\/metalco-mobiliar.cz\/en\/prodotti-en\/spencer-q-e-r-t-cestini-metallo\/","og_locale":"en_US","og_type":"article","og_title":"Spencer Q E R T cestini in metallo - Metalco","og_description":"Cestin in metallo con coperchio in lamiera ribordata con foro centrale per l\u2019introduzione dei rifiuti. Guarda i nostri prodotti per la raccolta dei rifiuti.","og_url":"https:\/\/metalco-mobiliar.cz\/en\/prodotti-en\/spencer-q-e-r-t-cestini-metallo\/","og_site_name":"Metalco Mobiliar","article_modified_time":"2023-06-20T10:43:25+00:00","og_image":[{"width":200,"height":200,"url":"https:\/\/metalco-mobiliar.cz\/news\/wp-content\/uploads\/2013\/07\/Spencer.jpg","type":"image\/jpeg"}],"schema":{"@context":"https:\/\/schema.org","@graph":[{"@type":"WebPage","@id":"https:\/\/metalco-mobiliar.cz\/en\/prodotti-en\/spencer-q-e-r-t-cestini-metallo\/","url":"https:\/\/metalco-mobiliar.cz\/en\/prodotti-en\/spencer-q-e-r-t-cestini-metallo\/","name":"Spencer Q E R T cestini in metallo - Metalco","isPartOf":{"@id":"https:\/\/metalco-mobiliar.cz\/#website"},"primaryImageOfPage":{"@id":"https:\/\/metalco-mobiliar.cz\/en\/prodotti-en\/spencer-q-e-r-t-cestini-metallo\/#primaryimage"},"image":{"@id":"https:\/\/metalco-mobiliar.cz\/en\/prodotti-en\/spencer-q-e-r-t-cestini-metallo\/#primaryimage"},"thumbnailUrl":"https:\/\/metalco-mobiliar.cz\/news\/wp-content\/uploads\/2013\/07\/Spencer.jpg","datePublished":"2013-07-02T08:59:35+00:00","dateModified":"2023-06-20T10:43:25+00:00","description":"Cestin in metallo con coperchio in lamiera ribordata con foro centrale per l\u2019introduzione dei rifiuti. Guarda i nostri prodotti per la raccolta dei rifiuti.","breadcrumb":{"@id":"https:\/\/metalco-mobiliar.cz\/en\/prodotti-en\/spencer-q-e-r-t-cestini-metallo\/#breadcrumb"},"inLanguage":"en-US","potentialAction":[{"@type":"ReadAction","target":["https:\/\/metalco-mobiliar.cz\/en\/prodotti-en\/spencer-q-e-r-t-cestini-metallo\/"]}]},{"@type":"ImageObject","inLanguage":"en-US","@id":"https:\/\/metalco-mobiliar.cz\/en\/prodotti-en\/spencer-q-e-r-t-cestini-metallo\/#primaryimage","url":"https:\/\/metalco-mobiliar.cz\/news\/wp-content\/uploads\/2013\/07\/Spencer.jpg","contentUrl":"https:\/\/metalco-mobiliar.cz\/news\/wp-content\/uploads\/2013\/07\/Spencer.jpg","width":200,"height":200},{"@type":"BreadcrumbList","@id":"https:\/\/metalco-mobiliar.cz\/en\/prodotti-en\/spencer-q-e-r-t-cestini-metallo\/#breadcrumb","itemListElement":[{"@type":"ListItem","position":1,"name":"Home","item":"https:\/\/metalco-mobiliar.cz\/en\/"},{"@type":"ListItem","position":2,"name":"SPENCER COLLECTION LITTER BINS"}]},{"@type":"WebSite","@id":"https:\/\/metalco-mobiliar.cz\/#website","url":"https:\/\/metalco-mobiliar.cz\/","name":"Metalco \u2013 m\u011bstsk\u00fd mobili\u00e1\u0159","description":"M\u011bstsk\u00fd mobili\u00e1\u0159 Metalco","potentialAction":[{"@type":"SearchAction","target":{"@type":"EntryPoint","urlTemplate":"https:\/\/metalco-mobiliar.cz\/?s={search_term_string}"},"query-input":"required name=search_term_string"}],"inLanguage":"en-US"}]}},"_links":{"self":[{"href":"https:\/\/metalco-mobiliar.cz\/en\/wp-json\/wp\/v2\/product\/3839"}],"collection":[{"href":"https:\/\/metalco-mobiliar.cz\/en\/wp-json\/wp\/v2\/product"}],"about":[{"href":"https:\/\/metalco-mobiliar.cz\/en\/wp-json\/wp\/v2\/types\/product"}],"replies":[{"embeddable":true,"href":"https:\/\/metalco-mobiliar.cz\/en\/wp-json\/wp\/v2\/comments?post=3839"}],"wp:featuredmedia":[{"embeddable":true,"href":"https:\/\/metalco-mobiliar.cz\/en\/wp-json\/wp\/v2\/media\/1551"}],"wp:attachment":[{"href":"https:\/\/metalco-mobiliar.cz\/en\/wp-json\/wp\/v2\/media?parent=3839"}],"wp:term":[{"taxonomy":"product_cat","embeddable":true,"href":"https:\/\/metalco-mobiliar.cz\/en\/wp-json\/wp\/v2\/product_cat?post=3839"},{"taxonomy":"product_tag","embeddable":true,"href":"https:\/\/metalco-mobiliar.cz\/en\/wp-json\/wp\/v2\/product_tag?post=3839"}],"curies":[{"name":"wp","href":"https:\/\/api.w.org\/{rel}","templated":true}]}}