{"id":3845,"date":"2013-07-02T12:31:59","date_gmt":"2013-07-02T10:31:59","guid":{"rendered":"http:\/\/metalco-mobiliar.cz\/news\/?post_type=product&#038;p=3845"},"modified":"2023-06-20T13:43:09","modified_gmt":"2023-06-20T11:43:09","slug":"yes-litter-bin","status":"publish","type":"product","link":"https:\/\/metalco-mobiliar.cz\/en\/prodotti-en\/yes-litter-bin\/","title":{"rendered":"YES LITTER BIN"},"content":{"rendered":"<p>Litter bin\u00a0made from a robust sheet galvanized and powder coated steel or cortex steel, with a 45 \u00b0 inclined lid and side walls, one of which can be opened with a snap lock.<\/p>\n<p>The side walls can be made of Ipe wood, or powder coated or corten steel. In the metal version it is possible to customize the side walls with laser cutting.<\/p>\n<p><strong>Capacity:<\/strong> 100 lt<\/p>\n<p><strong>Fixing:<\/strong> Pre-drilled for anchors<\/p>\n<p><strong>Dimensions and weight:<\/strong><br \/>\n460x393x1125 mm 72&nbsp;kg<\/p>\n","protected":false},"excerpt":{"rendered":"<p>Litter bin\u00a0made from a robust sheet galvanized and powder coated steel or cortex steel, with a 45 \u00b0 inclined lid and side walls, one of which can be opened with a snap lock. The side walls can be made of Ipe wood, or powder coated or corten steel. In the metal version it is possible [&hellip;]<\/p>\n","protected":false},"featured_media":12704,"comment_status":"open","ping_status":"closed","template":"","meta":{"_acf_changed":false},"product_cat":[698,988,388],"product_tag":[558,557],"class_list":{"0":"post-3845","1":"product","2":"type-product","3":"status-publish","4":"has-post-thumbnail","6":"product_cat-cestini-en","7":"product_cat-cigarette-bin","8":"product_cat-litter-bins","9":"product_tag-litter-bin-with-ashtray","10":"product_tag-litter-bin-with-hood","11":"pa_designers-alfredo-tasca-en","12":"pa_material-corten-steel","13":"pa_material-powder-coated-steel","14":"pa_material-wood","15":"collezioni-stile-en","16":"catalogo-catalogue-stile-2025","18":"first","19":"instock","20":"shipping-taxable","21":"product-type-simple"},"acf":[],"yoast_head":"<!-- This site is optimized with the Yoast SEO plugin v23.2 - https:\/\/yoast.com\/wordpress\/plugins\/seo\/ -->\n<title>Yes Cestini in acciaio - Metalco<\/title>\n<meta name=\"description\" content=\"Cestini in acciaio quadrangolari Metalco. Disponibili in acciaio di grosso spessore e legno di teak, e coperchio inclinato a 45\u00b0. Guarda i nostri prodotti!\" \/>\n<meta name=\"robots\" content=\"index, follow, max-snippet:-1, max-image-preview:large, max-video-preview:-1\" \/>\n<link rel=\"canonical\" href=\"https:\/\/metalco-mobiliar.cz\/en\/prodotti-en\/yes-litter-bin\/\" \/>\n<meta property=\"og:locale\" content=\"en_US\" \/>\n<meta property=\"og:type\" content=\"article\" \/>\n<meta property=\"og:title\" content=\"Yes Cestini in acciaio - Metalco\" \/>\n<meta property=\"og:description\" content=\"Cestini in acciaio quadrangolari Metalco. Disponibili in acciaio di grosso spessore e legno di teak, e coperchio inclinato a 45\u00b0. Guarda i nostri prodotti!\" \/>\n<meta property=\"og:url\" content=\"https:\/\/metalco-mobiliar.cz\/en\/prodotti-en\/yes-litter-bin\/\" \/>\n<meta property=\"og:site_name\" content=\"Metalco Mobiliar\" \/>\n<meta property=\"article:modified_time\" content=\"2023-06-20T11:43:09+00:00\" \/>\n<meta property=\"og:image\" content=\"https:\/\/metalco-mobiliar.cz\/news\/wp-content\/uploads\/2013\/07\/YES_1.jpg\" \/>\n\t<meta property=\"og:image:width\" content=\"200\" \/>\n\t<meta property=\"og:image:height\" content=\"200\" \/>\n\t<meta property=\"og:image:type\" content=\"image\/jpeg\" \/>\n<script type=\"application\/ld+json\" class=\"yoast-schema-graph\">{\"@context\":\"https:\/\/schema.org\",\"@graph\":[{\"@type\":\"WebPage\",\"@id\":\"https:\/\/metalco-mobiliar.cz\/en\/prodotti-en\/yes-litter-bin\/\",\"url\":\"https:\/\/metalco-mobiliar.cz\/en\/prodotti-en\/yes-litter-bin\/\",\"name\":\"Yes Cestini in acciaio - Metalco\",\"isPartOf\":{\"@id\":\"https:\/\/metalco-mobiliar.cz\/#website\"},\"primaryImageOfPage\":{\"@id\":\"https:\/\/metalco-mobiliar.cz\/en\/prodotti-en\/yes-litter-bin\/#primaryimage\"},\"image\":{\"@id\":\"https:\/\/metalco-mobiliar.cz\/en\/prodotti-en\/yes-litter-bin\/#primaryimage\"},\"thumbnailUrl\":\"https:\/\/metalco-mobiliar.cz\/news\/wp-content\/uploads\/2013\/07\/YES_1.jpg\",\"datePublished\":\"2013-07-02T10:31:59+00:00\",\"dateModified\":\"2023-06-20T11:43:09+00:00\",\"description\":\"Cestini in acciaio quadrangolari Metalco. Disponibili in acciaio di grosso spessore e legno di teak, e coperchio inclinato a 45\u00b0. Guarda i nostri prodotti!\",\"breadcrumb\":{\"@id\":\"https:\/\/metalco-mobiliar.cz\/en\/prodotti-en\/yes-litter-bin\/#breadcrumb\"},\"inLanguage\":\"en-US\",\"potentialAction\":[{\"@type\":\"ReadAction\",\"target\":[\"https:\/\/metalco-mobiliar.cz\/en\/prodotti-en\/yes-litter-bin\/\"]}]},{\"@type\":\"ImageObject\",\"inLanguage\":\"en-US\",\"@id\":\"https:\/\/metalco-mobiliar.cz\/en\/prodotti-en\/yes-litter-bin\/#primaryimage\",\"url\":\"https:\/\/metalco-mobiliar.cz\/news\/wp-content\/uploads\/2013\/07\/YES_1.jpg\",\"contentUrl\":\"https:\/\/metalco-mobiliar.cz\/news\/wp-content\/uploads\/2013\/07\/YES_1.jpg\",\"width\":200,\"height\":200},{\"@type\":\"BreadcrumbList\",\"@id\":\"https:\/\/metalco-mobiliar.cz\/en\/prodotti-en\/yes-litter-bin\/#breadcrumb\",\"itemListElement\":[{\"@type\":\"ListItem\",\"position\":1,\"name\":\"Home\",\"item\":\"https:\/\/metalco-mobiliar.cz\/en\/\"},{\"@type\":\"ListItem\",\"position\":2,\"name\":\"YES LITTER BIN\"}]},{\"@type\":\"WebSite\",\"@id\":\"https:\/\/metalco-mobiliar.cz\/#website\",\"url\":\"https:\/\/metalco-mobiliar.cz\/\",\"name\":\"Metalco \u2013 m\u011bstsk\u00fd mobili\u00e1\u0159\",\"description\":\"M\u011bstsk\u00fd mobili\u00e1\u0159 Metalco\",\"potentialAction\":[{\"@type\":\"SearchAction\",\"target\":{\"@type\":\"EntryPoint\",\"urlTemplate\":\"https:\/\/metalco-mobiliar.cz\/?s={search_term_string}\"},\"query-input\":\"required name=search_term_string\"}],\"inLanguage\":\"en-US\"}]}<\/script>\n<!-- \/ Yoast SEO plugin. -->","yoast_head_json":{"title":"Yes Cestini in acciaio - Metalco","description":"Cestini in acciaio quadrangolari Metalco. Disponibili in acciaio di grosso spessore e legno di teak, e coperchio inclinato a 45\u00b0. Guarda i nostri prodotti!","robots":{"index":"index","follow":"follow","max-snippet":"max-snippet:-1","max-image-preview":"max-image-preview:large","max-video-preview":"max-video-preview:-1"},"canonical":"https:\/\/metalco-mobiliar.cz\/en\/prodotti-en\/yes-litter-bin\/","og_locale":"en_US","og_type":"article","og_title":"Yes Cestini in acciaio - Metalco","og_description":"Cestini in acciaio quadrangolari Metalco. Disponibili in acciaio di grosso spessore e legno di teak, e coperchio inclinato a 45\u00b0. Guarda i nostri prodotti!","og_url":"https:\/\/metalco-mobiliar.cz\/en\/prodotti-en\/yes-litter-bin\/","og_site_name":"Metalco Mobiliar","article_modified_time":"2023-06-20T11:43:09+00:00","og_image":[{"width":200,"height":200,"url":"https:\/\/metalco-mobiliar.cz\/news\/wp-content\/uploads\/2013\/07\/YES_1.jpg","type":"image\/jpeg"}],"schema":{"@context":"https:\/\/schema.org","@graph":[{"@type":"WebPage","@id":"https:\/\/metalco-mobiliar.cz\/en\/prodotti-en\/yes-litter-bin\/","url":"https:\/\/metalco-mobiliar.cz\/en\/prodotti-en\/yes-litter-bin\/","name":"Yes Cestini in acciaio - Metalco","isPartOf":{"@id":"https:\/\/metalco-mobiliar.cz\/#website"},"primaryImageOfPage":{"@id":"https:\/\/metalco-mobiliar.cz\/en\/prodotti-en\/yes-litter-bin\/#primaryimage"},"image":{"@id":"https:\/\/metalco-mobiliar.cz\/en\/prodotti-en\/yes-litter-bin\/#primaryimage"},"thumbnailUrl":"https:\/\/metalco-mobiliar.cz\/news\/wp-content\/uploads\/2013\/07\/YES_1.jpg","datePublished":"2013-07-02T10:31:59+00:00","dateModified":"2023-06-20T11:43:09+00:00","description":"Cestini in acciaio quadrangolari Metalco. Disponibili in acciaio di grosso spessore e legno di teak, e coperchio inclinato a 45\u00b0. Guarda i nostri prodotti!","breadcrumb":{"@id":"https:\/\/metalco-mobiliar.cz\/en\/prodotti-en\/yes-litter-bin\/#breadcrumb"},"inLanguage":"en-US","potentialAction":[{"@type":"ReadAction","target":["https:\/\/metalco-mobiliar.cz\/en\/prodotti-en\/yes-litter-bin\/"]}]},{"@type":"ImageObject","inLanguage":"en-US","@id":"https:\/\/metalco-mobiliar.cz\/en\/prodotti-en\/yes-litter-bin\/#primaryimage","url":"https:\/\/metalco-mobiliar.cz\/news\/wp-content\/uploads\/2013\/07\/YES_1.jpg","contentUrl":"https:\/\/metalco-mobiliar.cz\/news\/wp-content\/uploads\/2013\/07\/YES_1.jpg","width":200,"height":200},{"@type":"BreadcrumbList","@id":"https:\/\/metalco-mobiliar.cz\/en\/prodotti-en\/yes-litter-bin\/#breadcrumb","itemListElement":[{"@type":"ListItem","position":1,"name":"Home","item":"https:\/\/metalco-mobiliar.cz\/en\/"},{"@type":"ListItem","position":2,"name":"YES LITTER BIN"}]},{"@type":"WebSite","@id":"https:\/\/metalco-mobiliar.cz\/#website","url":"https:\/\/metalco-mobiliar.cz\/","name":"Metalco \u2013 m\u011bstsk\u00fd mobili\u00e1\u0159","description":"M\u011bstsk\u00fd mobili\u00e1\u0159 Metalco","potentialAction":[{"@type":"SearchAction","target":{"@type":"EntryPoint","urlTemplate":"https:\/\/metalco-mobiliar.cz\/?s={search_term_string}"},"query-input":"required name=search_term_string"}],"inLanguage":"en-US"}]}},"_links":{"self":[{"href":"https:\/\/metalco-mobiliar.cz\/en\/wp-json\/wp\/v2\/product\/3845"}],"collection":[{"href":"https:\/\/metalco-mobiliar.cz\/en\/wp-json\/wp\/v2\/product"}],"about":[{"href":"https:\/\/metalco-mobiliar.cz\/en\/wp-json\/wp\/v2\/types\/product"}],"replies":[{"embeddable":true,"href":"https:\/\/metalco-mobiliar.cz\/en\/wp-json\/wp\/v2\/comments?post=3845"}],"wp:featuredmedia":[{"embeddable":true,"href":"https:\/\/metalco-mobiliar.cz\/en\/wp-json\/wp\/v2\/media\/12704"}],"wp:attachment":[{"href":"https:\/\/metalco-mobiliar.cz\/en\/wp-json\/wp\/v2\/media?parent=3845"}],"wp:term":[{"taxonomy":"product_cat","embeddable":true,"href":"https:\/\/metalco-mobiliar.cz\/en\/wp-json\/wp\/v2\/product_cat?post=3845"},{"taxonomy":"product_tag","embeddable":true,"href":"https:\/\/metalco-mobiliar.cz\/en\/wp-json\/wp\/v2\/product_tag?post=3845"}],"curies":[{"name":"wp","href":"https:\/\/api.w.org\/{rel}","templated":true}]}}