{"id":3872,"date":"2013-07-02T17:00:47","date_gmt":"2013-07-02T15:00:47","guid":{"rendered":"http:\/\/metalco-mobiliar.cz\/news\/?post_type=product&#038;p=3872"},"modified":"2022-09-05T09:40:45","modified_gmt":"2022-09-05T07:40:45","slug":"alfa-beta-gamma-planter","status":"publish","type":"product","link":"https:\/\/metalco-mobiliar.cz\/en\/prodotti-en\/alfa-beta-gamma-planter\/","title":{"rendered":"ALFA BETA GAMMA PLANTER"},"content":{"rendered":"<p>Irregular shaped planter, made entirely out of steel sheet. It is equipped at the bottom, with a base with fixings to regulate its slant. Each planter can be accessorised with two stainless steel plates which can be used to attach name-plates or labels. Available in different shapes, can be combined with other components to form groups, islands or straight lines.<\/p>\n<p>POWDER COATED STEEL OR CORTEN STEEL OR STAINLESS STEEL<\/p>\n<p>FIXINGS: FREE STANDING<\/p>\n<p><strong>Dimensions and weight:<\/strong><br \/>\nALFA<br \/>\n615x700x680 mm 44&nbsp;kg<br \/>\nBETA<br \/>\n800x700x680 mm 52&nbsp;kg<br \/>\nGAMMA<br \/>\n1215x700x680 mm 75&nbsp;kg<\/p>\n","protected":false},"excerpt":{"rendered":"<p>Irregular shaped planter, made entirely out of steel sheet. It is equipped at the bottom, with a base with fixings to regulate its slant. Each planter can be accessorised with two stainless steel plates which can be used to attach name-plates or labels. Available in different shapes, can be combined with other components to form [&hellip;]<\/p>\n","protected":false},"featured_media":16333,"comment_status":"open","ping_status":"closed","template":"","meta":{"_acf_changed":false},"product_cat":[347],"product_tag":[],"class_list":{"0":"post-3872","1":"product","2":"type-product","3":"status-publish","4":"has-post-thumbnail","6":"product_cat-planters-waterfountains-tree-grilles","7":"pa_designers-raffaele-lazzari-en","8":"pa_material-corten-steel","9":"pa_material-stainless-steel","10":"collezioni-stile-en","11":"catalogo-catalogue-stile-2025","13":"first","14":"instock","15":"shipping-taxable","16":"product-type-simple"},"acf":[],"yoast_head":"<!-- This site is optimized with the Yoast SEO plugin v23.2 - https:\/\/yoast.com\/wordpress\/plugins\/seo\/ -->\n<title>ALFA BETA GAMMA PLANTER - Metalco Mobiliar<\/title>\n<meta name=\"robots\" content=\"index, follow, max-snippet:-1, max-image-preview:large, max-video-preview:-1\" \/>\n<link rel=\"canonical\" href=\"https:\/\/metalco-mobiliar.cz\/en\/prodotti-en\/alfa-beta-gamma-planter\/\" \/>\n<meta property=\"og:locale\" content=\"en_US\" \/>\n<meta property=\"og:type\" content=\"article\" \/>\n<meta property=\"og:title\" content=\"ALFA BETA GAMMA PLANTER - Metalco Mobiliar\" \/>\n<meta property=\"og:description\" content=\"Irregular shaped planter, made entirely out of steel sheet. It is equipped at the bottom, with a base with fixings to regulate its slant. Each planter can be accessorised with two stainless steel plates which can be used to attach name-plates or labels. Available in different shapes, can be combined with other components to form [&hellip;]\" \/>\n<meta property=\"og:url\" content=\"https:\/\/metalco-mobiliar.cz\/en\/prodotti-en\/alfa-beta-gamma-planter\/\" \/>\n<meta property=\"og:site_name\" content=\"Metalco Mobiliar\" \/>\n<meta property=\"article:modified_time\" content=\"2022-09-05T07:40:45+00:00\" \/>\n<meta property=\"og:image\" content=\"https:\/\/metalco-mobiliar.cz\/news\/wp-content\/uploads\/2013\/07\/ALFA-BETA-GAMMA_4.jpg\" \/>\n\t<meta property=\"og:image:width\" content=\"200\" \/>\n\t<meta property=\"og:image:height\" content=\"200\" \/>\n\t<meta property=\"og:image:type\" content=\"image\/jpeg\" \/>\n<script type=\"application\/ld+json\" class=\"yoast-schema-graph\">{\"@context\":\"https:\/\/schema.org\",\"@graph\":[{\"@type\":\"WebPage\",\"@id\":\"https:\/\/metalco-mobiliar.cz\/en\/prodotti-en\/alfa-beta-gamma-planter\/\",\"url\":\"https:\/\/metalco-mobiliar.cz\/en\/prodotti-en\/alfa-beta-gamma-planter\/\",\"name\":\"ALFA BETA GAMMA PLANTER - Metalco Mobiliar\",\"isPartOf\":{\"@id\":\"https:\/\/metalco-mobiliar.cz\/#website\"},\"primaryImageOfPage\":{\"@id\":\"https:\/\/metalco-mobiliar.cz\/en\/prodotti-en\/alfa-beta-gamma-planter\/#primaryimage\"},\"image\":{\"@id\":\"https:\/\/metalco-mobiliar.cz\/en\/prodotti-en\/alfa-beta-gamma-planter\/#primaryimage\"},\"thumbnailUrl\":\"https:\/\/metalco-mobiliar.cz\/news\/wp-content\/uploads\/2013\/07\/ALFA-BETA-GAMMA_4.jpg\",\"datePublished\":\"2013-07-02T15:00:47+00:00\",\"dateModified\":\"2022-09-05T07:40:45+00:00\",\"breadcrumb\":{\"@id\":\"https:\/\/metalco-mobiliar.cz\/en\/prodotti-en\/alfa-beta-gamma-planter\/#breadcrumb\"},\"inLanguage\":\"en-US\",\"potentialAction\":[{\"@type\":\"ReadAction\",\"target\":[\"https:\/\/metalco-mobiliar.cz\/en\/prodotti-en\/alfa-beta-gamma-planter\/\"]}]},{\"@type\":\"ImageObject\",\"inLanguage\":\"en-US\",\"@id\":\"https:\/\/metalco-mobiliar.cz\/en\/prodotti-en\/alfa-beta-gamma-planter\/#primaryimage\",\"url\":\"https:\/\/metalco-mobiliar.cz\/news\/wp-content\/uploads\/2013\/07\/ALFA-BETA-GAMMA_4.jpg\",\"contentUrl\":\"https:\/\/metalco-mobiliar.cz\/news\/wp-content\/uploads\/2013\/07\/ALFA-BETA-GAMMA_4.jpg\",\"width\":200,\"height\":200,\"caption\":\"kv\u011btin\u00e1\u010d z cortenu\"},{\"@type\":\"BreadcrumbList\",\"@id\":\"https:\/\/metalco-mobiliar.cz\/en\/prodotti-en\/alfa-beta-gamma-planter\/#breadcrumb\",\"itemListElement\":[{\"@type\":\"ListItem\",\"position\":1,\"name\":\"Home\",\"item\":\"https:\/\/metalco-mobiliar.cz\/en\/\"},{\"@type\":\"ListItem\",\"position\":2,\"name\":\"ALFA BETA GAMMA PLANTER\"}]},{\"@type\":\"WebSite\",\"@id\":\"https:\/\/metalco-mobiliar.cz\/#website\",\"url\":\"https:\/\/metalco-mobiliar.cz\/\",\"name\":\"Metalco \u2013 m\u011bstsk\u00fd mobili\u00e1\u0159\",\"description\":\"M\u011bstsk\u00fd mobili\u00e1\u0159 Metalco\",\"potentialAction\":[{\"@type\":\"SearchAction\",\"target\":{\"@type\":\"EntryPoint\",\"urlTemplate\":\"https:\/\/metalco-mobiliar.cz\/?s={search_term_string}\"},\"query-input\":\"required name=search_term_string\"}],\"inLanguage\":\"en-US\"}]}<\/script>\n<!-- \/ Yoast SEO plugin. -->","yoast_head_json":{"title":"ALFA BETA GAMMA PLANTER - Metalco Mobiliar","robots":{"index":"index","follow":"follow","max-snippet":"max-snippet:-1","max-image-preview":"max-image-preview:large","max-video-preview":"max-video-preview:-1"},"canonical":"https:\/\/metalco-mobiliar.cz\/en\/prodotti-en\/alfa-beta-gamma-planter\/","og_locale":"en_US","og_type":"article","og_title":"ALFA BETA GAMMA PLANTER - Metalco Mobiliar","og_description":"Irregular shaped planter, made entirely out of steel sheet. It is equipped at the bottom, with a base with fixings to regulate its slant. Each planter can be accessorised with two stainless steel plates which can be used to attach name-plates or labels. Available in different shapes, can be combined with other components to form [&hellip;]","og_url":"https:\/\/metalco-mobiliar.cz\/en\/prodotti-en\/alfa-beta-gamma-planter\/","og_site_name":"Metalco Mobiliar","article_modified_time":"2022-09-05T07:40:45+00:00","og_image":[{"width":200,"height":200,"url":"https:\/\/metalco-mobiliar.cz\/news\/wp-content\/uploads\/2013\/07\/ALFA-BETA-GAMMA_4.jpg","type":"image\/jpeg"}],"schema":{"@context":"https:\/\/schema.org","@graph":[{"@type":"WebPage","@id":"https:\/\/metalco-mobiliar.cz\/en\/prodotti-en\/alfa-beta-gamma-planter\/","url":"https:\/\/metalco-mobiliar.cz\/en\/prodotti-en\/alfa-beta-gamma-planter\/","name":"ALFA BETA GAMMA PLANTER - Metalco Mobiliar","isPartOf":{"@id":"https:\/\/metalco-mobiliar.cz\/#website"},"primaryImageOfPage":{"@id":"https:\/\/metalco-mobiliar.cz\/en\/prodotti-en\/alfa-beta-gamma-planter\/#primaryimage"},"image":{"@id":"https:\/\/metalco-mobiliar.cz\/en\/prodotti-en\/alfa-beta-gamma-planter\/#primaryimage"},"thumbnailUrl":"https:\/\/metalco-mobiliar.cz\/news\/wp-content\/uploads\/2013\/07\/ALFA-BETA-GAMMA_4.jpg","datePublished":"2013-07-02T15:00:47+00:00","dateModified":"2022-09-05T07:40:45+00:00","breadcrumb":{"@id":"https:\/\/metalco-mobiliar.cz\/en\/prodotti-en\/alfa-beta-gamma-planter\/#breadcrumb"},"inLanguage":"en-US","potentialAction":[{"@type":"ReadAction","target":["https:\/\/metalco-mobiliar.cz\/en\/prodotti-en\/alfa-beta-gamma-planter\/"]}]},{"@type":"ImageObject","inLanguage":"en-US","@id":"https:\/\/metalco-mobiliar.cz\/en\/prodotti-en\/alfa-beta-gamma-planter\/#primaryimage","url":"https:\/\/metalco-mobiliar.cz\/news\/wp-content\/uploads\/2013\/07\/ALFA-BETA-GAMMA_4.jpg","contentUrl":"https:\/\/metalco-mobiliar.cz\/news\/wp-content\/uploads\/2013\/07\/ALFA-BETA-GAMMA_4.jpg","width":200,"height":200,"caption":"kv\u011btin\u00e1\u010d z cortenu"},{"@type":"BreadcrumbList","@id":"https:\/\/metalco-mobiliar.cz\/en\/prodotti-en\/alfa-beta-gamma-planter\/#breadcrumb","itemListElement":[{"@type":"ListItem","position":1,"name":"Home","item":"https:\/\/metalco-mobiliar.cz\/en\/"},{"@type":"ListItem","position":2,"name":"ALFA BETA GAMMA PLANTER"}]},{"@type":"WebSite","@id":"https:\/\/metalco-mobiliar.cz\/#website","url":"https:\/\/metalco-mobiliar.cz\/","name":"Metalco \u2013 m\u011bstsk\u00fd mobili\u00e1\u0159","description":"M\u011bstsk\u00fd mobili\u00e1\u0159 Metalco","potentialAction":[{"@type":"SearchAction","target":{"@type":"EntryPoint","urlTemplate":"https:\/\/metalco-mobiliar.cz\/?s={search_term_string}"},"query-input":"required name=search_term_string"}],"inLanguage":"en-US"}]}},"_links":{"self":[{"href":"https:\/\/metalco-mobiliar.cz\/en\/wp-json\/wp\/v2\/product\/3872"}],"collection":[{"href":"https:\/\/metalco-mobiliar.cz\/en\/wp-json\/wp\/v2\/product"}],"about":[{"href":"https:\/\/metalco-mobiliar.cz\/en\/wp-json\/wp\/v2\/types\/product"}],"replies":[{"embeddable":true,"href":"https:\/\/metalco-mobiliar.cz\/en\/wp-json\/wp\/v2\/comments?post=3872"}],"wp:featuredmedia":[{"embeddable":true,"href":"https:\/\/metalco-mobiliar.cz\/en\/wp-json\/wp\/v2\/media\/16333"}],"wp:attachment":[{"href":"https:\/\/metalco-mobiliar.cz\/en\/wp-json\/wp\/v2\/media?parent=3872"}],"wp:term":[{"taxonomy":"product_cat","embeddable":true,"href":"https:\/\/metalco-mobiliar.cz\/en\/wp-json\/wp\/v2\/product_cat?post=3872"},{"taxonomy":"product_tag","embeddable":true,"href":"https:\/\/metalco-mobiliar.cz\/en\/wp-json\/wp\/v2\/product_tag?post=3872"}],"curies":[{"name":"wp","href":"https:\/\/api.w.org\/{rel}","templated":true}]}}