{"id":3883,"date":"2013-07-03T11:09:07","date_gmt":"2013-07-03T09:09:07","guid":{"rendered":"http:\/\/metalco-mobiliar.cz\/news\/?post_type=product&#038;p=3883"},"modified":"2023-03-22T21:05:51","modified_gmt":"2023-03-22T20:05:51","slug":"alhena-shelter","status":"publish","type":"product","link":"https:\/\/metalco-mobiliar.cz\/en\/prodotti-en\/alhena-shelter\/","title":{"rendered":"ALHENA SHELTER"},"content":{"rendered":"<p>PRODUCTS AVAILABLE EXCLUSIVELY FOR EUROPE<\/p>\n<p>Shelter made up of a tubular steel bearing structure, equipped on one side with steel sheets, curved to give an elliptical profile. Inside the body, equipped so as to open the door with triangular key lock, at the bottom is a litter bin with waste sack holding ring, and at the top is an advertising space (with neon lighting available on request); to post adverts or media information, a notice board in aluminium profile with slam-lock is arranged inside the body of the structure. The roof is in shaped sheet and finished with an extruded aluminium edging. The rear wall is made up of a steel profile frame and two sheets of tempered glass with polished edges, with possibility of extra holes for the installation of a notice board in aluminium profile with slam-lock. On request, the shelter can be supplied with perforated sheet seat, and a double-sided advertising case (with neon lighting also available on request); to attach adverts or media information, there is a display area inside the case in aluminium profile with slam-lock. The shelter can be supplied with lighting with neon 54 W lamps surrounded by a perforated sheet panel. Ground fixing with suitable bolts.<\/p>\n<p>POWDER COATED STEEL<\/p>\n<p>FIXINGS: PRE-DRILLED FOR ANCHORS<\/p>\n<p>Dimensions:<br \/>\nL 3640&#215;1600 mm l 2777 mm<br \/>\n(V) 2710 mm (v) 2320 mm<\/p>\n","protected":false},"excerpt":{"rendered":"<p>PRODUCTS AVAILABLE EXCLUSIVELY FOR EUROPE Shelter made up of a tubular steel bearing structure, equipped on one side with steel sheets, curved to give an elliptical profile. Inside the body, equipped so as to open the door with triangular key lock, at the bottom is a litter bin with waste sack holding ring, and at [&hellip;]<\/p>\n","protected":false},"featured_media":18853,"comment_status":"open","ping_status":"closed","template":"","meta":{"_acf_changed":false},"product_cat":[348],"product_tag":[568,569],"class_list":{"0":"post-3883","1":"product","2":"type-product","3":"status-publish","4":"has-post-thumbnail","6":"product_cat-bus-shelter-covers","7":"product_tag-cantilevered-shelter","8":"product_tag-shelter-with-advertising-wall","9":"pa_designers-pininfarina-en","10":"pa_material-glass","11":"pa_material-powder-coated-steel","12":"collezioni-stile-en","13":"catalogo-catalogue-stile-2025","15":"first","16":"instock","17":"shipping-taxable","18":"product-type-simple"},"acf":[],"yoast_head":"<!-- This site is optimized with the Yoast SEO plugin v23.2 - https:\/\/yoast.com\/wordpress\/plugins\/seo\/ -->\n<title>ALHENA SHELTER - Metalco Mobiliar<\/title>\n<meta name=\"robots\" content=\"index, follow, max-snippet:-1, max-image-preview:large, max-video-preview:-1\" \/>\n<link rel=\"canonical\" href=\"https:\/\/metalco-mobiliar.cz\/en\/prodotti-en\/alhena-shelter\/\" \/>\n<meta property=\"og:locale\" content=\"en_US\" \/>\n<meta property=\"og:type\" content=\"article\" \/>\n<meta property=\"og:title\" content=\"ALHENA SHELTER - Metalco Mobiliar\" \/>\n<meta property=\"og:description\" content=\"PRODUCTS AVAILABLE EXCLUSIVELY FOR EUROPE Shelter made up of a tubular steel bearing structure, equipped on one side with steel sheets, curved to give an elliptical profile. Inside the body, equipped so as to open the door with triangular key lock, at the bottom is a litter bin with waste sack holding ring, and at [&hellip;]\" \/>\n<meta property=\"og:url\" content=\"https:\/\/metalco-mobiliar.cz\/en\/prodotti-en\/alhena-shelter\/\" \/>\n<meta property=\"og:site_name\" content=\"Metalco Mobiliar\" \/>\n<meta property=\"article:modified_time\" content=\"2023-03-22T20:05:51+00:00\" \/>\n<meta property=\"og:image\" content=\"https:\/\/metalco-mobiliar.cz\/news\/wp-content\/uploads\/2013\/07\/ALHENA.jpg\" \/>\n\t<meta property=\"og:image:width\" content=\"200\" \/>\n\t<meta property=\"og:image:height\" content=\"200\" \/>\n\t<meta property=\"og:image:type\" content=\"image\/jpeg\" \/>\n<meta name=\"twitter:label1\" content=\"Est. reading time\" \/>\n\t<meta name=\"twitter:data1\" content=\"1 minute\" \/>\n<script type=\"application\/ld+json\" class=\"yoast-schema-graph\">{\"@context\":\"https:\/\/schema.org\",\"@graph\":[{\"@type\":\"WebPage\",\"@id\":\"https:\/\/metalco-mobiliar.cz\/en\/prodotti-en\/alhena-shelter\/\",\"url\":\"https:\/\/metalco-mobiliar.cz\/en\/prodotti-en\/alhena-shelter\/\",\"name\":\"ALHENA SHELTER - Metalco Mobiliar\",\"isPartOf\":{\"@id\":\"https:\/\/metalco-mobiliar.cz\/#website\"},\"primaryImageOfPage\":{\"@id\":\"https:\/\/metalco-mobiliar.cz\/en\/prodotti-en\/alhena-shelter\/#primaryimage\"},\"image\":{\"@id\":\"https:\/\/metalco-mobiliar.cz\/en\/prodotti-en\/alhena-shelter\/#primaryimage\"},\"thumbnailUrl\":\"https:\/\/metalco-mobiliar.cz\/news\/wp-content\/uploads\/2013\/07\/ALHENA.jpg\",\"datePublished\":\"2013-07-03T09:09:07+00:00\",\"dateModified\":\"2023-03-22T20:05:51+00:00\",\"breadcrumb\":{\"@id\":\"https:\/\/metalco-mobiliar.cz\/en\/prodotti-en\/alhena-shelter\/#breadcrumb\"},\"inLanguage\":\"en-US\",\"potentialAction\":[{\"@type\":\"ReadAction\",\"target\":[\"https:\/\/metalco-mobiliar.cz\/en\/prodotti-en\/alhena-shelter\/\"]}]},{\"@type\":\"ImageObject\",\"inLanguage\":\"en-US\",\"@id\":\"https:\/\/metalco-mobiliar.cz\/en\/prodotti-en\/alhena-shelter\/#primaryimage\",\"url\":\"https:\/\/metalco-mobiliar.cz\/news\/wp-content\/uploads\/2013\/07\/ALHENA.jpg\",\"contentUrl\":\"https:\/\/metalco-mobiliar.cz\/news\/wp-content\/uploads\/2013\/07\/ALHENA.jpg\",\"width\":200,\"height\":200,\"caption\":\"autobusov\u00fd p\u0159\u00edst\u0159e\u0161ek\"},{\"@type\":\"BreadcrumbList\",\"@id\":\"https:\/\/metalco-mobiliar.cz\/en\/prodotti-en\/alhena-shelter\/#breadcrumb\",\"itemListElement\":[{\"@type\":\"ListItem\",\"position\":1,\"name\":\"Home\",\"item\":\"https:\/\/metalco-mobiliar.cz\/en\/\"},{\"@type\":\"ListItem\",\"position\":2,\"name\":\"ALHENA SHELTER\"}]},{\"@type\":\"WebSite\",\"@id\":\"https:\/\/metalco-mobiliar.cz\/#website\",\"url\":\"https:\/\/metalco-mobiliar.cz\/\",\"name\":\"Metalco \u2013 m\u011bstsk\u00fd mobili\u00e1\u0159\",\"description\":\"M\u011bstsk\u00fd mobili\u00e1\u0159 Metalco\",\"potentialAction\":[{\"@type\":\"SearchAction\",\"target\":{\"@type\":\"EntryPoint\",\"urlTemplate\":\"https:\/\/metalco-mobiliar.cz\/?s={search_term_string}\"},\"query-input\":\"required name=search_term_string\"}],\"inLanguage\":\"en-US\"}]}<\/script>\n<!-- \/ Yoast SEO plugin. -->","yoast_head_json":{"title":"ALHENA SHELTER - Metalco Mobiliar","robots":{"index":"index","follow":"follow","max-snippet":"max-snippet:-1","max-image-preview":"max-image-preview:large","max-video-preview":"max-video-preview:-1"},"canonical":"https:\/\/metalco-mobiliar.cz\/en\/prodotti-en\/alhena-shelter\/","og_locale":"en_US","og_type":"article","og_title":"ALHENA SHELTER - Metalco Mobiliar","og_description":"PRODUCTS AVAILABLE EXCLUSIVELY FOR EUROPE Shelter made up of a tubular steel bearing structure, equipped on one side with steel sheets, curved to give an elliptical profile. Inside the body, equipped so as to open the door with triangular key lock, at the bottom is a litter bin with waste sack holding ring, and at [&hellip;]","og_url":"https:\/\/metalco-mobiliar.cz\/en\/prodotti-en\/alhena-shelter\/","og_site_name":"Metalco Mobiliar","article_modified_time":"2023-03-22T20:05:51+00:00","og_image":[{"width":200,"height":200,"url":"https:\/\/metalco-mobiliar.cz\/news\/wp-content\/uploads\/2013\/07\/ALHENA.jpg","type":"image\/jpeg"}],"twitter_misc":{"Est. reading time":"1 minute"},"schema":{"@context":"https:\/\/schema.org","@graph":[{"@type":"WebPage","@id":"https:\/\/metalco-mobiliar.cz\/en\/prodotti-en\/alhena-shelter\/","url":"https:\/\/metalco-mobiliar.cz\/en\/prodotti-en\/alhena-shelter\/","name":"ALHENA SHELTER - Metalco Mobiliar","isPartOf":{"@id":"https:\/\/metalco-mobiliar.cz\/#website"},"primaryImageOfPage":{"@id":"https:\/\/metalco-mobiliar.cz\/en\/prodotti-en\/alhena-shelter\/#primaryimage"},"image":{"@id":"https:\/\/metalco-mobiliar.cz\/en\/prodotti-en\/alhena-shelter\/#primaryimage"},"thumbnailUrl":"https:\/\/metalco-mobiliar.cz\/news\/wp-content\/uploads\/2013\/07\/ALHENA.jpg","datePublished":"2013-07-03T09:09:07+00:00","dateModified":"2023-03-22T20:05:51+00:00","breadcrumb":{"@id":"https:\/\/metalco-mobiliar.cz\/en\/prodotti-en\/alhena-shelter\/#breadcrumb"},"inLanguage":"en-US","potentialAction":[{"@type":"ReadAction","target":["https:\/\/metalco-mobiliar.cz\/en\/prodotti-en\/alhena-shelter\/"]}]},{"@type":"ImageObject","inLanguage":"en-US","@id":"https:\/\/metalco-mobiliar.cz\/en\/prodotti-en\/alhena-shelter\/#primaryimage","url":"https:\/\/metalco-mobiliar.cz\/news\/wp-content\/uploads\/2013\/07\/ALHENA.jpg","contentUrl":"https:\/\/metalco-mobiliar.cz\/news\/wp-content\/uploads\/2013\/07\/ALHENA.jpg","width":200,"height":200,"caption":"autobusov\u00fd p\u0159\u00edst\u0159e\u0161ek"},{"@type":"BreadcrumbList","@id":"https:\/\/metalco-mobiliar.cz\/en\/prodotti-en\/alhena-shelter\/#breadcrumb","itemListElement":[{"@type":"ListItem","position":1,"name":"Home","item":"https:\/\/metalco-mobiliar.cz\/en\/"},{"@type":"ListItem","position":2,"name":"ALHENA SHELTER"}]},{"@type":"WebSite","@id":"https:\/\/metalco-mobiliar.cz\/#website","url":"https:\/\/metalco-mobiliar.cz\/","name":"Metalco \u2013 m\u011bstsk\u00fd mobili\u00e1\u0159","description":"M\u011bstsk\u00fd mobili\u00e1\u0159 Metalco","potentialAction":[{"@type":"SearchAction","target":{"@type":"EntryPoint","urlTemplate":"https:\/\/metalco-mobiliar.cz\/?s={search_term_string}"},"query-input":"required name=search_term_string"}],"inLanguage":"en-US"}]}},"_links":{"self":[{"href":"https:\/\/metalco-mobiliar.cz\/en\/wp-json\/wp\/v2\/product\/3883"}],"collection":[{"href":"https:\/\/metalco-mobiliar.cz\/en\/wp-json\/wp\/v2\/product"}],"about":[{"href":"https:\/\/metalco-mobiliar.cz\/en\/wp-json\/wp\/v2\/types\/product"}],"replies":[{"embeddable":true,"href":"https:\/\/metalco-mobiliar.cz\/en\/wp-json\/wp\/v2\/comments?post=3883"}],"wp:featuredmedia":[{"embeddable":true,"href":"https:\/\/metalco-mobiliar.cz\/en\/wp-json\/wp\/v2\/media\/18853"}],"wp:attachment":[{"href":"https:\/\/metalco-mobiliar.cz\/en\/wp-json\/wp\/v2\/media?parent=3883"}],"wp:term":[{"taxonomy":"product_cat","embeddable":true,"href":"https:\/\/metalco-mobiliar.cz\/en\/wp-json\/wp\/v2\/product_cat?post=3883"},{"taxonomy":"product_tag","embeddable":true,"href":"https:\/\/metalco-mobiliar.cz\/en\/wp-json\/wp\/v2\/product_tag?post=3883"}],"curies":[{"name":"wp","href":"https:\/\/api.w.org\/{rel}","templated":true}]}}