{"id":3899,"date":"2013-07-08T16:19:22","date_gmt":"2013-07-08T14:19:22","guid":{"rendered":"http:\/\/metalco-mobiliar.cz\/news\/?post_type=product&#038;p=3899"},"modified":"2023-05-11T10:10:08","modified_gmt":"2023-05-11T08:10:08","slug":"mood-panchine-edifici-pubbici","status":"publish","type":"product","link":"https:\/\/metalco-mobiliar.cz\/en\/prodotti-en\/mood-panchine-edifici-pubbici\/","title":{"rendered":"MOOD BENCHES"},"content":{"rendered":"<p>MOOD MSD | MSDT<\/p>\n<p>Collection of steel benches with backrest and double-sided seat. The MSD model is made from a single sheet laser cut, with circular hole decorations. The MSDT model is composed of a double seat in small tubes and two supports in metal sheet.<\/p>\n<p>MOOD MPT | MP<\/p>\n<p>Collection of steel benches without backrest. The MP model is made from a single sheet laser cut, with circular hole decorations. The MPT model is composed of a seat in small tubes and two supports in metal sheet.<\/p>\n<p>MOOD MST | MS<\/p>\n<p>Collection of steel benches with backrest. The MS model is made from a single sheet laser cut, with circular hole decorations. The MST model is composed of a seat in small tubes and two supports in metal sheet.<\/p>\n<p><strong>Fixing:<\/strong> Pre-drilled for anchors<\/p>\n<p><strong>Dimensions and weight:<br \/>\nMOOD MSD MSDT<\/strong><br \/>\n1480\u00d7960 mm H 755 mm h 455 mm<br \/>\nMSD 83\u00a0kg<br \/>\nMSDT 95\u00a0kg<\/p>\n<p><strong>MOOD MPT MP<\/strong><br \/>\n1480\u00d7505 mm H 455 mm<br \/>\nMPT 28\u00a0kg<br \/>\nMP 34\u00a0kg<\/p>\n<p><strong>MOOD MST MS<\/strong><br \/>\n1480\u00d7550 mm H 755 mm h 455 mm<br \/>\nMST 38\u00a0kg<br \/>\nMS 46&nbsp;kg<\/p>\n","protected":false},"excerpt":{"rendered":"<p>MOOD MSD | MSDT Collection of steel benches with backrest and double-sided seat. The MSD model is made from a single sheet laser cut, with circular hole decorations. The MSDT model is composed of a double seat in small tubes and two supports in metal sheet. MOOD MPT | MP Collection of steel benches without [&hellip;]<\/p>\n","protected":false},"featured_media":1368,"comment_status":"open","ping_status":"closed","template":"","meta":{"_acf_changed":false},"product_cat":[345],"product_tag":[],"class_list":{"0":"post-3899","1":"product","2":"type-product","3":"status-publish","4":"has-post-thumbnail","6":"product_cat-seats-benches","7":"pa_designers-staubach-kuckertz-2","8":"pa_material-powder-coated-steel","9":"collezioni-stile-en","10":"catalogo-catalogue-stile-2025","12":"first","13":"instock","14":"shipping-taxable","15":"product-type-simple"},"acf":[],"yoast_head":"<!-- This site is optimized with the Yoast SEO plugin v23.2 - https:\/\/yoast.com\/wordpress\/plugins\/seo\/ -->\n<title>Panchine per edifici pubblici Mood - Metalco<\/title>\n<meta name=\"robots\" content=\"index, follow, max-snippet:-1, max-image-preview:large, max-video-preview:-1\" \/>\n<link rel=\"canonical\" href=\"https:\/\/metalco-mobiliar.cz\/en\/prodotti-en\/mood-panchine-edifici-pubbici\/\" \/>\n<meta property=\"og:locale\" content=\"en_US\" \/>\n<meta property=\"og:type\" content=\"article\" \/>\n<meta property=\"og:title\" content=\"Panchine per edifici pubblici Mood - Metalco\" \/>\n<meta property=\"og:description\" content=\"MOOD MSD | MSDT Collection of steel benches with backrest and double-sided seat. The MSD model is made from a single sheet laser cut, with circular hole decorations. The MSDT model is composed of a double seat in small tubes and two supports in metal sheet. MOOD MPT | MP Collection of steel benches without [&hellip;]\" \/>\n<meta property=\"og:url\" content=\"https:\/\/metalco-mobiliar.cz\/en\/prodotti-en\/mood-panchine-edifici-pubbici\/\" \/>\n<meta property=\"og:site_name\" content=\"Metalco Mobiliar\" \/>\n<meta property=\"article:modified_time\" content=\"2023-05-11T08:10:08+00:00\" \/>\n<meta property=\"og:image\" content=\"https:\/\/metalco-mobiliar.cz\/news\/wp-content\/uploads\/2013\/07\/panchina-mood.jpg\" \/>\n\t<meta property=\"og:image:width\" content=\"200\" \/>\n\t<meta property=\"og:image:height\" content=\"200\" \/>\n\t<meta property=\"og:image:type\" content=\"image\/jpeg\" \/>\n<meta name=\"twitter:label1\" content=\"Est. reading time\" \/>\n\t<meta name=\"twitter:data1\" content=\"1 minute\" \/>\n<script type=\"application\/ld+json\" class=\"yoast-schema-graph\">{\"@context\":\"https:\/\/schema.org\",\"@graph\":[{\"@type\":\"WebPage\",\"@id\":\"https:\/\/metalco-mobiliar.cz\/en\/prodotti-en\/mood-panchine-edifici-pubbici\/\",\"url\":\"https:\/\/metalco-mobiliar.cz\/en\/prodotti-en\/mood-panchine-edifici-pubbici\/\",\"name\":\"Panchine per edifici pubblici Mood - Metalco\",\"isPartOf\":{\"@id\":\"https:\/\/metalco-mobiliar.cz\/#website\"},\"primaryImageOfPage\":{\"@id\":\"https:\/\/metalco-mobiliar.cz\/en\/prodotti-en\/mood-panchine-edifici-pubbici\/#primaryimage\"},\"image\":{\"@id\":\"https:\/\/metalco-mobiliar.cz\/en\/prodotti-en\/mood-panchine-edifici-pubbici\/#primaryimage\"},\"thumbnailUrl\":\"https:\/\/metalco-mobiliar.cz\/news\/wp-content\/uploads\/2013\/07\/panchina-mood.jpg\",\"datePublished\":\"2013-07-08T14:19:22+00:00\",\"dateModified\":\"2023-05-11T08:10:08+00:00\",\"breadcrumb\":{\"@id\":\"https:\/\/metalco-mobiliar.cz\/en\/prodotti-en\/mood-panchine-edifici-pubbici\/#breadcrumb\"},\"inLanguage\":\"en-US\",\"potentialAction\":[{\"@type\":\"ReadAction\",\"target\":[\"https:\/\/metalco-mobiliar.cz\/en\/prodotti-en\/mood-panchine-edifici-pubbici\/\"]}]},{\"@type\":\"ImageObject\",\"inLanguage\":\"en-US\",\"@id\":\"https:\/\/metalco-mobiliar.cz\/en\/prodotti-en\/mood-panchine-edifici-pubbici\/#primaryimage\",\"url\":\"https:\/\/metalco-mobiliar.cz\/news\/wp-content\/uploads\/2013\/07\/panchina-mood.jpg\",\"contentUrl\":\"https:\/\/metalco-mobiliar.cz\/news\/wp-content\/uploads\/2013\/07\/panchina-mood.jpg\",\"width\":200,\"height\":200},{\"@type\":\"BreadcrumbList\",\"@id\":\"https:\/\/metalco-mobiliar.cz\/en\/prodotti-en\/mood-panchine-edifici-pubbici\/#breadcrumb\",\"itemListElement\":[{\"@type\":\"ListItem\",\"position\":1,\"name\":\"Home\",\"item\":\"https:\/\/metalco-mobiliar.cz\/en\/\"},{\"@type\":\"ListItem\",\"position\":2,\"name\":\"MOOD BENCHES\"}]},{\"@type\":\"WebSite\",\"@id\":\"https:\/\/metalco-mobiliar.cz\/#website\",\"url\":\"https:\/\/metalco-mobiliar.cz\/\",\"name\":\"Metalco \u2013 m\u011bstsk\u00fd mobili\u00e1\u0159\",\"description\":\"M\u011bstsk\u00fd mobili\u00e1\u0159 Metalco\",\"potentialAction\":[{\"@type\":\"SearchAction\",\"target\":{\"@type\":\"EntryPoint\",\"urlTemplate\":\"https:\/\/metalco-mobiliar.cz\/?s={search_term_string}\"},\"query-input\":\"required name=search_term_string\"}],\"inLanguage\":\"en-US\"}]}<\/script>\n<!-- \/ Yoast SEO plugin. -->","yoast_head_json":{"title":"Panchine per edifici pubblici Mood - Metalco","robots":{"index":"index","follow":"follow","max-snippet":"max-snippet:-1","max-image-preview":"max-image-preview:large","max-video-preview":"max-video-preview:-1"},"canonical":"https:\/\/metalco-mobiliar.cz\/en\/prodotti-en\/mood-panchine-edifici-pubbici\/","og_locale":"en_US","og_type":"article","og_title":"Panchine per edifici pubblici Mood - Metalco","og_description":"MOOD MSD | MSDT Collection of steel benches with backrest and double-sided seat. The MSD model is made from a single sheet laser cut, with circular hole decorations. The MSDT model is composed of a double seat in small tubes and two supports in metal sheet. MOOD MPT | MP Collection of steel benches without [&hellip;]","og_url":"https:\/\/metalco-mobiliar.cz\/en\/prodotti-en\/mood-panchine-edifici-pubbici\/","og_site_name":"Metalco Mobiliar","article_modified_time":"2023-05-11T08:10:08+00:00","og_image":[{"width":200,"height":200,"url":"https:\/\/metalco-mobiliar.cz\/news\/wp-content\/uploads\/2013\/07\/panchina-mood.jpg","type":"image\/jpeg"}],"twitter_misc":{"Est. reading time":"1 minute"},"schema":{"@context":"https:\/\/schema.org","@graph":[{"@type":"WebPage","@id":"https:\/\/metalco-mobiliar.cz\/en\/prodotti-en\/mood-panchine-edifici-pubbici\/","url":"https:\/\/metalco-mobiliar.cz\/en\/prodotti-en\/mood-panchine-edifici-pubbici\/","name":"Panchine per edifici pubblici Mood - Metalco","isPartOf":{"@id":"https:\/\/metalco-mobiliar.cz\/#website"},"primaryImageOfPage":{"@id":"https:\/\/metalco-mobiliar.cz\/en\/prodotti-en\/mood-panchine-edifici-pubbici\/#primaryimage"},"image":{"@id":"https:\/\/metalco-mobiliar.cz\/en\/prodotti-en\/mood-panchine-edifici-pubbici\/#primaryimage"},"thumbnailUrl":"https:\/\/metalco-mobiliar.cz\/news\/wp-content\/uploads\/2013\/07\/panchina-mood.jpg","datePublished":"2013-07-08T14:19:22+00:00","dateModified":"2023-05-11T08:10:08+00:00","breadcrumb":{"@id":"https:\/\/metalco-mobiliar.cz\/en\/prodotti-en\/mood-panchine-edifici-pubbici\/#breadcrumb"},"inLanguage":"en-US","potentialAction":[{"@type":"ReadAction","target":["https:\/\/metalco-mobiliar.cz\/en\/prodotti-en\/mood-panchine-edifici-pubbici\/"]}]},{"@type":"ImageObject","inLanguage":"en-US","@id":"https:\/\/metalco-mobiliar.cz\/en\/prodotti-en\/mood-panchine-edifici-pubbici\/#primaryimage","url":"https:\/\/metalco-mobiliar.cz\/news\/wp-content\/uploads\/2013\/07\/panchina-mood.jpg","contentUrl":"https:\/\/metalco-mobiliar.cz\/news\/wp-content\/uploads\/2013\/07\/panchina-mood.jpg","width":200,"height":200},{"@type":"BreadcrumbList","@id":"https:\/\/metalco-mobiliar.cz\/en\/prodotti-en\/mood-panchine-edifici-pubbici\/#breadcrumb","itemListElement":[{"@type":"ListItem","position":1,"name":"Home","item":"https:\/\/metalco-mobiliar.cz\/en\/"},{"@type":"ListItem","position":2,"name":"MOOD BENCHES"}]},{"@type":"WebSite","@id":"https:\/\/metalco-mobiliar.cz\/#website","url":"https:\/\/metalco-mobiliar.cz\/","name":"Metalco \u2013 m\u011bstsk\u00fd mobili\u00e1\u0159","description":"M\u011bstsk\u00fd mobili\u00e1\u0159 Metalco","potentialAction":[{"@type":"SearchAction","target":{"@type":"EntryPoint","urlTemplate":"https:\/\/metalco-mobiliar.cz\/?s={search_term_string}"},"query-input":"required name=search_term_string"}],"inLanguage":"en-US"}]}},"_links":{"self":[{"href":"https:\/\/metalco-mobiliar.cz\/en\/wp-json\/wp\/v2\/product\/3899"}],"collection":[{"href":"https:\/\/metalco-mobiliar.cz\/en\/wp-json\/wp\/v2\/product"}],"about":[{"href":"https:\/\/metalco-mobiliar.cz\/en\/wp-json\/wp\/v2\/types\/product"}],"replies":[{"embeddable":true,"href":"https:\/\/metalco-mobiliar.cz\/en\/wp-json\/wp\/v2\/comments?post=3899"}],"wp:featuredmedia":[{"embeddable":true,"href":"https:\/\/metalco-mobiliar.cz\/en\/wp-json\/wp\/v2\/media\/1368"}],"wp:attachment":[{"href":"https:\/\/metalco-mobiliar.cz\/en\/wp-json\/wp\/v2\/media?parent=3899"}],"wp:term":[{"taxonomy":"product_cat","embeddable":true,"href":"https:\/\/metalco-mobiliar.cz\/en\/wp-json\/wp\/v2\/product_cat?post=3899"},{"taxonomy":"product_tag","embeddable":true,"href":"https:\/\/metalco-mobiliar.cz\/en\/wp-json\/wp\/v2\/product_tag?post=3899"}],"curies":[{"name":"wp","href":"https:\/\/api.w.org\/{rel}","templated":true}]}}