{"id":3912,"date":"2013-07-03T11:25:01","date_gmt":"2013-07-03T09:25:01","guid":{"rendered":"http:\/\/metalco-mobiliar.cz\/news\/?post_type=product&#038;p=3912"},"modified":"2023-02-28T11:43:08","modified_gmt":"2023-02-28T10:43:08","slug":"pensilis-1223-shelter","status":"publish","type":"product","link":"https:\/\/metalco-mobiliar.cz\/en\/prodotti-en\/pensilis-1223-shelter\/","title":{"rendered":"PENSILIS 1223 SHELTER"},"content":{"rendered":"<p>Shelter composed of load-bearing columns in steel profile and a monolithic frame, made of steel tube and profiles, that supports a roof made of tempered and coupled glass sheets, decorated with screen printing. The back walls are made of coupled glass and equipped with an advertising board made of aluminum profiles and equipped with lighting. The shelter is complete with toponym and it is provided with Sedis bench in Okum\u00e8 wood, fixed to the lower current of the supporting structure. The glass sheets can be equipped with holes for the installation of an additional display board.<\/p>\n<p>POWDER COATED STEEL<\/p>\n<p>FIXINGS: PLATE WITH ANCHORS<\/p>\n<p><strong>Dimensions:<\/strong><br \/>\n<strong>Pensilis 1223<\/strong><br \/>\nL 4280&#215;1223 mm I 1353+2706 mm<br \/>\nH 2383 mm<br \/>\nL seat 2400 mm<\/p>\n<p>&nbsp;<\/p>\n<p style=\"text-align: justify\">\n","protected":false},"excerpt":{"rendered":"<p>Shelter composed of load-bearing columns in steel profile and a monolithic frame, made of steel tube and profiles, that supports a roof made of tempered and coupled glass sheets, decorated with screen printing. The back walls are made of coupled glass and equipped with an advertising board made of aluminum profiles and equipped with lighting. [&hellip;]<\/p>\n","protected":false},"featured_media":37150,"comment_status":"open","ping_status":"closed","template":"","meta":{"_acf_changed":false},"product_cat":[348],"product_tag":[568,569],"class_list":{"0":"post-3912","1":"product","2":"type-product","3":"status-publish","4":"has-post-thumbnail","6":"product_cat-bus-shelter-covers","7":"product_tag-cantilevered-shelter","8":"product_tag-shelter-with-advertising-wall","9":"pa_designers-antonio-citterio-en","10":"pa_designers-toan-nguyen-en","11":"pa_material-glass","12":"pa_material-powder-coated-steel","13":"collezioni-stile-en","14":"catalogo-catalogue-stile-2025","16":"first","17":"instock","18":"shipping-taxable","19":"product-type-simple"},"acf":[],"yoast_head":"<!-- This site is optimized with the Yoast SEO plugin v23.2 - https:\/\/yoast.com\/wordpress\/plugins\/seo\/ -->\n<title>Pensiline per attesa autobus - Metalco<\/title>\n<meta name=\"description\" content=\"Pensiline per attesa autobus: l&#039;espositore pubblicitario illuminato per esterni \u00e8 applicato alla parete laterale sinistra della pensilina. Guarda prodotto!\" \/>\n<meta name=\"robots\" content=\"index, follow, max-snippet:-1, max-image-preview:large, max-video-preview:-1\" \/>\n<link rel=\"canonical\" href=\"https:\/\/metalco-mobiliar.cz\/en\/prodotti-en\/pensilis-1223-shelter\/\" \/>\n<meta property=\"og:locale\" content=\"en_US\" \/>\n<meta property=\"og:type\" content=\"article\" \/>\n<meta property=\"og:title\" content=\"Pensiline per attesa autobus - Metalco\" \/>\n<meta property=\"og:description\" content=\"Pensiline per attesa autobus: l&#039;espositore pubblicitario illuminato per esterni \u00e8 applicato alla parete laterale sinistra della pensilina. Guarda prodotto!\" \/>\n<meta property=\"og:url\" content=\"https:\/\/metalco-mobiliar.cz\/en\/prodotti-en\/pensilis-1223-shelter\/\" \/>\n<meta property=\"og:site_name\" content=\"Metalco Mobiliar\" \/>\n<meta property=\"article:modified_time\" content=\"2023-02-28T10:43:08+00:00\" \/>\n<meta property=\"og:image\" content=\"https:\/\/metalco-mobiliar.cz\/news\/wp-content\/uploads\/2013\/07\/autobusov\u00fd-p\u0159\u00edst\u0159e\u0161ek-Pensilis-1223.jpg\" \/>\n\t<meta property=\"og:image:width\" content=\"200\" \/>\n\t<meta property=\"og:image:height\" content=\"200\" \/>\n\t<meta property=\"og:image:type\" content=\"image\/jpeg\" \/>\n<meta name=\"twitter:label1\" content=\"Est. reading time\" \/>\n\t<meta name=\"twitter:data1\" content=\"1 minute\" \/>\n<script type=\"application\/ld+json\" class=\"yoast-schema-graph\">{\"@context\":\"https:\/\/schema.org\",\"@graph\":[{\"@type\":\"WebPage\",\"@id\":\"https:\/\/metalco-mobiliar.cz\/en\/prodotti-en\/pensilis-1223-shelter\/\",\"url\":\"https:\/\/metalco-mobiliar.cz\/en\/prodotti-en\/pensilis-1223-shelter\/\",\"name\":\"Pensiline per attesa autobus - Metalco\",\"isPartOf\":{\"@id\":\"https:\/\/metalco-mobiliar.cz\/#website\"},\"primaryImageOfPage\":{\"@id\":\"https:\/\/metalco-mobiliar.cz\/en\/prodotti-en\/pensilis-1223-shelter\/#primaryimage\"},\"image\":{\"@id\":\"https:\/\/metalco-mobiliar.cz\/en\/prodotti-en\/pensilis-1223-shelter\/#primaryimage\"},\"thumbnailUrl\":\"https:\/\/metalco-mobiliar.cz\/news\/wp-content\/uploads\/2013\/07\/autobusov\u00fd-p\u0159\u00edst\u0159e\u0161ek-Pensilis-1223.jpg\",\"datePublished\":\"2013-07-03T09:25:01+00:00\",\"dateModified\":\"2023-02-28T10:43:08+00:00\",\"description\":\"Pensiline per attesa autobus: l'espositore pubblicitario illuminato per esterni \u00e8 applicato alla parete laterale sinistra della pensilina. Guarda prodotto!\",\"breadcrumb\":{\"@id\":\"https:\/\/metalco-mobiliar.cz\/en\/prodotti-en\/pensilis-1223-shelter\/#breadcrumb\"},\"inLanguage\":\"en-US\",\"potentialAction\":[{\"@type\":\"ReadAction\",\"target\":[\"https:\/\/metalco-mobiliar.cz\/en\/prodotti-en\/pensilis-1223-shelter\/\"]}]},{\"@type\":\"ImageObject\",\"inLanguage\":\"en-US\",\"@id\":\"https:\/\/metalco-mobiliar.cz\/en\/prodotti-en\/pensilis-1223-shelter\/#primaryimage\",\"url\":\"https:\/\/metalco-mobiliar.cz\/news\/wp-content\/uploads\/2013\/07\/autobusov\u00fd-p\u0159\u00edst\u0159e\u0161ek-Pensilis-1223.jpg\",\"contentUrl\":\"https:\/\/metalco-mobiliar.cz\/news\/wp-content\/uploads\/2013\/07\/autobusov\u00fd-p\u0159\u00edst\u0159e\u0161ek-Pensilis-1223.jpg\",\"width\":200,\"height\":200,\"caption\":\"Autobusov\u00fd p\u0159\u00edst\u0159e\u0161ek Pensilis 1223\"},{\"@type\":\"BreadcrumbList\",\"@id\":\"https:\/\/metalco-mobiliar.cz\/en\/prodotti-en\/pensilis-1223-shelter\/#breadcrumb\",\"itemListElement\":[{\"@type\":\"ListItem\",\"position\":1,\"name\":\"Home\",\"item\":\"https:\/\/metalco-mobiliar.cz\/en\/\"},{\"@type\":\"ListItem\",\"position\":2,\"name\":\"PENSILIS 1223 SHELTER\"}]},{\"@type\":\"WebSite\",\"@id\":\"https:\/\/metalco-mobiliar.cz\/#website\",\"url\":\"https:\/\/metalco-mobiliar.cz\/\",\"name\":\"Metalco \u2013 m\u011bstsk\u00fd mobili\u00e1\u0159\",\"description\":\"M\u011bstsk\u00fd mobili\u00e1\u0159 Metalco\",\"potentialAction\":[{\"@type\":\"SearchAction\",\"target\":{\"@type\":\"EntryPoint\",\"urlTemplate\":\"https:\/\/metalco-mobiliar.cz\/?s={search_term_string}\"},\"query-input\":\"required name=search_term_string\"}],\"inLanguage\":\"en-US\"}]}<\/script>\n<!-- \/ Yoast SEO plugin. -->","yoast_head_json":{"title":"Pensiline per attesa autobus - Metalco","description":"Pensiline per attesa autobus: l'espositore pubblicitario illuminato per esterni \u00e8 applicato alla parete laterale sinistra della pensilina. Guarda prodotto!","robots":{"index":"index","follow":"follow","max-snippet":"max-snippet:-1","max-image-preview":"max-image-preview:large","max-video-preview":"max-video-preview:-1"},"canonical":"https:\/\/metalco-mobiliar.cz\/en\/prodotti-en\/pensilis-1223-shelter\/","og_locale":"en_US","og_type":"article","og_title":"Pensiline per attesa autobus - Metalco","og_description":"Pensiline per attesa autobus: l'espositore pubblicitario illuminato per esterni \u00e8 applicato alla parete laterale sinistra della pensilina. Guarda prodotto!","og_url":"https:\/\/metalco-mobiliar.cz\/en\/prodotti-en\/pensilis-1223-shelter\/","og_site_name":"Metalco Mobiliar","article_modified_time":"2023-02-28T10:43:08+00:00","og_image":[{"width":200,"height":200,"url":"https:\/\/metalco-mobiliar.cz\/news\/wp-content\/uploads\/2013\/07\/autobusov\u00fd-p\u0159\u00edst\u0159e\u0161ek-Pensilis-1223.jpg","type":"image\/jpeg"}],"twitter_misc":{"Est. reading time":"1 minute"},"schema":{"@context":"https:\/\/schema.org","@graph":[{"@type":"WebPage","@id":"https:\/\/metalco-mobiliar.cz\/en\/prodotti-en\/pensilis-1223-shelter\/","url":"https:\/\/metalco-mobiliar.cz\/en\/prodotti-en\/pensilis-1223-shelter\/","name":"Pensiline per attesa autobus - Metalco","isPartOf":{"@id":"https:\/\/metalco-mobiliar.cz\/#website"},"primaryImageOfPage":{"@id":"https:\/\/metalco-mobiliar.cz\/en\/prodotti-en\/pensilis-1223-shelter\/#primaryimage"},"image":{"@id":"https:\/\/metalco-mobiliar.cz\/en\/prodotti-en\/pensilis-1223-shelter\/#primaryimage"},"thumbnailUrl":"https:\/\/metalco-mobiliar.cz\/news\/wp-content\/uploads\/2013\/07\/autobusov\u00fd-p\u0159\u00edst\u0159e\u0161ek-Pensilis-1223.jpg","datePublished":"2013-07-03T09:25:01+00:00","dateModified":"2023-02-28T10:43:08+00:00","description":"Pensiline per attesa autobus: l'espositore pubblicitario illuminato per esterni \u00e8 applicato alla parete laterale sinistra della pensilina. Guarda prodotto!","breadcrumb":{"@id":"https:\/\/metalco-mobiliar.cz\/en\/prodotti-en\/pensilis-1223-shelter\/#breadcrumb"},"inLanguage":"en-US","potentialAction":[{"@type":"ReadAction","target":["https:\/\/metalco-mobiliar.cz\/en\/prodotti-en\/pensilis-1223-shelter\/"]}]},{"@type":"ImageObject","inLanguage":"en-US","@id":"https:\/\/metalco-mobiliar.cz\/en\/prodotti-en\/pensilis-1223-shelter\/#primaryimage","url":"https:\/\/metalco-mobiliar.cz\/news\/wp-content\/uploads\/2013\/07\/autobusov\u00fd-p\u0159\u00edst\u0159e\u0161ek-Pensilis-1223.jpg","contentUrl":"https:\/\/metalco-mobiliar.cz\/news\/wp-content\/uploads\/2013\/07\/autobusov\u00fd-p\u0159\u00edst\u0159e\u0161ek-Pensilis-1223.jpg","width":200,"height":200,"caption":"Autobusov\u00fd p\u0159\u00edst\u0159e\u0161ek Pensilis 1223"},{"@type":"BreadcrumbList","@id":"https:\/\/metalco-mobiliar.cz\/en\/prodotti-en\/pensilis-1223-shelter\/#breadcrumb","itemListElement":[{"@type":"ListItem","position":1,"name":"Home","item":"https:\/\/metalco-mobiliar.cz\/en\/"},{"@type":"ListItem","position":2,"name":"PENSILIS 1223 SHELTER"}]},{"@type":"WebSite","@id":"https:\/\/metalco-mobiliar.cz\/#website","url":"https:\/\/metalco-mobiliar.cz\/","name":"Metalco \u2013 m\u011bstsk\u00fd mobili\u00e1\u0159","description":"M\u011bstsk\u00fd mobili\u00e1\u0159 Metalco","potentialAction":[{"@type":"SearchAction","target":{"@type":"EntryPoint","urlTemplate":"https:\/\/metalco-mobiliar.cz\/?s={search_term_string}"},"query-input":"required name=search_term_string"}],"inLanguage":"en-US"}]}},"_links":{"self":[{"href":"https:\/\/metalco-mobiliar.cz\/en\/wp-json\/wp\/v2\/product\/3912"}],"collection":[{"href":"https:\/\/metalco-mobiliar.cz\/en\/wp-json\/wp\/v2\/product"}],"about":[{"href":"https:\/\/metalco-mobiliar.cz\/en\/wp-json\/wp\/v2\/types\/product"}],"replies":[{"embeddable":true,"href":"https:\/\/metalco-mobiliar.cz\/en\/wp-json\/wp\/v2\/comments?post=3912"}],"wp:featuredmedia":[{"embeddable":true,"href":"https:\/\/metalco-mobiliar.cz\/en\/wp-json\/wp\/v2\/media\/37150"}],"wp:attachment":[{"href":"https:\/\/metalco-mobiliar.cz\/en\/wp-json\/wp\/v2\/media?parent=3912"}],"wp:term":[{"taxonomy":"product_cat","embeddable":true,"href":"https:\/\/metalco-mobiliar.cz\/en\/wp-json\/wp\/v2\/product_cat?post=3912"},{"taxonomy":"product_tag","embeddable":true,"href":"https:\/\/metalco-mobiliar.cz\/en\/wp-json\/wp\/v2\/product_tag?post=3912"}],"curies":[{"name":"wp","href":"https:\/\/api.w.org\/{rel}","templated":true}]}}