{"id":3934,"date":"2013-07-02T16:45:53","date_gmt":"2013-07-02T14:45:53","guid":{"rendered":"http:\/\/metalco-mobiliar.cz\/news\/?post_type=product&#038;p=3934"},"modified":"2023-05-19T11:58:21","modified_gmt":"2023-05-19T09:58:21","slug":"verso-p-x-490-240-barriers","status":"publish","type":"product","link":"https:\/\/metalco-mobiliar.cz\/en\/prodotti-en\/verso-p-x-490-240-barriers\/","title":{"rendered":"VERSO P-X-490-240 BARRIERS"},"content":{"rendered":"<p>Barrier made up of \u201cT\u201d shaped outer profiles in steel plate and an internal stainless steel tube.\u00a0 It\u2019s available also with stainless steel cables, placed horizontally or arranged in an \u201cX\u201d shape.<\/p>\n<p>POWDER COATED STEEL OR CORTEN STEEL + STAINLESS STEEL<\/p>\n<p><strong>FIXINGS:<\/strong> PRE-DRILLED FOR ANCHORS OR BELOW GROUND INSTALLATION<\/p>\n<p><strong>D\u00edmensions and weight:<\/strong><br \/>\n1490&#215;1000 mm (+ 200 mm) 21&nbsp;kg<\/p>\n<p>&nbsp;<\/p>\n<p>&nbsp;<\/p>\n","protected":false},"excerpt":{"rendered":"<p>Barrier made up of \u201cT\u201d shaped outer profiles in steel plate and an internal stainless steel tube.\u00a0 It\u2019s available also with stainless steel cables, placed horizontally or arranged in an \u201cX\u201d shape. POWDER COATED STEEL OR CORTEN STEEL + STAINLESS STEEL FIXINGS: PRE-DRILLED FOR ANCHORS OR BELOW GROUND INSTALLATION D\u00edmensions and weight: 1490&#215;1000 mm (+ [&hellip;]<\/p>\n","protected":false},"featured_media":4705,"comment_status":"open","ping_status":"closed","template":"","meta":{"_acf_changed":false},"product_cat":[390],"product_tag":[578],"class_list":{"0":"post-3934","1":"product","2":"type-product","3":"status-publish","4":"has-post-thumbnail","6":"product_cat-bollards-barriers","7":"product_tag-modular-barrier","8":"pa_designers-alfredo-tasca-en","9":"pa_material-corten-steel","10":"pa_material-powder-coated-steel","11":"pa_material-stainless-steel","12":"collezioni-stile-en","13":"catalogo-catalogue-stile-2025","15":"first","16":"instock","17":"shipping-taxable","18":"product-type-simple"},"acf":[],"yoast_head":"<!-- This site is optimized with the Yoast SEO plugin v23.2 - https:\/\/yoast.com\/wordpress\/plugins\/seo\/ -->\n<title>VERSO P-X-490-240 BARRIERS - Metalco Mobiliar<\/title>\n<meta name=\"robots\" content=\"index, follow, max-snippet:-1, max-image-preview:large, max-video-preview:-1\" \/>\n<link rel=\"canonical\" href=\"https:\/\/metalco-mobiliar.cz\/en\/prodotti-en\/verso-p-x-490-240-barriers\/\" \/>\n<meta property=\"og:locale\" content=\"en_US\" \/>\n<meta property=\"og:type\" content=\"article\" \/>\n<meta property=\"og:title\" content=\"VERSO P-X-490-240 BARRIERS - Metalco Mobiliar\" \/>\n<meta property=\"og:description\" content=\"Barrier made up of \u201cT\u201d shaped outer profiles in steel plate and an internal stainless steel tube.\u00a0 It\u2019s available also with stainless steel cables, placed horizontally or arranged in an \u201cX\u201d shape. POWDER COATED STEEL OR CORTEN STEEL + STAINLESS STEEL FIXINGS: PRE-DRILLED FOR ANCHORS OR BELOW GROUND INSTALLATION D\u00edmensions and weight: 1490&#215;1000 mm (+ [&hellip;]\" \/>\n<meta property=\"og:url\" content=\"https:\/\/metalco-mobiliar.cz\/en\/prodotti-en\/verso-p-x-490-240-barriers\/\" \/>\n<meta property=\"og:site_name\" content=\"Metalco Mobiliar\" \/>\n<meta property=\"article:modified_time\" content=\"2023-05-19T09:58:21+00:00\" \/>\n<meta property=\"og:image\" content=\"https:\/\/metalco-mobiliar.cz\/news\/wp-content\/uploads\/2013\/07\/VERSO.jpg\" \/>\n\t<meta property=\"og:image:width\" content=\"200\" \/>\n\t<meta property=\"og:image:height\" content=\"200\" \/>\n\t<meta property=\"og:image:type\" content=\"image\/jpeg\" \/>\n<script type=\"application\/ld+json\" class=\"yoast-schema-graph\">{\"@context\":\"https:\/\/schema.org\",\"@graph\":[{\"@type\":\"WebPage\",\"@id\":\"https:\/\/metalco-mobiliar.cz\/en\/prodotti-en\/verso-p-x-490-240-barriers\/\",\"url\":\"https:\/\/metalco-mobiliar.cz\/en\/prodotti-en\/verso-p-x-490-240-barriers\/\",\"name\":\"VERSO P-X-490-240 BARRIERS - Metalco Mobiliar\",\"isPartOf\":{\"@id\":\"https:\/\/metalco-mobiliar.cz\/#website\"},\"primaryImageOfPage\":{\"@id\":\"https:\/\/metalco-mobiliar.cz\/en\/prodotti-en\/verso-p-x-490-240-barriers\/#primaryimage\"},\"image\":{\"@id\":\"https:\/\/metalco-mobiliar.cz\/en\/prodotti-en\/verso-p-x-490-240-barriers\/#primaryimage\"},\"thumbnailUrl\":\"https:\/\/metalco-mobiliar.cz\/news\/wp-content\/uploads\/2013\/07\/VERSO.jpg\",\"datePublished\":\"2013-07-02T14:45:53+00:00\",\"dateModified\":\"2023-05-19T09:58:21+00:00\",\"breadcrumb\":{\"@id\":\"https:\/\/metalco-mobiliar.cz\/en\/prodotti-en\/verso-p-x-490-240-barriers\/#breadcrumb\"},\"inLanguage\":\"en-US\",\"potentialAction\":[{\"@type\":\"ReadAction\",\"target\":[\"https:\/\/metalco-mobiliar.cz\/en\/prodotti-en\/verso-p-x-490-240-barriers\/\"]}]},{\"@type\":\"ImageObject\",\"inLanguage\":\"en-US\",\"@id\":\"https:\/\/metalco-mobiliar.cz\/en\/prodotti-en\/verso-p-x-490-240-barriers\/#primaryimage\",\"url\":\"https:\/\/metalco-mobiliar.cz\/news\/wp-content\/uploads\/2013\/07\/VERSO.jpg\",\"contentUrl\":\"https:\/\/metalco-mobiliar.cz\/news\/wp-content\/uploads\/2013\/07\/VERSO.jpg\",\"width\":200,\"height\":200},{\"@type\":\"BreadcrumbList\",\"@id\":\"https:\/\/metalco-mobiliar.cz\/en\/prodotti-en\/verso-p-x-490-240-barriers\/#breadcrumb\",\"itemListElement\":[{\"@type\":\"ListItem\",\"position\":1,\"name\":\"Home\",\"item\":\"https:\/\/metalco-mobiliar.cz\/en\/\"},{\"@type\":\"ListItem\",\"position\":2,\"name\":\"VERSO P-X-490-240 BARRIERS\"}]},{\"@type\":\"WebSite\",\"@id\":\"https:\/\/metalco-mobiliar.cz\/#website\",\"url\":\"https:\/\/metalco-mobiliar.cz\/\",\"name\":\"Metalco \u2013 m\u011bstsk\u00fd mobili\u00e1\u0159\",\"description\":\"M\u011bstsk\u00fd mobili\u00e1\u0159 Metalco\",\"potentialAction\":[{\"@type\":\"SearchAction\",\"target\":{\"@type\":\"EntryPoint\",\"urlTemplate\":\"https:\/\/metalco-mobiliar.cz\/?s={search_term_string}\"},\"query-input\":\"required name=search_term_string\"}],\"inLanguage\":\"en-US\"}]}<\/script>\n<!-- \/ Yoast SEO plugin. -->","yoast_head_json":{"title":"VERSO P-X-490-240 BARRIERS - Metalco Mobiliar","robots":{"index":"index","follow":"follow","max-snippet":"max-snippet:-1","max-image-preview":"max-image-preview:large","max-video-preview":"max-video-preview:-1"},"canonical":"https:\/\/metalco-mobiliar.cz\/en\/prodotti-en\/verso-p-x-490-240-barriers\/","og_locale":"en_US","og_type":"article","og_title":"VERSO P-X-490-240 BARRIERS - Metalco Mobiliar","og_description":"Barrier made up of \u201cT\u201d shaped outer profiles in steel plate and an internal stainless steel tube.\u00a0 It\u2019s available also with stainless steel cables, placed horizontally or arranged in an \u201cX\u201d shape. POWDER COATED STEEL OR CORTEN STEEL + STAINLESS STEEL FIXINGS: PRE-DRILLED FOR ANCHORS OR BELOW GROUND INSTALLATION D\u00edmensions and weight: 1490&#215;1000 mm (+ [&hellip;]","og_url":"https:\/\/metalco-mobiliar.cz\/en\/prodotti-en\/verso-p-x-490-240-barriers\/","og_site_name":"Metalco Mobiliar","article_modified_time":"2023-05-19T09:58:21+00:00","og_image":[{"width":200,"height":200,"url":"https:\/\/metalco-mobiliar.cz\/news\/wp-content\/uploads\/2013\/07\/VERSO.jpg","type":"image\/jpeg"}],"schema":{"@context":"https:\/\/schema.org","@graph":[{"@type":"WebPage","@id":"https:\/\/metalco-mobiliar.cz\/en\/prodotti-en\/verso-p-x-490-240-barriers\/","url":"https:\/\/metalco-mobiliar.cz\/en\/prodotti-en\/verso-p-x-490-240-barriers\/","name":"VERSO P-X-490-240 BARRIERS - Metalco Mobiliar","isPartOf":{"@id":"https:\/\/metalco-mobiliar.cz\/#website"},"primaryImageOfPage":{"@id":"https:\/\/metalco-mobiliar.cz\/en\/prodotti-en\/verso-p-x-490-240-barriers\/#primaryimage"},"image":{"@id":"https:\/\/metalco-mobiliar.cz\/en\/prodotti-en\/verso-p-x-490-240-barriers\/#primaryimage"},"thumbnailUrl":"https:\/\/metalco-mobiliar.cz\/news\/wp-content\/uploads\/2013\/07\/VERSO.jpg","datePublished":"2013-07-02T14:45:53+00:00","dateModified":"2023-05-19T09:58:21+00:00","breadcrumb":{"@id":"https:\/\/metalco-mobiliar.cz\/en\/prodotti-en\/verso-p-x-490-240-barriers\/#breadcrumb"},"inLanguage":"en-US","potentialAction":[{"@type":"ReadAction","target":["https:\/\/metalco-mobiliar.cz\/en\/prodotti-en\/verso-p-x-490-240-barriers\/"]}]},{"@type":"ImageObject","inLanguage":"en-US","@id":"https:\/\/metalco-mobiliar.cz\/en\/prodotti-en\/verso-p-x-490-240-barriers\/#primaryimage","url":"https:\/\/metalco-mobiliar.cz\/news\/wp-content\/uploads\/2013\/07\/VERSO.jpg","contentUrl":"https:\/\/metalco-mobiliar.cz\/news\/wp-content\/uploads\/2013\/07\/VERSO.jpg","width":200,"height":200},{"@type":"BreadcrumbList","@id":"https:\/\/metalco-mobiliar.cz\/en\/prodotti-en\/verso-p-x-490-240-barriers\/#breadcrumb","itemListElement":[{"@type":"ListItem","position":1,"name":"Home","item":"https:\/\/metalco-mobiliar.cz\/en\/"},{"@type":"ListItem","position":2,"name":"VERSO P-X-490-240 BARRIERS"}]},{"@type":"WebSite","@id":"https:\/\/metalco-mobiliar.cz\/#website","url":"https:\/\/metalco-mobiliar.cz\/","name":"Metalco \u2013 m\u011bstsk\u00fd mobili\u00e1\u0159","description":"M\u011bstsk\u00fd mobili\u00e1\u0159 Metalco","potentialAction":[{"@type":"SearchAction","target":{"@type":"EntryPoint","urlTemplate":"https:\/\/metalco-mobiliar.cz\/?s={search_term_string}"},"query-input":"required name=search_term_string"}],"inLanguage":"en-US"}]}},"_links":{"self":[{"href":"https:\/\/metalco-mobiliar.cz\/en\/wp-json\/wp\/v2\/product\/3934"}],"collection":[{"href":"https:\/\/metalco-mobiliar.cz\/en\/wp-json\/wp\/v2\/product"}],"about":[{"href":"https:\/\/metalco-mobiliar.cz\/en\/wp-json\/wp\/v2\/types\/product"}],"replies":[{"embeddable":true,"href":"https:\/\/metalco-mobiliar.cz\/en\/wp-json\/wp\/v2\/comments?post=3934"}],"wp:featuredmedia":[{"embeddable":true,"href":"https:\/\/metalco-mobiliar.cz\/en\/wp-json\/wp\/v2\/media\/4705"}],"wp:attachment":[{"href":"https:\/\/metalco-mobiliar.cz\/en\/wp-json\/wp\/v2\/media?parent=3934"}],"wp:term":[{"taxonomy":"product_cat","embeddable":true,"href":"https:\/\/metalco-mobiliar.cz\/en\/wp-json\/wp\/v2\/product_cat?post=3934"},{"taxonomy":"product_tag","embeddable":true,"href":"https:\/\/metalco-mobiliar.cz\/en\/wp-json\/wp\/v2\/product_tag?post=3934"}],"curies":[{"name":"wp","href":"https:\/\/api.w.org\/{rel}","templated":true}]}}