{"id":3945,"date":"2013-07-02T16:08:14","date_gmt":"2013-07-02T14:08:14","guid":{"rendered":"http:\/\/metalco-mobiliar.cz\/news\/?post_type=product&#038;p=3945"},"modified":"2023-05-04T12:16:27","modified_gmt":"2023-05-04T10:16:27","slug":"istra-bollard","status":"publish","type":"product","link":"https:\/\/metalco-mobiliar.cz\/en\/prodotti-en\/istra-bollard\/","title":{"rendered":"ISTRA BOLLARD"},"content":{"rendered":"<p>Pedestrian bollard made in cast aluminium with embossed leaf motifs.<\/p>\n<p>POWDER COATED ALUMINUM<\/p>\n<p><strong>Dimensions and weight:<\/strong><br \/>\n\u00d8 85 mm H 960 mm (+ 150 mm)<br \/>\n6&nbsp;kg<\/p>\n<p>FIXINGS: PRE-DRILLED FOR ANCHORS OR BELOW GROUND INSTALLATION<\/p>\n","protected":false},"excerpt":{"rendered":"<p>Pedestrian bollard made in cast aluminium with embossed leaf motifs. POWDER COATED ALUMINUM Dimensions and weight: \u00d8 85 mm H 960 mm (+ 150 mm) 6&nbsp;kg FIXINGS: PRE-DRILLED FOR ANCHORS OR BELOW GROUND INSTALLATION<\/p>\n","protected":false},"featured_media":17912,"comment_status":"open","ping_status":"closed","template":"","meta":{"_acf_changed":false},"product_cat":[390],"product_tag":[],"class_list":{"0":"post-3945","1":"product","2":"type-product","3":"status-publish","4":"has-post-thumbnail","6":"product_cat-bollards-barriers","7":"pa_designers-aurel-design-urbain-en","8":"pa_material-powder-coated-aluminum","9":"collezioni-stile-en","10":"catalogo-catalogue-stile-2025","12":"first","13":"instock","14":"shipping-taxable","15":"product-type-simple"},"acf":[],"yoast_head":"<!-- This site is optimized with the Yoast SEO plugin v23.2 - https:\/\/yoast.com\/wordpress\/plugins\/seo\/ -->\n<title>ISTRA BOLLARD - Metalco Mobiliar<\/title>\n<meta name=\"robots\" content=\"index, follow, max-snippet:-1, max-image-preview:large, max-video-preview:-1\" \/>\n<link rel=\"canonical\" href=\"https:\/\/metalco-mobiliar.cz\/en\/prodotti-en\/istra-bollard\/\" \/>\n<meta property=\"og:locale\" content=\"en_US\" \/>\n<meta property=\"og:type\" content=\"article\" \/>\n<meta property=\"og:title\" content=\"ISTRA BOLLARD - Metalco Mobiliar\" \/>\n<meta property=\"og:description\" content=\"Pedestrian bollard made in cast aluminium with embossed leaf motifs. POWDER COATED ALUMINUM Dimensions and weight: \u00d8 85 mm H 960 mm (+ 150 mm) 6&nbsp;kg FIXINGS: PRE-DRILLED FOR ANCHORS OR BELOW GROUND INSTALLATION\" \/>\n<meta property=\"og:url\" content=\"https:\/\/metalco-mobiliar.cz\/en\/prodotti-en\/istra-bollard\/\" \/>\n<meta property=\"og:site_name\" content=\"Metalco Mobiliar\" \/>\n<meta property=\"article:modified_time\" content=\"2023-05-04T10:16:27+00:00\" \/>\n<meta property=\"og:image\" content=\"https:\/\/metalco-mobiliar.cz\/news\/wp-content\/uploads\/2013\/07\/ISTRA.jpg\" \/>\n\t<meta property=\"og:image:width\" content=\"200\" \/>\n\t<meta property=\"og:image:height\" content=\"200\" \/>\n\t<meta property=\"og:image:type\" content=\"image\/jpeg\" \/>\n<script type=\"application\/ld+json\" class=\"yoast-schema-graph\">{\"@context\":\"https:\/\/schema.org\",\"@graph\":[{\"@type\":\"WebPage\",\"@id\":\"https:\/\/metalco-mobiliar.cz\/en\/prodotti-en\/istra-bollard\/\",\"url\":\"https:\/\/metalco-mobiliar.cz\/en\/prodotti-en\/istra-bollard\/\",\"name\":\"ISTRA BOLLARD - Metalco Mobiliar\",\"isPartOf\":{\"@id\":\"https:\/\/metalco-mobiliar.cz\/#website\"},\"primaryImageOfPage\":{\"@id\":\"https:\/\/metalco-mobiliar.cz\/en\/prodotti-en\/istra-bollard\/#primaryimage\"},\"image\":{\"@id\":\"https:\/\/metalco-mobiliar.cz\/en\/prodotti-en\/istra-bollard\/#primaryimage\"},\"thumbnailUrl\":\"https:\/\/metalco-mobiliar.cz\/news\/wp-content\/uploads\/2013\/07\/ISTRA.jpg\",\"datePublished\":\"2013-07-02T14:08:14+00:00\",\"dateModified\":\"2023-05-04T10:16:27+00:00\",\"breadcrumb\":{\"@id\":\"https:\/\/metalco-mobiliar.cz\/en\/prodotti-en\/istra-bollard\/#breadcrumb\"},\"inLanguage\":\"en-US\",\"potentialAction\":[{\"@type\":\"ReadAction\",\"target\":[\"https:\/\/metalco-mobiliar.cz\/en\/prodotti-en\/istra-bollard\/\"]}]},{\"@type\":\"ImageObject\",\"inLanguage\":\"en-US\",\"@id\":\"https:\/\/metalco-mobiliar.cz\/en\/prodotti-en\/istra-bollard\/#primaryimage\",\"url\":\"https:\/\/metalco-mobiliar.cz\/news\/wp-content\/uploads\/2013\/07\/ISTRA.jpg\",\"contentUrl\":\"https:\/\/metalco-mobiliar.cz\/news\/wp-content\/uploads\/2013\/07\/ISTRA.jpg\",\"width\":200,\"height\":200},{\"@type\":\"BreadcrumbList\",\"@id\":\"https:\/\/metalco-mobiliar.cz\/en\/prodotti-en\/istra-bollard\/#breadcrumb\",\"itemListElement\":[{\"@type\":\"ListItem\",\"position\":1,\"name\":\"Home\",\"item\":\"https:\/\/metalco-mobiliar.cz\/en\/\"},{\"@type\":\"ListItem\",\"position\":2,\"name\":\"ISTRA BOLLARD\"}]},{\"@type\":\"WebSite\",\"@id\":\"https:\/\/metalco-mobiliar.cz\/#website\",\"url\":\"https:\/\/metalco-mobiliar.cz\/\",\"name\":\"Metalco \u2013 m\u011bstsk\u00fd mobili\u00e1\u0159\",\"description\":\"M\u011bstsk\u00fd mobili\u00e1\u0159 Metalco\",\"potentialAction\":[{\"@type\":\"SearchAction\",\"target\":{\"@type\":\"EntryPoint\",\"urlTemplate\":\"https:\/\/metalco-mobiliar.cz\/?s={search_term_string}\"},\"query-input\":\"required name=search_term_string\"}],\"inLanguage\":\"en-US\"}]}<\/script>\n<!-- \/ Yoast SEO plugin. -->","yoast_head_json":{"title":"ISTRA BOLLARD - Metalco Mobiliar","robots":{"index":"index","follow":"follow","max-snippet":"max-snippet:-1","max-image-preview":"max-image-preview:large","max-video-preview":"max-video-preview:-1"},"canonical":"https:\/\/metalco-mobiliar.cz\/en\/prodotti-en\/istra-bollard\/","og_locale":"en_US","og_type":"article","og_title":"ISTRA BOLLARD - Metalco Mobiliar","og_description":"Pedestrian bollard made in cast aluminium with embossed leaf motifs. POWDER COATED ALUMINUM Dimensions and weight: \u00d8 85 mm H 960 mm (+ 150 mm) 6&nbsp;kg FIXINGS: PRE-DRILLED FOR ANCHORS OR BELOW GROUND INSTALLATION","og_url":"https:\/\/metalco-mobiliar.cz\/en\/prodotti-en\/istra-bollard\/","og_site_name":"Metalco Mobiliar","article_modified_time":"2023-05-04T10:16:27+00:00","og_image":[{"width":200,"height":200,"url":"https:\/\/metalco-mobiliar.cz\/news\/wp-content\/uploads\/2013\/07\/ISTRA.jpg","type":"image\/jpeg"}],"schema":{"@context":"https:\/\/schema.org","@graph":[{"@type":"WebPage","@id":"https:\/\/metalco-mobiliar.cz\/en\/prodotti-en\/istra-bollard\/","url":"https:\/\/metalco-mobiliar.cz\/en\/prodotti-en\/istra-bollard\/","name":"ISTRA BOLLARD - Metalco Mobiliar","isPartOf":{"@id":"https:\/\/metalco-mobiliar.cz\/#website"},"primaryImageOfPage":{"@id":"https:\/\/metalco-mobiliar.cz\/en\/prodotti-en\/istra-bollard\/#primaryimage"},"image":{"@id":"https:\/\/metalco-mobiliar.cz\/en\/prodotti-en\/istra-bollard\/#primaryimage"},"thumbnailUrl":"https:\/\/metalco-mobiliar.cz\/news\/wp-content\/uploads\/2013\/07\/ISTRA.jpg","datePublished":"2013-07-02T14:08:14+00:00","dateModified":"2023-05-04T10:16:27+00:00","breadcrumb":{"@id":"https:\/\/metalco-mobiliar.cz\/en\/prodotti-en\/istra-bollard\/#breadcrumb"},"inLanguage":"en-US","potentialAction":[{"@type":"ReadAction","target":["https:\/\/metalco-mobiliar.cz\/en\/prodotti-en\/istra-bollard\/"]}]},{"@type":"ImageObject","inLanguage":"en-US","@id":"https:\/\/metalco-mobiliar.cz\/en\/prodotti-en\/istra-bollard\/#primaryimage","url":"https:\/\/metalco-mobiliar.cz\/news\/wp-content\/uploads\/2013\/07\/ISTRA.jpg","contentUrl":"https:\/\/metalco-mobiliar.cz\/news\/wp-content\/uploads\/2013\/07\/ISTRA.jpg","width":200,"height":200},{"@type":"BreadcrumbList","@id":"https:\/\/metalco-mobiliar.cz\/en\/prodotti-en\/istra-bollard\/#breadcrumb","itemListElement":[{"@type":"ListItem","position":1,"name":"Home","item":"https:\/\/metalco-mobiliar.cz\/en\/"},{"@type":"ListItem","position":2,"name":"ISTRA BOLLARD"}]},{"@type":"WebSite","@id":"https:\/\/metalco-mobiliar.cz\/#website","url":"https:\/\/metalco-mobiliar.cz\/","name":"Metalco \u2013 m\u011bstsk\u00fd mobili\u00e1\u0159","description":"M\u011bstsk\u00fd mobili\u00e1\u0159 Metalco","potentialAction":[{"@type":"SearchAction","target":{"@type":"EntryPoint","urlTemplate":"https:\/\/metalco-mobiliar.cz\/?s={search_term_string}"},"query-input":"required name=search_term_string"}],"inLanguage":"en-US"}]}},"_links":{"self":[{"href":"https:\/\/metalco-mobiliar.cz\/en\/wp-json\/wp\/v2\/product\/3945"}],"collection":[{"href":"https:\/\/metalco-mobiliar.cz\/en\/wp-json\/wp\/v2\/product"}],"about":[{"href":"https:\/\/metalco-mobiliar.cz\/en\/wp-json\/wp\/v2\/types\/product"}],"replies":[{"embeddable":true,"href":"https:\/\/metalco-mobiliar.cz\/en\/wp-json\/wp\/v2\/comments?post=3945"}],"wp:featuredmedia":[{"embeddable":true,"href":"https:\/\/metalco-mobiliar.cz\/en\/wp-json\/wp\/v2\/media\/17912"}],"wp:attachment":[{"href":"https:\/\/metalco-mobiliar.cz\/en\/wp-json\/wp\/v2\/media?parent=3945"}],"wp:term":[{"taxonomy":"product_cat","embeddable":true,"href":"https:\/\/metalco-mobiliar.cz\/en\/wp-json\/wp\/v2\/product_cat?post=3945"},{"taxonomy":"product_tag","embeddable":true,"href":"https:\/\/metalco-mobiliar.cz\/en\/wp-json\/wp\/v2\/product_tag?post=3945"}],"curies":[{"name":"wp","href":"https:\/\/api.w.org\/{rel}","templated":true}]}}