{"id":3949,"date":"2013-07-02T16:00:41","date_gmt":"2013-07-02T14:00:41","guid":{"rendered":"http:\/\/metalco-mobiliar.cz\/news\/?post_type=product&#038;p=3949"},"modified":"2023-05-02T13:36:15","modified_gmt":"2023-05-02T11:36:15","slug":"gitter-barrier","status":"publish","type":"product","link":"https:\/\/metalco-mobiliar.cz\/en\/prodotti-en\/gitter-barrier\/","title":{"rendered":"GITTER BARRIER"},"content":{"rendered":"<p>Modular barrier made up by connecting thick, folded plates, shaped like a large mesh net. The handrail is cylindrical stainless steel tube. The panel, also available in a \u201cterminal\u201d version (half panel with vertical plate), is prepared for installation into concrete foundations thanks to the lower foot in rectangular tube.<\/p>\n<p>POWDER COATED STEEL OR CORTEN STEEL + STAINLESS STEEL<\/p>\n<p><strong>Dimensions and weight:<\/strong><br \/>\n1376&#215;1028 mm (+ 240 mm) base 35&nbsp;kg<br \/>\n2626&#215;1028 mm (+ 240 mm) base 61&nbsp;kg<br \/>\n1250&#215;1028 mm (+ 240 mm) comp. 25&nbsp;kg<br \/>\n2500&#215;1028 (+ 240 mm) comp. 50&nbsp;kg<\/p>\n<p>FIXINGS: BELOW GROUND INSTALLATION<\/p>\n","protected":false},"excerpt":{"rendered":"<p>Modular barrier made up by connecting thick, folded plates, shaped like a large mesh net. The handrail is cylindrical stainless steel tube. The panel, also available in a \u201cterminal\u201d version (half panel with vertical plate), is prepared for installation into concrete foundations thanks to the lower foot in rectangular tube. POWDER COATED STEEL OR CORTEN [&hellip;]<\/p>\n","protected":false},"featured_media":36317,"comment_status":"open","ping_status":"closed","template":"","meta":{"_acf_changed":false},"product_cat":[390],"product_tag":[],"class_list":{"0":"post-3949","1":"product","2":"type-product","3":"status-publish","4":"has-post-thumbnail","6":"product_cat-bollards-barriers","7":"pa_designers-staubach-kuckertz-2","8":"pa_material-corten-steel","9":"pa_material-powder-coated-steel","10":"pa_material-stainless-steel","11":"collezioni-stile-en","12":"catalogo-catalogue-stile-2025","14":"first","15":"instock","16":"shipping-taxable","17":"product-type-simple"},"acf":[],"yoast_head":"<!-- This site is optimized with the Yoast SEO plugin v23.2 - https:\/\/yoast.com\/wordpress\/plugins\/seo\/ -->\n<title>GITTER BARRIER - Metalco Mobiliar<\/title>\n<meta name=\"robots\" content=\"index, follow, max-snippet:-1, max-image-preview:large, max-video-preview:-1\" \/>\n<link rel=\"canonical\" href=\"https:\/\/metalco-mobiliar.cz\/en\/prodotti-en\/gitter-barrier\/\" \/>\n<meta property=\"og:locale\" content=\"en_US\" \/>\n<meta property=\"og:type\" content=\"article\" \/>\n<meta property=\"og:title\" content=\"GITTER BARRIER - Metalco Mobiliar\" \/>\n<meta property=\"og:description\" content=\"Modular barrier made up by connecting thick, folded plates, shaped like a large mesh net. The handrail is cylindrical stainless steel tube. The panel, also available in a \u201cterminal\u201d version (half panel with vertical plate), is prepared for installation into concrete foundations thanks to the lower foot in rectangular tube. POWDER COATED STEEL OR CORTEN [&hellip;]\" \/>\n<meta property=\"og:url\" content=\"https:\/\/metalco-mobiliar.cz\/en\/prodotti-en\/gitter-barrier\/\" \/>\n<meta property=\"og:site_name\" content=\"Metalco Mobiliar\" \/>\n<meta property=\"article:modified_time\" content=\"2023-05-02T11:36:15+00:00\" \/>\n<meta property=\"og:image\" content=\"https:\/\/metalco-mobiliar.cz\/news\/wp-content\/uploads\/2013\/07\/z\u00e1bradl\u00ed-GITTER-I.jpg\" \/>\n\t<meta property=\"og:image:width\" content=\"200\" \/>\n\t<meta property=\"og:image:height\" content=\"200\" \/>\n\t<meta property=\"og:image:type\" content=\"image\/jpeg\" \/>\n<script type=\"application\/ld+json\" class=\"yoast-schema-graph\">{\"@context\":\"https:\/\/schema.org\",\"@graph\":[{\"@type\":\"WebPage\",\"@id\":\"https:\/\/metalco-mobiliar.cz\/en\/prodotti-en\/gitter-barrier\/\",\"url\":\"https:\/\/metalco-mobiliar.cz\/en\/prodotti-en\/gitter-barrier\/\",\"name\":\"GITTER BARRIER - Metalco Mobiliar\",\"isPartOf\":{\"@id\":\"https:\/\/metalco-mobiliar.cz\/#website\"},\"primaryImageOfPage\":{\"@id\":\"https:\/\/metalco-mobiliar.cz\/en\/prodotti-en\/gitter-barrier\/#primaryimage\"},\"image\":{\"@id\":\"https:\/\/metalco-mobiliar.cz\/en\/prodotti-en\/gitter-barrier\/#primaryimage\"},\"thumbnailUrl\":\"https:\/\/metalco-mobiliar.cz\/news\/wp-content\/uploads\/2013\/07\/z\u00e1bradl\u00ed-GITTER-I.jpg\",\"datePublished\":\"2013-07-02T14:00:41+00:00\",\"dateModified\":\"2023-05-02T11:36:15+00:00\",\"breadcrumb\":{\"@id\":\"https:\/\/metalco-mobiliar.cz\/en\/prodotti-en\/gitter-barrier\/#breadcrumb\"},\"inLanguage\":\"en-US\",\"potentialAction\":[{\"@type\":\"ReadAction\",\"target\":[\"https:\/\/metalco-mobiliar.cz\/en\/prodotti-en\/gitter-barrier\/\"]}]},{\"@type\":\"ImageObject\",\"inLanguage\":\"en-US\",\"@id\":\"https:\/\/metalco-mobiliar.cz\/en\/prodotti-en\/gitter-barrier\/#primaryimage\",\"url\":\"https:\/\/metalco-mobiliar.cz\/news\/wp-content\/uploads\/2013\/07\/z\u00e1bradl\u00ed-GITTER-I.jpg\",\"contentUrl\":\"https:\/\/metalco-mobiliar.cz\/news\/wp-content\/uploads\/2013\/07\/z\u00e1bradl\u00ed-GITTER-I.jpg\",\"width\":200,\"height\":200,\"caption\":\"z\u00e1bradl\u00ed\"},{\"@type\":\"BreadcrumbList\",\"@id\":\"https:\/\/metalco-mobiliar.cz\/en\/prodotti-en\/gitter-barrier\/#breadcrumb\",\"itemListElement\":[{\"@type\":\"ListItem\",\"position\":1,\"name\":\"Home\",\"item\":\"https:\/\/metalco-mobiliar.cz\/en\/\"},{\"@type\":\"ListItem\",\"position\":2,\"name\":\"GITTER BARRIER\"}]},{\"@type\":\"WebSite\",\"@id\":\"https:\/\/metalco-mobiliar.cz\/#website\",\"url\":\"https:\/\/metalco-mobiliar.cz\/\",\"name\":\"Metalco \u2013 m\u011bstsk\u00fd mobili\u00e1\u0159\",\"description\":\"M\u011bstsk\u00fd mobili\u00e1\u0159 Metalco\",\"potentialAction\":[{\"@type\":\"SearchAction\",\"target\":{\"@type\":\"EntryPoint\",\"urlTemplate\":\"https:\/\/metalco-mobiliar.cz\/?s={search_term_string}\"},\"query-input\":\"required name=search_term_string\"}],\"inLanguage\":\"en-US\"}]}<\/script>\n<!-- \/ Yoast SEO plugin. -->","yoast_head_json":{"title":"GITTER BARRIER - Metalco Mobiliar","robots":{"index":"index","follow":"follow","max-snippet":"max-snippet:-1","max-image-preview":"max-image-preview:large","max-video-preview":"max-video-preview:-1"},"canonical":"https:\/\/metalco-mobiliar.cz\/en\/prodotti-en\/gitter-barrier\/","og_locale":"en_US","og_type":"article","og_title":"GITTER BARRIER - Metalco Mobiliar","og_description":"Modular barrier made up by connecting thick, folded plates, shaped like a large mesh net. The handrail is cylindrical stainless steel tube. The panel, also available in a \u201cterminal\u201d version (half panel with vertical plate), is prepared for installation into concrete foundations thanks to the lower foot in rectangular tube. POWDER COATED STEEL OR CORTEN [&hellip;]","og_url":"https:\/\/metalco-mobiliar.cz\/en\/prodotti-en\/gitter-barrier\/","og_site_name":"Metalco Mobiliar","article_modified_time":"2023-05-02T11:36:15+00:00","og_image":[{"width":200,"height":200,"url":"https:\/\/metalco-mobiliar.cz\/news\/wp-content\/uploads\/2013\/07\/z\u00e1bradl\u00ed-GITTER-I.jpg","type":"image\/jpeg"}],"schema":{"@context":"https:\/\/schema.org","@graph":[{"@type":"WebPage","@id":"https:\/\/metalco-mobiliar.cz\/en\/prodotti-en\/gitter-barrier\/","url":"https:\/\/metalco-mobiliar.cz\/en\/prodotti-en\/gitter-barrier\/","name":"GITTER BARRIER - Metalco Mobiliar","isPartOf":{"@id":"https:\/\/metalco-mobiliar.cz\/#website"},"primaryImageOfPage":{"@id":"https:\/\/metalco-mobiliar.cz\/en\/prodotti-en\/gitter-barrier\/#primaryimage"},"image":{"@id":"https:\/\/metalco-mobiliar.cz\/en\/prodotti-en\/gitter-barrier\/#primaryimage"},"thumbnailUrl":"https:\/\/metalco-mobiliar.cz\/news\/wp-content\/uploads\/2013\/07\/z\u00e1bradl\u00ed-GITTER-I.jpg","datePublished":"2013-07-02T14:00:41+00:00","dateModified":"2023-05-02T11:36:15+00:00","breadcrumb":{"@id":"https:\/\/metalco-mobiliar.cz\/en\/prodotti-en\/gitter-barrier\/#breadcrumb"},"inLanguage":"en-US","potentialAction":[{"@type":"ReadAction","target":["https:\/\/metalco-mobiliar.cz\/en\/prodotti-en\/gitter-barrier\/"]}]},{"@type":"ImageObject","inLanguage":"en-US","@id":"https:\/\/metalco-mobiliar.cz\/en\/prodotti-en\/gitter-barrier\/#primaryimage","url":"https:\/\/metalco-mobiliar.cz\/news\/wp-content\/uploads\/2013\/07\/z\u00e1bradl\u00ed-GITTER-I.jpg","contentUrl":"https:\/\/metalco-mobiliar.cz\/news\/wp-content\/uploads\/2013\/07\/z\u00e1bradl\u00ed-GITTER-I.jpg","width":200,"height":200,"caption":"z\u00e1bradl\u00ed"},{"@type":"BreadcrumbList","@id":"https:\/\/metalco-mobiliar.cz\/en\/prodotti-en\/gitter-barrier\/#breadcrumb","itemListElement":[{"@type":"ListItem","position":1,"name":"Home","item":"https:\/\/metalco-mobiliar.cz\/en\/"},{"@type":"ListItem","position":2,"name":"GITTER BARRIER"}]},{"@type":"WebSite","@id":"https:\/\/metalco-mobiliar.cz\/#website","url":"https:\/\/metalco-mobiliar.cz\/","name":"Metalco \u2013 m\u011bstsk\u00fd mobili\u00e1\u0159","description":"M\u011bstsk\u00fd mobili\u00e1\u0159 Metalco","potentialAction":[{"@type":"SearchAction","target":{"@type":"EntryPoint","urlTemplate":"https:\/\/metalco-mobiliar.cz\/?s={search_term_string}"},"query-input":"required name=search_term_string"}],"inLanguage":"en-US"}]}},"_links":{"self":[{"href":"https:\/\/metalco-mobiliar.cz\/en\/wp-json\/wp\/v2\/product\/3949"}],"collection":[{"href":"https:\/\/metalco-mobiliar.cz\/en\/wp-json\/wp\/v2\/product"}],"about":[{"href":"https:\/\/metalco-mobiliar.cz\/en\/wp-json\/wp\/v2\/types\/product"}],"replies":[{"embeddable":true,"href":"https:\/\/metalco-mobiliar.cz\/en\/wp-json\/wp\/v2\/comments?post=3949"}],"wp:featuredmedia":[{"embeddable":true,"href":"https:\/\/metalco-mobiliar.cz\/en\/wp-json\/wp\/v2\/media\/36317"}],"wp:attachment":[{"href":"https:\/\/metalco-mobiliar.cz\/en\/wp-json\/wp\/v2\/media?parent=3949"}],"wp:term":[{"taxonomy":"product_cat","embeddable":true,"href":"https:\/\/metalco-mobiliar.cz\/en\/wp-json\/wp\/v2\/product_cat?post=3949"},{"taxonomy":"product_tag","embeddable":true,"href":"https:\/\/metalco-mobiliar.cz\/en\/wp-json\/wp\/v2\/product_tag?post=3949"}],"curies":[{"name":"wp","href":"https:\/\/api.w.org\/{rel}","templated":true}]}}