{"id":3950,"date":"2013-07-02T15:57:58","date_gmt":"2013-07-02T13:57:58","guid":{"rendered":"http:\/\/metalco-mobiliar.cz\/news\/?post_type=product&#038;p=3950"},"modified":"2023-03-22T21:38:20","modified_gmt":"2023-03-22T20:38:20","slug":"explosion-bollard","status":"publish","type":"product","link":"https:\/\/metalco-mobiliar.cz\/en\/prodotti-en\/explosion-bollard\/","title":{"rendered":"EXPLOSION BOLLARD"},"content":{"rendered":"<p>Pedestrian bollard in square steel tube designed with diagonal openings in the base. An internal post in stainless steel or coated steel, is available. The internal post remains visible below the openings, offering multiple combinations of materials and colours, ad infinitum.<\/p>\n<p>POWDER COATED STEEL OR CORTEN STEEL OR STAINLESS STEEL<\/p>\n<p><strong>Dimensions and weight:<\/strong><br \/>\n70&#215;70 mm H 1000 mm (+200 mm)<br \/>\n9 | 12&nbsp;kg<br \/>\n90&#215;90 mm H 1000 mm (+200 mm)<br \/>\n10 | 15&nbsp;kg<\/p>\n<p>FIXINGS: PRE-DRILLED FOR ANCHORS OR BELOW GROUND INSTALLATION<\/p>\n","protected":false},"excerpt":{"rendered":"<p>Pedestrian bollard in square steel tube designed with diagonal openings in the base. An internal post in stainless steel or coated steel, is available. The internal post remains visible below the openings, offering multiple combinations of materials and colours, ad infinitum. POWDER COATED STEEL OR CORTEN STEEL OR STAINLESS STEEL Dimensions and weight: 70&#215;70 mm [&hellip;]<\/p>\n","protected":false},"featured_media":17861,"comment_status":"open","ping_status":"closed","template":"","meta":{"_acf_changed":false},"product_cat":[390],"product_tag":[],"class_list":{"0":"post-3950","1":"product","2":"type-product","3":"status-publish","4":"has-post-thumbnail","6":"product_cat-bollards-barriers","7":"pa_designers-raffaele-lazzari-en","8":"pa_material-corten-steel","9":"pa_material-powder-coated-steel","10":"pa_material-stainless-steel","11":"collezioni-stile-en","12":"catalogo-catalogue-stile-2025","14":"first","15":"instock","16":"shipping-taxable","17":"product-type-simple"},"acf":[],"yoast_head":"<!-- This site is optimized with the Yoast SEO plugin v23.2 - https:\/\/yoast.com\/wordpress\/plugins\/seo\/ -->\n<title>EXPLOSION BOLLARD - Metalco Mobiliar<\/title>\n<meta name=\"robots\" content=\"index, follow, max-snippet:-1, max-image-preview:large, max-video-preview:-1\" \/>\n<link rel=\"canonical\" href=\"https:\/\/metalco-mobiliar.cz\/en\/prodotti-en\/explosion-bollard\/\" \/>\n<meta property=\"og:locale\" content=\"en_US\" \/>\n<meta property=\"og:type\" content=\"article\" \/>\n<meta property=\"og:title\" content=\"EXPLOSION BOLLARD - Metalco Mobiliar\" \/>\n<meta property=\"og:description\" content=\"Pedestrian bollard in square steel tube designed with diagonal openings in the base. An internal post in stainless steel or coated steel, is available. The internal post remains visible below the openings, offering multiple combinations of materials and colours, ad infinitum. POWDER COATED STEEL OR CORTEN STEEL OR STAINLESS STEEL Dimensions and weight: 70&#215;70 mm [&hellip;]\" \/>\n<meta property=\"og:url\" content=\"https:\/\/metalco-mobiliar.cz\/en\/prodotti-en\/explosion-bollard\/\" \/>\n<meta property=\"og:site_name\" content=\"Metalco Mobiliar\" \/>\n<meta property=\"article:modified_time\" content=\"2023-03-22T20:38:20+00:00\" \/>\n<meta property=\"og:image\" content=\"https:\/\/metalco-mobiliar.cz\/news\/wp-content\/uploads\/2013\/07\/EXPLOSION_INOX.jpg\" \/>\n\t<meta property=\"og:image:width\" content=\"200\" \/>\n\t<meta property=\"og:image:height\" content=\"200\" \/>\n\t<meta property=\"og:image:type\" content=\"image\/jpeg\" \/>\n<script type=\"application\/ld+json\" class=\"yoast-schema-graph\">{\"@context\":\"https:\/\/schema.org\",\"@graph\":[{\"@type\":\"WebPage\",\"@id\":\"https:\/\/metalco-mobiliar.cz\/en\/prodotti-en\/explosion-bollard\/\",\"url\":\"https:\/\/metalco-mobiliar.cz\/en\/prodotti-en\/explosion-bollard\/\",\"name\":\"EXPLOSION BOLLARD - Metalco Mobiliar\",\"isPartOf\":{\"@id\":\"https:\/\/metalco-mobiliar.cz\/#website\"},\"primaryImageOfPage\":{\"@id\":\"https:\/\/metalco-mobiliar.cz\/en\/prodotti-en\/explosion-bollard\/#primaryimage\"},\"image\":{\"@id\":\"https:\/\/metalco-mobiliar.cz\/en\/prodotti-en\/explosion-bollard\/#primaryimage\"},\"thumbnailUrl\":\"https:\/\/metalco-mobiliar.cz\/news\/wp-content\/uploads\/2013\/07\/EXPLOSION_INOX.jpg\",\"datePublished\":\"2013-07-02T13:57:58+00:00\",\"dateModified\":\"2023-03-22T20:38:20+00:00\",\"breadcrumb\":{\"@id\":\"https:\/\/metalco-mobiliar.cz\/en\/prodotti-en\/explosion-bollard\/#breadcrumb\"},\"inLanguage\":\"en-US\",\"potentialAction\":[{\"@type\":\"ReadAction\",\"target\":[\"https:\/\/metalco-mobiliar.cz\/en\/prodotti-en\/explosion-bollard\/\"]}]},{\"@type\":\"ImageObject\",\"inLanguage\":\"en-US\",\"@id\":\"https:\/\/metalco-mobiliar.cz\/en\/prodotti-en\/explosion-bollard\/#primaryimage\",\"url\":\"https:\/\/metalco-mobiliar.cz\/news\/wp-content\/uploads\/2013\/07\/EXPLOSION_INOX.jpg\",\"contentUrl\":\"https:\/\/metalco-mobiliar.cz\/news\/wp-content\/uploads\/2013\/07\/EXPLOSION_INOX.jpg\",\"width\":200,\"height\":200},{\"@type\":\"BreadcrumbList\",\"@id\":\"https:\/\/metalco-mobiliar.cz\/en\/prodotti-en\/explosion-bollard\/#breadcrumb\",\"itemListElement\":[{\"@type\":\"ListItem\",\"position\":1,\"name\":\"Home\",\"item\":\"https:\/\/metalco-mobiliar.cz\/en\/\"},{\"@type\":\"ListItem\",\"position\":2,\"name\":\"EXPLOSION BOLLARD\"}]},{\"@type\":\"WebSite\",\"@id\":\"https:\/\/metalco-mobiliar.cz\/#website\",\"url\":\"https:\/\/metalco-mobiliar.cz\/\",\"name\":\"Metalco \u2013 m\u011bstsk\u00fd mobili\u00e1\u0159\",\"description\":\"M\u011bstsk\u00fd mobili\u00e1\u0159 Metalco\",\"potentialAction\":[{\"@type\":\"SearchAction\",\"target\":{\"@type\":\"EntryPoint\",\"urlTemplate\":\"https:\/\/metalco-mobiliar.cz\/?s={search_term_string}\"},\"query-input\":\"required name=search_term_string\"}],\"inLanguage\":\"en-US\"}]}<\/script>\n<!-- \/ Yoast SEO plugin. -->","yoast_head_json":{"title":"EXPLOSION BOLLARD - Metalco Mobiliar","robots":{"index":"index","follow":"follow","max-snippet":"max-snippet:-1","max-image-preview":"max-image-preview:large","max-video-preview":"max-video-preview:-1"},"canonical":"https:\/\/metalco-mobiliar.cz\/en\/prodotti-en\/explosion-bollard\/","og_locale":"en_US","og_type":"article","og_title":"EXPLOSION BOLLARD - Metalco Mobiliar","og_description":"Pedestrian bollard in square steel tube designed with diagonal openings in the base. An internal post in stainless steel or coated steel, is available. The internal post remains visible below the openings, offering multiple combinations of materials and colours, ad infinitum. POWDER COATED STEEL OR CORTEN STEEL OR STAINLESS STEEL Dimensions and weight: 70&#215;70 mm [&hellip;]","og_url":"https:\/\/metalco-mobiliar.cz\/en\/prodotti-en\/explosion-bollard\/","og_site_name":"Metalco Mobiliar","article_modified_time":"2023-03-22T20:38:20+00:00","og_image":[{"width":200,"height":200,"url":"https:\/\/metalco-mobiliar.cz\/news\/wp-content\/uploads\/2013\/07\/EXPLOSION_INOX.jpg","type":"image\/jpeg"}],"schema":{"@context":"https:\/\/schema.org","@graph":[{"@type":"WebPage","@id":"https:\/\/metalco-mobiliar.cz\/en\/prodotti-en\/explosion-bollard\/","url":"https:\/\/metalco-mobiliar.cz\/en\/prodotti-en\/explosion-bollard\/","name":"EXPLOSION BOLLARD - Metalco Mobiliar","isPartOf":{"@id":"https:\/\/metalco-mobiliar.cz\/#website"},"primaryImageOfPage":{"@id":"https:\/\/metalco-mobiliar.cz\/en\/prodotti-en\/explosion-bollard\/#primaryimage"},"image":{"@id":"https:\/\/metalco-mobiliar.cz\/en\/prodotti-en\/explosion-bollard\/#primaryimage"},"thumbnailUrl":"https:\/\/metalco-mobiliar.cz\/news\/wp-content\/uploads\/2013\/07\/EXPLOSION_INOX.jpg","datePublished":"2013-07-02T13:57:58+00:00","dateModified":"2023-03-22T20:38:20+00:00","breadcrumb":{"@id":"https:\/\/metalco-mobiliar.cz\/en\/prodotti-en\/explosion-bollard\/#breadcrumb"},"inLanguage":"en-US","potentialAction":[{"@type":"ReadAction","target":["https:\/\/metalco-mobiliar.cz\/en\/prodotti-en\/explosion-bollard\/"]}]},{"@type":"ImageObject","inLanguage":"en-US","@id":"https:\/\/metalco-mobiliar.cz\/en\/prodotti-en\/explosion-bollard\/#primaryimage","url":"https:\/\/metalco-mobiliar.cz\/news\/wp-content\/uploads\/2013\/07\/EXPLOSION_INOX.jpg","contentUrl":"https:\/\/metalco-mobiliar.cz\/news\/wp-content\/uploads\/2013\/07\/EXPLOSION_INOX.jpg","width":200,"height":200},{"@type":"BreadcrumbList","@id":"https:\/\/metalco-mobiliar.cz\/en\/prodotti-en\/explosion-bollard\/#breadcrumb","itemListElement":[{"@type":"ListItem","position":1,"name":"Home","item":"https:\/\/metalco-mobiliar.cz\/en\/"},{"@type":"ListItem","position":2,"name":"EXPLOSION BOLLARD"}]},{"@type":"WebSite","@id":"https:\/\/metalco-mobiliar.cz\/#website","url":"https:\/\/metalco-mobiliar.cz\/","name":"Metalco \u2013 m\u011bstsk\u00fd mobili\u00e1\u0159","description":"M\u011bstsk\u00fd mobili\u00e1\u0159 Metalco","potentialAction":[{"@type":"SearchAction","target":{"@type":"EntryPoint","urlTemplate":"https:\/\/metalco-mobiliar.cz\/?s={search_term_string}"},"query-input":"required name=search_term_string"}],"inLanguage":"en-US"}]}},"_links":{"self":[{"href":"https:\/\/metalco-mobiliar.cz\/en\/wp-json\/wp\/v2\/product\/3950"}],"collection":[{"href":"https:\/\/metalco-mobiliar.cz\/en\/wp-json\/wp\/v2\/product"}],"about":[{"href":"https:\/\/metalco-mobiliar.cz\/en\/wp-json\/wp\/v2\/types\/product"}],"replies":[{"embeddable":true,"href":"https:\/\/metalco-mobiliar.cz\/en\/wp-json\/wp\/v2\/comments?post=3950"}],"wp:featuredmedia":[{"embeddable":true,"href":"https:\/\/metalco-mobiliar.cz\/en\/wp-json\/wp\/v2\/media\/17861"}],"wp:attachment":[{"href":"https:\/\/metalco-mobiliar.cz\/en\/wp-json\/wp\/v2\/media?parent=3950"}],"wp:term":[{"taxonomy":"product_cat","embeddable":true,"href":"https:\/\/metalco-mobiliar.cz\/en\/wp-json\/wp\/v2\/product_cat?post=3950"},{"taxonomy":"product_tag","embeddable":true,"href":"https:\/\/metalco-mobiliar.cz\/en\/wp-json\/wp\/v2\/product_tag?post=3950"}],"curies":[{"name":"wp","href":"https:\/\/api.w.org\/{rel}","templated":true}]}}