{"id":3952,"date":"2013-07-02T15:54:46","date_gmt":"2013-07-02T13:54:46","guid":{"rendered":"http:\/\/metalco-mobiliar.cz\/news\/?post_type=product&#038;p=3952"},"modified":"2023-04-28T14:07:00","modified_gmt":"2023-04-28T12:07:00","slug":"diffusion-news-bollard","status":"publish","type":"product","link":"https:\/\/metalco-mobiliar.cz\/en\/prodotti-en\/diffusion-news-bollard\/","title":{"rendered":"DIFFUSION NEWS BOLLARD"},"content":{"rendered":"<p>Pedestrian bollard made by laser cutting steel tubes or profiles, round, square or rectangular section, reproducing writing or pictograms in contrast to the internal detail, in coated steel. Fixing is through the base plate or installed into concrete foundations with extensions.<\/p>\n<p>POWDER COATED STEEL OR STAINLESS STEEL<\/p>\n<p><strong>Dimensions and weight:<\/strong><br \/>\n\u00d8 102 mm H 1000 mm (+190 mm)<br \/>\n7,5&nbsp;kg<br \/>\n80&#215;80 mm H 1000 mm (+ 190 mm)<br \/>\n8,5&nbsp;kg<br \/>\n120&#215;60 mm H 1000 mm (+ 190 mm)<br \/>\n9,5&nbsp;kg<\/p>\n<p>FIXINGS: PRE-DRILLED FOR ANCHORS OR BELOW GROUND INSTALLATION<\/p>\n","protected":false},"excerpt":{"rendered":"<p>Pedestrian bollard made by laser cutting steel tubes or profiles, round, square or rectangular section, reproducing writing or pictograms in contrast to the internal detail, in coated steel. Fixing is through the base plate or installed into concrete foundations with extensions. POWDER COATED STEEL OR STAINLESS STEEL Dimensions and weight: \u00d8 102 mm H 1000 [&hellip;]<\/p>\n","protected":false},"featured_media":16252,"comment_status":"open","ping_status":"closed","template":"","meta":{"_acf_changed":false},"product_cat":[390],"product_tag":[],"class_list":{"0":"post-3952","1":"product","2":"type-product","3":"status-publish","4":"has-post-thumbnail","6":"product_cat-bollards-barriers","7":"pa_designers-metalco-department-en","8":"pa_material-powder-coated-steel","9":"pa_material-stainless-steel","10":"collezioni-stile-en","11":"catalogo-catalogue-stile-2025","13":"first","14":"instock","15":"shipping-taxable","16":"product-type-simple"},"acf":[],"yoast_head":"<!-- This site is optimized with the Yoast SEO plugin v23.2 - https:\/\/yoast.com\/wordpress\/plugins\/seo\/ -->\n<title>DIFFUSION NEWS BOLLARD - Metalco Mobiliar<\/title>\n<meta name=\"robots\" content=\"index, follow, max-snippet:-1, max-image-preview:large, max-video-preview:-1\" \/>\n<link rel=\"canonical\" href=\"https:\/\/metalco-mobiliar.cz\/en\/prodotti-en\/diffusion-news-bollard\/\" \/>\n<meta property=\"og:locale\" content=\"en_US\" \/>\n<meta property=\"og:type\" content=\"article\" \/>\n<meta property=\"og:title\" content=\"DIFFUSION NEWS BOLLARD - Metalco Mobiliar\" \/>\n<meta property=\"og:description\" content=\"Pedestrian bollard made by laser cutting steel tubes or profiles, round, square or rectangular section, reproducing writing or pictograms in contrast to the internal detail, in coated steel. Fixing is through the base plate or installed into concrete foundations with extensions. POWDER COATED STEEL OR STAINLESS STEEL Dimensions and weight: \u00d8 102 mm H 1000 [&hellip;]\" \/>\n<meta property=\"og:url\" content=\"https:\/\/metalco-mobiliar.cz\/en\/prodotti-en\/diffusion-news-bollard\/\" \/>\n<meta property=\"og:site_name\" content=\"Metalco Mobiliar\" \/>\n<meta property=\"article:modified_time\" content=\"2023-04-28T12:07:00+00:00\" \/>\n<meta property=\"og:image\" content=\"https:\/\/metalco-mobiliar.cz\/news\/wp-content\/uploads\/2013\/07\/DIFFUSION-NEWS.jpg\" \/>\n\t<meta property=\"og:image:width\" content=\"200\" \/>\n\t<meta property=\"og:image:height\" content=\"200\" \/>\n\t<meta property=\"og:image:type\" content=\"image\/jpeg\" \/>\n<script type=\"application\/ld+json\" class=\"yoast-schema-graph\">{\"@context\":\"https:\/\/schema.org\",\"@graph\":[{\"@type\":\"WebPage\",\"@id\":\"https:\/\/metalco-mobiliar.cz\/en\/prodotti-en\/diffusion-news-bollard\/\",\"url\":\"https:\/\/metalco-mobiliar.cz\/en\/prodotti-en\/diffusion-news-bollard\/\",\"name\":\"DIFFUSION NEWS BOLLARD - Metalco Mobiliar\",\"isPartOf\":{\"@id\":\"https:\/\/metalco-mobiliar.cz\/#website\"},\"primaryImageOfPage\":{\"@id\":\"https:\/\/metalco-mobiliar.cz\/en\/prodotti-en\/diffusion-news-bollard\/#primaryimage\"},\"image\":{\"@id\":\"https:\/\/metalco-mobiliar.cz\/en\/prodotti-en\/diffusion-news-bollard\/#primaryimage\"},\"thumbnailUrl\":\"https:\/\/metalco-mobiliar.cz\/news\/wp-content\/uploads\/2013\/07\/DIFFUSION-NEWS.jpg\",\"datePublished\":\"2013-07-02T13:54:46+00:00\",\"dateModified\":\"2023-04-28T12:07:00+00:00\",\"breadcrumb\":{\"@id\":\"https:\/\/metalco-mobiliar.cz\/en\/prodotti-en\/diffusion-news-bollard\/#breadcrumb\"},\"inLanguage\":\"en-US\",\"potentialAction\":[{\"@type\":\"ReadAction\",\"target\":[\"https:\/\/metalco-mobiliar.cz\/en\/prodotti-en\/diffusion-news-bollard\/\"]}]},{\"@type\":\"ImageObject\",\"inLanguage\":\"en-US\",\"@id\":\"https:\/\/metalco-mobiliar.cz\/en\/prodotti-en\/diffusion-news-bollard\/#primaryimage\",\"url\":\"https:\/\/metalco-mobiliar.cz\/news\/wp-content\/uploads\/2013\/07\/DIFFUSION-NEWS.jpg\",\"contentUrl\":\"https:\/\/metalco-mobiliar.cz\/news\/wp-content\/uploads\/2013\/07\/DIFFUSION-NEWS.jpg\",\"width\":200,\"height\":200},{\"@type\":\"BreadcrumbList\",\"@id\":\"https:\/\/metalco-mobiliar.cz\/en\/prodotti-en\/diffusion-news-bollard\/#breadcrumb\",\"itemListElement\":[{\"@type\":\"ListItem\",\"position\":1,\"name\":\"Home\",\"item\":\"https:\/\/metalco-mobiliar.cz\/en\/\"},{\"@type\":\"ListItem\",\"position\":2,\"name\":\"DIFFUSION NEWS BOLLARD\"}]},{\"@type\":\"WebSite\",\"@id\":\"https:\/\/metalco-mobiliar.cz\/#website\",\"url\":\"https:\/\/metalco-mobiliar.cz\/\",\"name\":\"Metalco \u2013 m\u011bstsk\u00fd mobili\u00e1\u0159\",\"description\":\"M\u011bstsk\u00fd mobili\u00e1\u0159 Metalco\",\"potentialAction\":[{\"@type\":\"SearchAction\",\"target\":{\"@type\":\"EntryPoint\",\"urlTemplate\":\"https:\/\/metalco-mobiliar.cz\/?s={search_term_string}\"},\"query-input\":\"required name=search_term_string\"}],\"inLanguage\":\"en-US\"}]}<\/script>\n<!-- \/ Yoast SEO plugin. -->","yoast_head_json":{"title":"DIFFUSION NEWS BOLLARD - Metalco Mobiliar","robots":{"index":"index","follow":"follow","max-snippet":"max-snippet:-1","max-image-preview":"max-image-preview:large","max-video-preview":"max-video-preview:-1"},"canonical":"https:\/\/metalco-mobiliar.cz\/en\/prodotti-en\/diffusion-news-bollard\/","og_locale":"en_US","og_type":"article","og_title":"DIFFUSION NEWS BOLLARD - Metalco Mobiliar","og_description":"Pedestrian bollard made by laser cutting steel tubes or profiles, round, square or rectangular section, reproducing writing or pictograms in contrast to the internal detail, in coated steel. Fixing is through the base plate or installed into concrete foundations with extensions. POWDER COATED STEEL OR STAINLESS STEEL Dimensions and weight: \u00d8 102 mm H 1000 [&hellip;]","og_url":"https:\/\/metalco-mobiliar.cz\/en\/prodotti-en\/diffusion-news-bollard\/","og_site_name":"Metalco Mobiliar","article_modified_time":"2023-04-28T12:07:00+00:00","og_image":[{"width":200,"height":200,"url":"https:\/\/metalco-mobiliar.cz\/news\/wp-content\/uploads\/2013\/07\/DIFFUSION-NEWS.jpg","type":"image\/jpeg"}],"schema":{"@context":"https:\/\/schema.org","@graph":[{"@type":"WebPage","@id":"https:\/\/metalco-mobiliar.cz\/en\/prodotti-en\/diffusion-news-bollard\/","url":"https:\/\/metalco-mobiliar.cz\/en\/prodotti-en\/diffusion-news-bollard\/","name":"DIFFUSION NEWS BOLLARD - Metalco Mobiliar","isPartOf":{"@id":"https:\/\/metalco-mobiliar.cz\/#website"},"primaryImageOfPage":{"@id":"https:\/\/metalco-mobiliar.cz\/en\/prodotti-en\/diffusion-news-bollard\/#primaryimage"},"image":{"@id":"https:\/\/metalco-mobiliar.cz\/en\/prodotti-en\/diffusion-news-bollard\/#primaryimage"},"thumbnailUrl":"https:\/\/metalco-mobiliar.cz\/news\/wp-content\/uploads\/2013\/07\/DIFFUSION-NEWS.jpg","datePublished":"2013-07-02T13:54:46+00:00","dateModified":"2023-04-28T12:07:00+00:00","breadcrumb":{"@id":"https:\/\/metalco-mobiliar.cz\/en\/prodotti-en\/diffusion-news-bollard\/#breadcrumb"},"inLanguage":"en-US","potentialAction":[{"@type":"ReadAction","target":["https:\/\/metalco-mobiliar.cz\/en\/prodotti-en\/diffusion-news-bollard\/"]}]},{"@type":"ImageObject","inLanguage":"en-US","@id":"https:\/\/metalco-mobiliar.cz\/en\/prodotti-en\/diffusion-news-bollard\/#primaryimage","url":"https:\/\/metalco-mobiliar.cz\/news\/wp-content\/uploads\/2013\/07\/DIFFUSION-NEWS.jpg","contentUrl":"https:\/\/metalco-mobiliar.cz\/news\/wp-content\/uploads\/2013\/07\/DIFFUSION-NEWS.jpg","width":200,"height":200},{"@type":"BreadcrumbList","@id":"https:\/\/metalco-mobiliar.cz\/en\/prodotti-en\/diffusion-news-bollard\/#breadcrumb","itemListElement":[{"@type":"ListItem","position":1,"name":"Home","item":"https:\/\/metalco-mobiliar.cz\/en\/"},{"@type":"ListItem","position":2,"name":"DIFFUSION NEWS BOLLARD"}]},{"@type":"WebSite","@id":"https:\/\/metalco-mobiliar.cz\/#website","url":"https:\/\/metalco-mobiliar.cz\/","name":"Metalco \u2013 m\u011bstsk\u00fd mobili\u00e1\u0159","description":"M\u011bstsk\u00fd mobili\u00e1\u0159 Metalco","potentialAction":[{"@type":"SearchAction","target":{"@type":"EntryPoint","urlTemplate":"https:\/\/metalco-mobiliar.cz\/?s={search_term_string}"},"query-input":"required name=search_term_string"}],"inLanguage":"en-US"}]}},"_links":{"self":[{"href":"https:\/\/metalco-mobiliar.cz\/en\/wp-json\/wp\/v2\/product\/3952"}],"collection":[{"href":"https:\/\/metalco-mobiliar.cz\/en\/wp-json\/wp\/v2\/product"}],"about":[{"href":"https:\/\/metalco-mobiliar.cz\/en\/wp-json\/wp\/v2\/types\/product"}],"replies":[{"embeddable":true,"href":"https:\/\/metalco-mobiliar.cz\/en\/wp-json\/wp\/v2\/comments?post=3952"}],"wp:featuredmedia":[{"embeddable":true,"href":"https:\/\/metalco-mobiliar.cz\/en\/wp-json\/wp\/v2\/media\/16252"}],"wp:attachment":[{"href":"https:\/\/metalco-mobiliar.cz\/en\/wp-json\/wp\/v2\/media?parent=3952"}],"wp:term":[{"taxonomy":"product_cat","embeddable":true,"href":"https:\/\/metalco-mobiliar.cz\/en\/wp-json\/wp\/v2\/product_cat?post=3952"},{"taxonomy":"product_tag","embeddable":true,"href":"https:\/\/metalco-mobiliar.cz\/en\/wp-json\/wp\/v2\/product_tag?post=3952"}],"curies":[{"name":"wp","href":"https:\/\/api.w.org\/{rel}","templated":true}]}}