{"id":3963,"date":"2013-07-02T14:14:19","date_gmt":"2013-07-02T12:14:19","guid":{"rendered":"http:\/\/metalco-mobiliar.cz\/news\/?post_type=product&#038;p=3963"},"modified":"2023-01-18T11:09:48","modified_gmt":"2023-01-18T10:09:48","slug":"cyclus-bollard-bike-rack","status":"publish","type":"product","link":"https:\/\/metalco-mobiliar.cz\/en\/prodotti-en\/cyclus-bollard-bike-rack\/","title":{"rendered":"CYCLUS BOLLARD \/ BIKE RACK"},"content":{"rendered":"<p>Bike rack and\/or pedestrian bollard made entirely of cast aluminium and made up of a central post and two half-rings fixed with stainless steel anti-theft screws. Ground fixing is either through concreting-in the internal steel post, fixed sideways to the structure with stainless steel anti-theft screws, or with hidden bolts through a base plate.<\/p>\n<p>POWDER COATED ALUMINUM<\/p>\n<p><strong>Dimensions and weight:<\/strong><br \/>\n583&#215;60 mm H 950 mm (+ 150 mm) 10&nbsp;kg<\/p>\n<p>FIXINGS:\u00a0PRE-DRILLED FOR ANCHORS OR BELOW GROUND INSTALLATION<\/p>\n","protected":false},"excerpt":{"rendered":"<p>Bike rack and\/or pedestrian bollard made entirely of cast aluminium and made up of a central post and two half-rings fixed with stainless steel anti-theft screws. Ground fixing is either through concreting-in the internal steel post, fixed sideways to the structure with stainless steel anti-theft screws, or with hidden bolts through a base plate. POWDER [&hellip;]<\/p>\n","protected":false},"featured_media":17540,"comment_status":"open","ping_status":"closed","template":"","meta":{"_acf_changed":false},"product_cat":[390,346],"product_tag":[],"class_list":{"0":"post-3963","1":"product","2":"type-product","3":"status-publish","4":"has-post-thumbnail","6":"product_cat-bollards-barriers","7":"product_cat-bike-racks","8":"pa_designers-antonio-citterio-en","9":"pa_designers-toan-nguyen-en","10":"pa_material-powder-coated-aluminum","11":"collezioni-stile-en","12":"catalogo-catalogue-stile-2025","14":"first","15":"instock","16":"shipping-taxable","17":"product-type-simple"},"acf":[],"yoast_head":"<!-- This site is optimized with the Yoast SEO plugin v23.2 - https:\/\/yoast.com\/wordpress\/plugins\/seo\/ -->\n<title>CYCLUS BOLLARD \/ BIKE RACK - Metalco Mobiliar<\/title>\n<meta name=\"robots\" content=\"index, follow, max-snippet:-1, max-image-preview:large, max-video-preview:-1\" \/>\n<link rel=\"canonical\" href=\"https:\/\/metalco-mobiliar.cz\/en\/prodotti-en\/cyclus-bollard-bike-rack\/\" \/>\n<meta property=\"og:locale\" content=\"en_US\" \/>\n<meta property=\"og:type\" content=\"article\" \/>\n<meta property=\"og:title\" content=\"CYCLUS BOLLARD \/ BIKE RACK - Metalco Mobiliar\" \/>\n<meta property=\"og:description\" content=\"Bike rack and\/or pedestrian bollard made entirely of cast aluminium and made up of a central post and two half-rings fixed with stainless steel anti-theft screws. Ground fixing is either through concreting-in the internal steel post, fixed sideways to the structure with stainless steel anti-theft screws, or with hidden bolts through a base plate. POWDER [&hellip;]\" \/>\n<meta property=\"og:url\" content=\"https:\/\/metalco-mobiliar.cz\/en\/prodotti-en\/cyclus-bollard-bike-rack\/\" \/>\n<meta property=\"og:site_name\" content=\"Metalco Mobiliar\" \/>\n<meta property=\"article:modified_time\" content=\"2023-01-18T10:09:48+00:00\" \/>\n<meta property=\"og:image\" content=\"https:\/\/metalco-mobiliar.cz\/news\/wp-content\/uploads\/2013\/07\/CYCLUS.jpg\" \/>\n\t<meta property=\"og:image:width\" content=\"200\" \/>\n\t<meta property=\"og:image:height\" content=\"200\" \/>\n\t<meta property=\"og:image:type\" content=\"image\/jpeg\" \/>\n<script type=\"application\/ld+json\" class=\"yoast-schema-graph\">{\"@context\":\"https:\/\/schema.org\",\"@graph\":[{\"@type\":\"WebPage\",\"@id\":\"https:\/\/metalco-mobiliar.cz\/en\/prodotti-en\/cyclus-bollard-bike-rack\/\",\"url\":\"https:\/\/metalco-mobiliar.cz\/en\/prodotti-en\/cyclus-bollard-bike-rack\/\",\"name\":\"CYCLUS BOLLARD \/ BIKE RACK - Metalco Mobiliar\",\"isPartOf\":{\"@id\":\"https:\/\/metalco-mobiliar.cz\/#website\"},\"primaryImageOfPage\":{\"@id\":\"https:\/\/metalco-mobiliar.cz\/en\/prodotti-en\/cyclus-bollard-bike-rack\/#primaryimage\"},\"image\":{\"@id\":\"https:\/\/metalco-mobiliar.cz\/en\/prodotti-en\/cyclus-bollard-bike-rack\/#primaryimage\"},\"thumbnailUrl\":\"https:\/\/metalco-mobiliar.cz\/news\/wp-content\/uploads\/2013\/07\/CYCLUS.jpg\",\"datePublished\":\"2013-07-02T12:14:19+00:00\",\"dateModified\":\"2023-01-18T10:09:48+00:00\",\"breadcrumb\":{\"@id\":\"https:\/\/metalco-mobiliar.cz\/en\/prodotti-en\/cyclus-bollard-bike-rack\/#breadcrumb\"},\"inLanguage\":\"en-US\",\"potentialAction\":[{\"@type\":\"ReadAction\",\"target\":[\"https:\/\/metalco-mobiliar.cz\/en\/prodotti-en\/cyclus-bollard-bike-rack\/\"]}]},{\"@type\":\"ImageObject\",\"inLanguage\":\"en-US\",\"@id\":\"https:\/\/metalco-mobiliar.cz\/en\/prodotti-en\/cyclus-bollard-bike-rack\/#primaryimage\",\"url\":\"https:\/\/metalco-mobiliar.cz\/news\/wp-content\/uploads\/2013\/07\/CYCLUS.jpg\",\"contentUrl\":\"https:\/\/metalco-mobiliar.cz\/news\/wp-content\/uploads\/2013\/07\/CYCLUS.jpg\",\"width\":200,\"height\":200},{\"@type\":\"BreadcrumbList\",\"@id\":\"https:\/\/metalco-mobiliar.cz\/en\/prodotti-en\/cyclus-bollard-bike-rack\/#breadcrumb\",\"itemListElement\":[{\"@type\":\"ListItem\",\"position\":1,\"name\":\"Home\",\"item\":\"https:\/\/metalco-mobiliar.cz\/en\/\"},{\"@type\":\"ListItem\",\"position\":2,\"name\":\"CYCLUS BOLLARD \/ BIKE RACK\"}]},{\"@type\":\"WebSite\",\"@id\":\"https:\/\/metalco-mobiliar.cz\/#website\",\"url\":\"https:\/\/metalco-mobiliar.cz\/\",\"name\":\"Metalco \u2013 m\u011bstsk\u00fd mobili\u00e1\u0159\",\"description\":\"M\u011bstsk\u00fd mobili\u00e1\u0159 Metalco\",\"potentialAction\":[{\"@type\":\"SearchAction\",\"target\":{\"@type\":\"EntryPoint\",\"urlTemplate\":\"https:\/\/metalco-mobiliar.cz\/?s={search_term_string}\"},\"query-input\":\"required name=search_term_string\"}],\"inLanguage\":\"en-US\"}]}<\/script>\n<!-- \/ Yoast SEO plugin. -->","yoast_head_json":{"title":"CYCLUS BOLLARD \/ BIKE RACK - Metalco Mobiliar","robots":{"index":"index","follow":"follow","max-snippet":"max-snippet:-1","max-image-preview":"max-image-preview:large","max-video-preview":"max-video-preview:-1"},"canonical":"https:\/\/metalco-mobiliar.cz\/en\/prodotti-en\/cyclus-bollard-bike-rack\/","og_locale":"en_US","og_type":"article","og_title":"CYCLUS BOLLARD \/ BIKE RACK - Metalco Mobiliar","og_description":"Bike rack and\/or pedestrian bollard made entirely of cast aluminium and made up of a central post and two half-rings fixed with stainless steel anti-theft screws. Ground fixing is either through concreting-in the internal steel post, fixed sideways to the structure with stainless steel anti-theft screws, or with hidden bolts through a base plate. POWDER [&hellip;]","og_url":"https:\/\/metalco-mobiliar.cz\/en\/prodotti-en\/cyclus-bollard-bike-rack\/","og_site_name":"Metalco Mobiliar","article_modified_time":"2023-01-18T10:09:48+00:00","og_image":[{"width":200,"height":200,"url":"https:\/\/metalco-mobiliar.cz\/news\/wp-content\/uploads\/2013\/07\/CYCLUS.jpg","type":"image\/jpeg"}],"schema":{"@context":"https:\/\/schema.org","@graph":[{"@type":"WebPage","@id":"https:\/\/metalco-mobiliar.cz\/en\/prodotti-en\/cyclus-bollard-bike-rack\/","url":"https:\/\/metalco-mobiliar.cz\/en\/prodotti-en\/cyclus-bollard-bike-rack\/","name":"CYCLUS BOLLARD \/ BIKE RACK - Metalco Mobiliar","isPartOf":{"@id":"https:\/\/metalco-mobiliar.cz\/#website"},"primaryImageOfPage":{"@id":"https:\/\/metalco-mobiliar.cz\/en\/prodotti-en\/cyclus-bollard-bike-rack\/#primaryimage"},"image":{"@id":"https:\/\/metalco-mobiliar.cz\/en\/prodotti-en\/cyclus-bollard-bike-rack\/#primaryimage"},"thumbnailUrl":"https:\/\/metalco-mobiliar.cz\/news\/wp-content\/uploads\/2013\/07\/CYCLUS.jpg","datePublished":"2013-07-02T12:14:19+00:00","dateModified":"2023-01-18T10:09:48+00:00","breadcrumb":{"@id":"https:\/\/metalco-mobiliar.cz\/en\/prodotti-en\/cyclus-bollard-bike-rack\/#breadcrumb"},"inLanguage":"en-US","potentialAction":[{"@type":"ReadAction","target":["https:\/\/metalco-mobiliar.cz\/en\/prodotti-en\/cyclus-bollard-bike-rack\/"]}]},{"@type":"ImageObject","inLanguage":"en-US","@id":"https:\/\/metalco-mobiliar.cz\/en\/prodotti-en\/cyclus-bollard-bike-rack\/#primaryimage","url":"https:\/\/metalco-mobiliar.cz\/news\/wp-content\/uploads\/2013\/07\/CYCLUS.jpg","contentUrl":"https:\/\/metalco-mobiliar.cz\/news\/wp-content\/uploads\/2013\/07\/CYCLUS.jpg","width":200,"height":200},{"@type":"BreadcrumbList","@id":"https:\/\/metalco-mobiliar.cz\/en\/prodotti-en\/cyclus-bollard-bike-rack\/#breadcrumb","itemListElement":[{"@type":"ListItem","position":1,"name":"Home","item":"https:\/\/metalco-mobiliar.cz\/en\/"},{"@type":"ListItem","position":2,"name":"CYCLUS BOLLARD \/ BIKE RACK"}]},{"@type":"WebSite","@id":"https:\/\/metalco-mobiliar.cz\/#website","url":"https:\/\/metalco-mobiliar.cz\/","name":"Metalco \u2013 m\u011bstsk\u00fd mobili\u00e1\u0159","description":"M\u011bstsk\u00fd mobili\u00e1\u0159 Metalco","potentialAction":[{"@type":"SearchAction","target":{"@type":"EntryPoint","urlTemplate":"https:\/\/metalco-mobiliar.cz\/?s={search_term_string}"},"query-input":"required name=search_term_string"}],"inLanguage":"en-US"}]}},"_links":{"self":[{"href":"https:\/\/metalco-mobiliar.cz\/en\/wp-json\/wp\/v2\/product\/3963"}],"collection":[{"href":"https:\/\/metalco-mobiliar.cz\/en\/wp-json\/wp\/v2\/product"}],"about":[{"href":"https:\/\/metalco-mobiliar.cz\/en\/wp-json\/wp\/v2\/types\/product"}],"replies":[{"embeddable":true,"href":"https:\/\/metalco-mobiliar.cz\/en\/wp-json\/wp\/v2\/comments?post=3963"}],"wp:featuredmedia":[{"embeddable":true,"href":"https:\/\/metalco-mobiliar.cz\/en\/wp-json\/wp\/v2\/media\/17540"}],"wp:attachment":[{"href":"https:\/\/metalco-mobiliar.cz\/en\/wp-json\/wp\/v2\/media?parent=3963"}],"wp:term":[{"taxonomy":"product_cat","embeddable":true,"href":"https:\/\/metalco-mobiliar.cz\/en\/wp-json\/wp\/v2\/product_cat?post=3963"},{"taxonomy":"product_tag","embeddable":true,"href":"https:\/\/metalco-mobiliar.cz\/en\/wp-json\/wp\/v2\/product_tag?post=3963"}],"curies":[{"name":"wp","href":"https:\/\/api.w.org\/{rel}","templated":true}]}}