{"id":3985,"date":"2013-07-02T09:06:30","date_gmt":"2013-07-02T07:06:30","guid":{"rendered":"http:\/\/metalco-mobiliar.cz\/news\/?post_type=product&#038;p=3985"},"modified":"2023-06-20T12:58:47","modified_gmt":"2023-06-20T10:58:47","slug":"box-wood-iron-line-litter-bin","status":"publish","type":"product","link":"https:\/\/metalco-mobiliar.cz\/en\/prodotti-en\/box-wood-iron-line-litter-bin\/","title":{"rendered":"BOX WOOD \u2013 IRON \u2013 LINE LITTER BIN"},"content":{"rendered":"<p>BOX WOOD<\/p>\n<p>Collection of rectangular litter bins composed of a thick steel sheet supporting structure and two specular panels of which one is fixed and one which opens. Both panels are made of steel tubes covered with vertical slats in Ipe wood. The structure is equipped with a snap lock with steel blade. The litter bin is equipped with bag holder ring and rain cover. Three sizes are available.<br \/>\n<strong>Dimensions and weight:<\/strong><br \/>\n393x255x780 mm 37&nbsp;kg<br \/>\n393x400x1005 mm 68&nbsp;kg<br \/>\n517x400x1005 mm 75&nbsp;kg<\/p>\n<p>BOX IRON<\/p>\n<p>Collection of rectangular litter bins composed of a thick steel sheet supporting structure and two specular panels of which one is fixed and one which opens. Both panels are made of steel sheet decorated with circular holes. The structure is equipped with a snap lock with steel blade. The litter bin is equipped with bag holder ring and rain cover. Three sizes are available.<br \/>\n<strong>Dimensions and weight:<br \/>\n<\/strong>393x255x780 mm 29&nbsp;kg<br \/>\n393x400x1005 mm 70&nbsp;kg<br \/>\n517x400x1005 mm 78&nbsp;kg<\/p>\n<p>BOX LINE<\/p>\n<p>Collection of rectangular litter bins composed of a thick steel sheet supporting structure and two specular panels of which one is fixed and one which opens. Both panels are made of vertical steel rods. The structure is equipped with a snap lock with steel blade. The litter bin is equipped with bag holder ring and rain cover. Three sizes are available.<br \/>\n<strong>Dimensions and weight:<\/strong><br \/>\n393x255x780 mm 30&nbsp;kg<br \/>\n393x400x1005 mm 72&nbsp;kg<br \/>\n517x400x1005 mm 85&nbsp;kg<\/p>\n<p><strong>Capacity<\/strong>: 55 lt 110 lt 150 lt<\/p>\n<p><strong>Fixing:<\/strong> Pre-drilled for anchors | On the wall<\/p>\n<p><strong>Accessories:<\/strong> Ashtray Fuma<\/p>\n","protected":false},"excerpt":{"rendered":"<p>BOX WOOD Collection of rectangular litter bins composed of a thick steel sheet supporting structure and two specular panels of which one is fixed and one which opens. Both panels are made of steel tubes covered with vertical slats in Ipe wood. The structure is equipped with a snap lock with steel blade. The litter [&hellip;]<\/p>\n","protected":false},"featured_media":16813,"comment_status":"open","ping_status":"closed","template":"","meta":{"_acf_changed":false},"product_cat":[698,388],"product_tag":[557],"class_list":{"0":"post-3985","1":"product","2":"type-product","3":"status-publish","4":"has-post-thumbnail","6":"product_cat-cestini-en","7":"product_cat-litter-bins","8":"product_tag-litter-bin-with-hood","9":"pa_designers-staubach-kuckertz-2","10":"pa_material-powder-coated-steel","11":"pa_material-wood","12":"collezioni-stile-en","13":"catalogo-catalogue-stile-2025","15":"first","16":"instock","17":"shipping-taxable","18":"product-type-simple"},"acf":[],"yoast_head":"<!-- This site is optimized with the Yoast SEO plugin v23.2 - https:\/\/yoast.com\/wordpress\/plugins\/seo\/ -->\n<title>Box wood, iron, line cestini per esterni - Metalco<\/title>\n<meta name=\"robots\" content=\"index, follow, max-snippet:-1, max-image-preview:large, max-video-preview:-1\" \/>\n<link rel=\"canonical\" href=\"https:\/\/metalco-mobiliar.cz\/en\/prodotti-en\/box-wood-iron-line-litter-bin\/\" \/>\n<meta property=\"og:locale\" content=\"en_US\" \/>\n<meta property=\"og:type\" content=\"article\" \/>\n<meta property=\"og:title\" content=\"Box wood, iron, line cestini per esterni - Metalco\" \/>\n<meta property=\"og:description\" content=\"BOX WOOD Collection of rectangular litter bins composed of a thick steel sheet supporting structure and two specular panels of which one is fixed and one which opens. Both panels are made of steel tubes covered with vertical slats in Ipe wood. The structure is equipped with a snap lock with steel blade. The litter [&hellip;]\" \/>\n<meta property=\"og:url\" content=\"https:\/\/metalco-mobiliar.cz\/en\/prodotti-en\/box-wood-iron-line-litter-bin\/\" \/>\n<meta property=\"og:site_name\" content=\"Metalco Mobiliar\" \/>\n<meta property=\"article:modified_time\" content=\"2023-06-20T10:58:47+00:00\" \/>\n<meta property=\"og:image\" content=\"https:\/\/metalco-mobiliar.cz\/news\/wp-content\/uploads\/2013\/07\/BOX-LAMIERA-FORATA.jpg\" \/>\n\t<meta property=\"og:image:width\" content=\"200\" \/>\n\t<meta property=\"og:image:height\" content=\"200\" \/>\n\t<meta property=\"og:image:type\" content=\"image\/jpeg\" \/>\n<meta name=\"twitter:label1\" content=\"Est. reading time\" \/>\n\t<meta name=\"twitter:data1\" content=\"1 minute\" \/>\n<script type=\"application\/ld+json\" class=\"yoast-schema-graph\">{\"@context\":\"https:\/\/schema.org\",\"@graph\":[{\"@type\":\"WebPage\",\"@id\":\"https:\/\/metalco-mobiliar.cz\/en\/prodotti-en\/box-wood-iron-line-litter-bin\/\",\"url\":\"https:\/\/metalco-mobiliar.cz\/en\/prodotti-en\/box-wood-iron-line-litter-bin\/\",\"name\":\"Box wood, iron, line cestini per esterni - Metalco\",\"isPartOf\":{\"@id\":\"https:\/\/metalco-mobiliar.cz\/#website\"},\"primaryImageOfPage\":{\"@id\":\"https:\/\/metalco-mobiliar.cz\/en\/prodotti-en\/box-wood-iron-line-litter-bin\/#primaryimage\"},\"image\":{\"@id\":\"https:\/\/metalco-mobiliar.cz\/en\/prodotti-en\/box-wood-iron-line-litter-bin\/#primaryimage\"},\"thumbnailUrl\":\"https:\/\/metalco-mobiliar.cz\/news\/wp-content\/uploads\/2013\/07\/BOX-LAMIERA-FORATA.jpg\",\"datePublished\":\"2013-07-02T07:06:30+00:00\",\"dateModified\":\"2023-06-20T10:58:47+00:00\",\"breadcrumb\":{\"@id\":\"https:\/\/metalco-mobiliar.cz\/en\/prodotti-en\/box-wood-iron-line-litter-bin\/#breadcrumb\"},\"inLanguage\":\"en-US\",\"potentialAction\":[{\"@type\":\"ReadAction\",\"target\":[\"https:\/\/metalco-mobiliar.cz\/en\/prodotti-en\/box-wood-iron-line-litter-bin\/\"]}]},{\"@type\":\"ImageObject\",\"inLanguage\":\"en-US\",\"@id\":\"https:\/\/metalco-mobiliar.cz\/en\/prodotti-en\/box-wood-iron-line-litter-bin\/#primaryimage\",\"url\":\"https:\/\/metalco-mobiliar.cz\/news\/wp-content\/uploads\/2013\/07\/BOX-LAMIERA-FORATA.jpg\",\"contentUrl\":\"https:\/\/metalco-mobiliar.cz\/news\/wp-content\/uploads\/2013\/07\/BOX-LAMIERA-FORATA.jpg\",\"width\":200,\"height\":200},{\"@type\":\"BreadcrumbList\",\"@id\":\"https:\/\/metalco-mobiliar.cz\/en\/prodotti-en\/box-wood-iron-line-litter-bin\/#breadcrumb\",\"itemListElement\":[{\"@type\":\"ListItem\",\"position\":1,\"name\":\"Home\",\"item\":\"https:\/\/metalco-mobiliar.cz\/en\/\"},{\"@type\":\"ListItem\",\"position\":2,\"name\":\"BOX WOOD \u2013 IRON \u2013 LINE LITTER BIN\"}]},{\"@type\":\"WebSite\",\"@id\":\"https:\/\/metalco-mobiliar.cz\/#website\",\"url\":\"https:\/\/metalco-mobiliar.cz\/\",\"name\":\"Metalco \u2013 m\u011bstsk\u00fd mobili\u00e1\u0159\",\"description\":\"M\u011bstsk\u00fd mobili\u00e1\u0159 Metalco\",\"potentialAction\":[{\"@type\":\"SearchAction\",\"target\":{\"@type\":\"EntryPoint\",\"urlTemplate\":\"https:\/\/metalco-mobiliar.cz\/?s={search_term_string}\"},\"query-input\":\"required name=search_term_string\"}],\"inLanguage\":\"en-US\"}]}<\/script>\n<!-- \/ Yoast SEO plugin. -->","yoast_head_json":{"title":"Box wood, iron, line cestini per esterni - Metalco","robots":{"index":"index","follow":"follow","max-snippet":"max-snippet:-1","max-image-preview":"max-image-preview:large","max-video-preview":"max-video-preview:-1"},"canonical":"https:\/\/metalco-mobiliar.cz\/en\/prodotti-en\/box-wood-iron-line-litter-bin\/","og_locale":"en_US","og_type":"article","og_title":"Box wood, iron, line cestini per esterni - Metalco","og_description":"BOX WOOD Collection of rectangular litter bins composed of a thick steel sheet supporting structure and two specular panels of which one is fixed and one which opens. Both panels are made of steel tubes covered with vertical slats in Ipe wood. The structure is equipped with a snap lock with steel blade. The litter [&hellip;]","og_url":"https:\/\/metalco-mobiliar.cz\/en\/prodotti-en\/box-wood-iron-line-litter-bin\/","og_site_name":"Metalco Mobiliar","article_modified_time":"2023-06-20T10:58:47+00:00","og_image":[{"width":200,"height":200,"url":"https:\/\/metalco-mobiliar.cz\/news\/wp-content\/uploads\/2013\/07\/BOX-LAMIERA-FORATA.jpg","type":"image\/jpeg"}],"twitter_misc":{"Est. reading time":"1 minute"},"schema":{"@context":"https:\/\/schema.org","@graph":[{"@type":"WebPage","@id":"https:\/\/metalco-mobiliar.cz\/en\/prodotti-en\/box-wood-iron-line-litter-bin\/","url":"https:\/\/metalco-mobiliar.cz\/en\/prodotti-en\/box-wood-iron-line-litter-bin\/","name":"Box wood, iron, line cestini per esterni - Metalco","isPartOf":{"@id":"https:\/\/metalco-mobiliar.cz\/#website"},"primaryImageOfPage":{"@id":"https:\/\/metalco-mobiliar.cz\/en\/prodotti-en\/box-wood-iron-line-litter-bin\/#primaryimage"},"image":{"@id":"https:\/\/metalco-mobiliar.cz\/en\/prodotti-en\/box-wood-iron-line-litter-bin\/#primaryimage"},"thumbnailUrl":"https:\/\/metalco-mobiliar.cz\/news\/wp-content\/uploads\/2013\/07\/BOX-LAMIERA-FORATA.jpg","datePublished":"2013-07-02T07:06:30+00:00","dateModified":"2023-06-20T10:58:47+00:00","breadcrumb":{"@id":"https:\/\/metalco-mobiliar.cz\/en\/prodotti-en\/box-wood-iron-line-litter-bin\/#breadcrumb"},"inLanguage":"en-US","potentialAction":[{"@type":"ReadAction","target":["https:\/\/metalco-mobiliar.cz\/en\/prodotti-en\/box-wood-iron-line-litter-bin\/"]}]},{"@type":"ImageObject","inLanguage":"en-US","@id":"https:\/\/metalco-mobiliar.cz\/en\/prodotti-en\/box-wood-iron-line-litter-bin\/#primaryimage","url":"https:\/\/metalco-mobiliar.cz\/news\/wp-content\/uploads\/2013\/07\/BOX-LAMIERA-FORATA.jpg","contentUrl":"https:\/\/metalco-mobiliar.cz\/news\/wp-content\/uploads\/2013\/07\/BOX-LAMIERA-FORATA.jpg","width":200,"height":200},{"@type":"BreadcrumbList","@id":"https:\/\/metalco-mobiliar.cz\/en\/prodotti-en\/box-wood-iron-line-litter-bin\/#breadcrumb","itemListElement":[{"@type":"ListItem","position":1,"name":"Home","item":"https:\/\/metalco-mobiliar.cz\/en\/"},{"@type":"ListItem","position":2,"name":"BOX WOOD \u2013 IRON \u2013 LINE LITTER BIN"}]},{"@type":"WebSite","@id":"https:\/\/metalco-mobiliar.cz\/#website","url":"https:\/\/metalco-mobiliar.cz\/","name":"Metalco \u2013 m\u011bstsk\u00fd mobili\u00e1\u0159","description":"M\u011bstsk\u00fd mobili\u00e1\u0159 Metalco","potentialAction":[{"@type":"SearchAction","target":{"@type":"EntryPoint","urlTemplate":"https:\/\/metalco-mobiliar.cz\/?s={search_term_string}"},"query-input":"required name=search_term_string"}],"inLanguage":"en-US"}]}},"_links":{"self":[{"href":"https:\/\/metalco-mobiliar.cz\/en\/wp-json\/wp\/v2\/product\/3985"}],"collection":[{"href":"https:\/\/metalco-mobiliar.cz\/en\/wp-json\/wp\/v2\/product"}],"about":[{"href":"https:\/\/metalco-mobiliar.cz\/en\/wp-json\/wp\/v2\/types\/product"}],"replies":[{"embeddable":true,"href":"https:\/\/metalco-mobiliar.cz\/en\/wp-json\/wp\/v2\/comments?post=3985"}],"wp:featuredmedia":[{"embeddable":true,"href":"https:\/\/metalco-mobiliar.cz\/en\/wp-json\/wp\/v2\/media\/16813"}],"wp:attachment":[{"href":"https:\/\/metalco-mobiliar.cz\/en\/wp-json\/wp\/v2\/media?parent=3985"}],"wp:term":[{"taxonomy":"product_cat","embeddable":true,"href":"https:\/\/metalco-mobiliar.cz\/en\/wp-json\/wp\/v2\/product_cat?post=3985"},{"taxonomy":"product_tag","embeddable":true,"href":"https:\/\/metalco-mobiliar.cz\/en\/wp-json\/wp\/v2\/product_tag?post=3985"}],"curies":[{"name":"wp","href":"https:\/\/api.w.org\/{rel}","templated":true}]}}